{"id":113,"date":"2020-10-08T00:12:24","date_gmt":"2020-10-08T00:12:24","guid":{"rendered":"https:\/\/espenlaub-shop.de\/?post_type=product&#038;p=113"},"modified":"2021-09-10T08:18:43","modified_gmt":"2021-09-10T08:18:43","slug":"jo-broesele-indem-ich-mich-unterhalte-unterhalte-ich-die-anderen","status":"publish","type":"product","link":"https:\/\/espenlaub-shop.de\/index.php\/product\/jo-broesele-indem-ich-mich-unterhalte-unterhalte-ich-die-anderen\/","title":{"rendered":"Jo Br\u00f6sele &#8211; Indem ich mich unterhalte, unterhalte ich die anderen!"},"content":{"rendered":"<p>Auf seinen Streifz\u00fcgen, in Ulm, um Ulm und um Ulm herum, hat Jo Br\u00f6sele interessantes erlebt und dabei viele Lieder geschrieben. Vieles davon findet ihr in diesem Buch. Das Buch ist zweisprachig, schw\u00e4bisch und hochdeutsch und garantiert unsch\u00e4dlich. Obgleich&#8230; obgleich, nicht wirklich geeignet f\u00fcr Personen mit schwachem Kreislauf. Jo Br\u00f6seles witzige Geschichten, Lieder, Gedichte und Malereien gebe humorige, nicht allt\u00e4gliche Einblicke in die St\u00e4rken, na ja, auch Schw\u00e4chen der Schwaben &#8211; von &#8222;friar&#8220; bis in die heutige Zeit.<\/p>\n<p>128 Seiten, 17,5 x 24,5 cm, illustriert, Hardcover gebunden.<\/p>\n","protected":false},"excerpt":{"rendered":"<p>Jo Br\u00f6sele und seine witzigen, unterhaltsamen Geschichten &#8211; Lieder &#8211; Gedichte ond andrs Zuig. Bereichert mit seinen Illustrationen.<\/p>\n<p>128 Seiten, 17,5 x 24,5 cm, illustriert, Hardcover gebunden.<\/p>\n","protected":false},"featured_media":114,"template":"","meta":[],"product_brand":[],"product_cat":[16],"product_tag":[32,40,46,45,50,49,44,48,47],"class_list":{"0":"post-113","1":"product","2":"type-product","3":"status-publish","4":"has-post-thumbnail","6":"product_cat-buecher-postkarten","7":"product_tag-buch","8":"product_tag-gedichte","9":"product_tag-humor","10":"product_tag-jo-broesele","11":"product_tag-radlos","12":"product_tag-ratlos","13":"product_tag-schwaebisch","14":"product_tag-tipps","15":"product_tag-witz","17":"first","18":"instock","19":"purchasable","20":"product-type-simple"},"yoast_head":"<!-- This site is optimized with the Yoast SEO plugin v27.4 - https:\/\/yoast.com\/product\/yoast-seo-wordpress\/ -->\n<title>Jo Br\u00f6sele - Indem ich mich unterhalte, unterhalte ich die anderen! - ESPENLAUB Verlag<\/title>\n<meta name=\"robots\" content=\"index, follow, max-snippet:-1, max-image-preview:large, max-video-preview:-1\" \/>\n<link rel=\"canonical\" href=\"https:\/\/espenlaub-shop.de\/index.php\/product\/jo-broesele-indem-ich-mich-unterhalte-unterhalte-ich-die-anderen\/\" \/>\n<meta property=\"og:locale\" content=\"de_DE\" \/>\n<meta property=\"og:type\" content=\"article\" \/>\n<meta property=\"og:title\" content=\"Jo Br\u00f6sele - Indem ich mich unterhalte, unterhalte ich die anderen! - ESPENLAUB Verlag\" \/>\n<meta property=\"og:description\" content=\"Jo Br\u00f6sele und seine witzigen, unterhaltsamen Geschichten - Lieder - Gedichte ond andrs Zuig. Bereichert mit seinen Illustrationen.  128 Seiten, 17,5 x 24,5 cm, illustriert, Hardcover gebunden.\" \/>\n<meta property=\"og:url\" content=\"https:\/\/espenlaub-shop.de\/index.php\/product\/jo-broesele-indem-ich-mich-unterhalte-unterhalte-ich-die-anderen\/\" \/>\n<meta property=\"og:site_name\" content=\"ESPENLAUB Verlag\" \/>\n<meta property=\"article:modified_time\" content=\"2021-09-10T08:18:43+00:00\" \/>\n<meta property=\"og:image\" content=\"https:\/\/espenlaub-shop.de\/wp-content\/uploads\/2020\/10\/Jo-Broesele.jpg\" \/>\n\t<meta property=\"og:image:width\" content=\"1024\" \/>\n\t<meta property=\"og:image:height\" content=\"646\" \/>\n\t<meta property=\"og:image:type\" content=\"image\/jpeg\" \/>\n<meta name=\"twitter:card\" content=\"summary_large_image\" \/>\n<script type=\"application\/ld+json\" class=\"yoast-schema-graph\">{\"@context\":\"https:\\\/\\\/schema.org\",\"@graph\":[{\"@type\":\"WebPage\",\"@id\":\"https:\\\/\\\/espenlaub-shop.de\\\/index.php\\\/product\\\/jo-broesele-indem-ich-mich-unterhalte-unterhalte-ich-die-anderen\\\/\",\"url\":\"https:\\\/\\\/espenlaub-shop.de\\\/index.php\\\/product\\\/jo-broesele-indem-ich-mich-unterhalte-unterhalte-ich-die-anderen\\\/\",\"name\":\"Jo Br\u00f6sele - Indem ich mich unterhalte, unterhalte ich die anderen! - ESPENLAUB Verlag\",\"isPartOf\":{\"@id\":\"https:\\\/\\\/espenlaub-shop.de\\\/#website\"},\"primaryImageOfPage\":{\"@id\":\"https:\\\/\\\/espenlaub-shop.de\\\/index.php\\\/product\\\/jo-broesele-indem-ich-mich-unterhalte-unterhalte-ich-die-anderen\\\/#primaryimage\"},\"image\":{\"@id\":\"https:\\\/\\\/espenlaub-shop.de\\\/index.php\\\/product\\\/jo-broesele-indem-ich-mich-unterhalte-unterhalte-ich-die-anderen\\\/#primaryimage\"},\"thumbnailUrl\":\"https:\\\/\\\/espenlaub-shop.de\\\/wp-content\\\/uploads\\\/2020\\\/10\\\/Jo-Broesele.jpg\",\"datePublished\":\"2020-10-08T00:12:24+00:00\",\"dateModified\":\"2021-09-10T08:18:43+00:00\",\"breadcrumb\":{\"@id\":\"https:\\\/\\\/espenlaub-shop.de\\\/index.php\\\/product\\\/jo-broesele-indem-ich-mich-unterhalte-unterhalte-ich-die-anderen\\\/#breadcrumb\"},\"inLanguage\":\"de\",\"potentialAction\":[{\"@type\":\"ReadAction\",\"target\":[\"https:\\\/\\\/espenlaub-shop.de\\\/index.php\\\/product\\\/jo-broesele-indem-ich-mich-unterhalte-unterhalte-ich-die-anderen\\\/\"]}]},{\"@type\":\"ImageObject\",\"inLanguage\":\"de\",\"@id\":\"https:\\\/\\\/espenlaub-shop.de\\\/index.php\\\/product\\\/jo-broesele-indem-ich-mich-unterhalte-unterhalte-ich-die-anderen\\\/#primaryimage\",\"url\":\"https:\\\/\\\/espenlaub-shop.de\\\/wp-content\\\/uploads\\\/2020\\\/10\\\/Jo-Broesele.jpg\",\"contentUrl\":\"https:\\\/\\\/espenlaub-shop.de\\\/wp-content\\\/uploads\\\/2020\\\/10\\\/Jo-Broesele.jpg\",\"width\":1024,\"height\":646},{\"@type\":\"BreadcrumbList\",\"@id\":\"https:\\\/\\\/espenlaub-shop.de\\\/index.php\\\/product\\\/jo-broesele-indem-ich-mich-unterhalte-unterhalte-ich-die-anderen\\\/#breadcrumb\",\"itemListElement\":[{\"@type\":\"ListItem\",\"position\":1,\"name\":\"Home\",\"item\":\"https:\\\/\\\/espenlaub-shop.de\\\/\"},{\"@type\":\"ListItem\",\"position\":2,\"name\":\"Shop\",\"item\":\"https:\\\/\\\/espenlaub-shop.de\\\/index.php\\\/shop\\\/\"},{\"@type\":\"ListItem\",\"position\":3,\"name\":\"Jo Br\u00f6sele &#8211; Indem ich mich unterhalte, unterhalte ich die anderen!\"}]},{\"@type\":\"WebSite\",\"@id\":\"https:\\\/\\\/espenlaub-shop.de\\\/#website\",\"url\":\"https:\\\/\\\/espenlaub-shop.de\\\/\",\"name\":\"ESPENLAUB Verlag\",\"description\":\"\",\"publisher\":{\"@id\":\"https:\\\/\\\/espenlaub-shop.de\\\/#organization\"},\"potentialAction\":[{\"@type\":\"SearchAction\",\"target\":{\"@type\":\"EntryPoint\",\"urlTemplate\":\"https:\\\/\\\/espenlaub-shop.de\\\/?s={search_term_string}\"},\"query-input\":{\"@type\":\"PropertyValueSpecification\",\"valueRequired\":true,\"valueName\":\"search_term_string\"}}],\"inLanguage\":\"de\"},{\"@type\":\"Organization\",\"@id\":\"https:\\\/\\\/espenlaub-shop.de\\\/#organization\",\"name\":\"ESPENLAUB Verlag\",\"url\":\"https:\\\/\\\/espenlaub-shop.de\\\/\",\"logo\":{\"@type\":\"ImageObject\",\"inLanguage\":\"de\",\"@id\":\"https:\\\/\\\/espenlaub-shop.de\\\/#\\\/schema\\\/logo\\\/image\\\/\",\"url\":\"https:\\\/\\\/espenlaub-shop.de\\\/wp-content\\\/uploads\\\/2020\\\/07\\\/logo.png\",\"contentUrl\":\"https:\\\/\\\/espenlaub-shop.de\\\/wp-content\\\/uploads\\\/2020\\\/07\\\/logo.png\",\"width\":531,\"height\":80,\"caption\":\"ESPENLAUB Verlag\"},\"image\":{\"@id\":\"https:\\\/\\\/espenlaub-shop.de\\\/#\\\/schema\\\/logo\\\/image\\\/\"}}]}<\/script>\n<!-- \/ Yoast SEO plugin. -->","yoast_head_json":{"title":"Jo Br\u00f6sele - Indem ich mich unterhalte, unterhalte ich die anderen! - ESPENLAUB Verlag","robots":{"index":"index","follow":"follow","max-snippet":"max-snippet:-1","max-image-preview":"max-image-preview:large","max-video-preview":"max-video-preview:-1"},"canonical":"https:\/\/espenlaub-shop.de\/index.php\/product\/jo-broesele-indem-ich-mich-unterhalte-unterhalte-ich-die-anderen\/","og_locale":"de_DE","og_type":"article","og_title":"Jo Br\u00f6sele - Indem ich mich unterhalte, unterhalte ich die anderen! - ESPENLAUB Verlag","og_description":"Jo Br\u00f6sele und seine witzigen, unterhaltsamen Geschichten - Lieder - Gedichte ond andrs Zuig. Bereichert mit seinen Illustrationen.  128 Seiten, 17,5 x 24,5 cm, illustriert, Hardcover gebunden.","og_url":"https:\/\/espenlaub-shop.de\/index.php\/product\/jo-broesele-indem-ich-mich-unterhalte-unterhalte-ich-die-anderen\/","og_site_name":"ESPENLAUB Verlag","article_modified_time":"2021-09-10T08:18:43+00:00","og_image":[{"width":1024,"height":646,"url":"https:\/\/espenlaub-shop.de\/wp-content\/uploads\/2020\/10\/Jo-Broesele.jpg","type":"image\/jpeg"}],"twitter_card":"summary_large_image","schema":{"@context":"https:\/\/schema.org","@graph":[{"@type":"WebPage","@id":"https:\/\/espenlaub-shop.de\/index.php\/product\/jo-broesele-indem-ich-mich-unterhalte-unterhalte-ich-die-anderen\/","url":"https:\/\/espenlaub-shop.de\/index.php\/product\/jo-broesele-indem-ich-mich-unterhalte-unterhalte-ich-die-anderen\/","name":"Jo Br\u00f6sele - Indem ich mich unterhalte, unterhalte ich die anderen! - ESPENLAUB Verlag","isPartOf":{"@id":"https:\/\/espenlaub-shop.de\/#website"},"primaryImageOfPage":{"@id":"https:\/\/espenlaub-shop.de\/index.php\/product\/jo-broesele-indem-ich-mich-unterhalte-unterhalte-ich-die-anderen\/#primaryimage"},"image":{"@id":"https:\/\/espenlaub-shop.de\/index.php\/product\/jo-broesele-indem-ich-mich-unterhalte-unterhalte-ich-die-anderen\/#primaryimage"},"thumbnailUrl":"https:\/\/espenlaub-shop.de\/wp-content\/uploads\/2020\/10\/Jo-Broesele.jpg","datePublished":"2020-10-08T00:12:24+00:00","dateModified":"2021-09-10T08:18:43+00:00","breadcrumb":{"@id":"https:\/\/espenlaub-shop.de\/index.php\/product\/jo-broesele-indem-ich-mich-unterhalte-unterhalte-ich-die-anderen\/#breadcrumb"},"inLanguage":"de","potentialAction":[{"@type":"ReadAction","target":["https:\/\/espenlaub-shop.de\/index.php\/product\/jo-broesele-indem-ich-mich-unterhalte-unterhalte-ich-die-anderen\/"]}]},{"@type":"ImageObject","inLanguage":"de","@id":"https:\/\/espenlaub-shop.de\/index.php\/product\/jo-broesele-indem-ich-mich-unterhalte-unterhalte-ich-die-anderen\/#primaryimage","url":"https:\/\/espenlaub-shop.de\/wp-content\/uploads\/2020\/10\/Jo-Broesele.jpg","contentUrl":"https:\/\/espenlaub-shop.de\/wp-content\/uploads\/2020\/10\/Jo-Broesele.jpg","width":1024,"height":646},{"@type":"BreadcrumbList","@id":"https:\/\/espenlaub-shop.de\/index.php\/product\/jo-broesele-indem-ich-mich-unterhalte-unterhalte-ich-die-anderen\/#breadcrumb","itemListElement":[{"@type":"ListItem","position":1,"name":"Home","item":"https:\/\/espenlaub-shop.de\/"},{"@type":"ListItem","position":2,"name":"Shop","item":"https:\/\/espenlaub-shop.de\/index.php\/shop\/"},{"@type":"ListItem","position":3,"name":"Jo Br\u00f6sele &#8211; Indem ich mich unterhalte, unterhalte ich die anderen!"}]},{"@type":"WebSite","@id":"https:\/\/espenlaub-shop.de\/#website","url":"https:\/\/espenlaub-shop.de\/","name":"ESPENLAUB Verlag","description":"","publisher":{"@id":"https:\/\/espenlaub-shop.de\/#organization"},"potentialAction":[{"@type":"SearchAction","target":{"@type":"EntryPoint","urlTemplate":"https:\/\/espenlaub-shop.de\/?s={search_term_string}"},"query-input":{"@type":"PropertyValueSpecification","valueRequired":true,"valueName":"search_term_string"}}],"inLanguage":"de"},{"@type":"Organization","@id":"https:\/\/espenlaub-shop.de\/#organization","name":"ESPENLAUB Verlag","url":"https:\/\/espenlaub-shop.de\/","logo":{"@type":"ImageObject","inLanguage":"de","@id":"https:\/\/espenlaub-shop.de\/#\/schema\/logo\/image\/","url":"https:\/\/espenlaub-shop.de\/wp-content\/uploads\/2020\/07\/logo.png","contentUrl":"https:\/\/espenlaub-shop.de\/wp-content\/uploads\/2020\/07\/logo.png","width":531,"height":80,"caption":"ESPENLAUB Verlag"},"image":{"@id":"https:\/\/espenlaub-shop.de\/#\/schema\/logo\/image\/"}}]}},"_links":{"self":[{"href":"https:\/\/espenlaub-shop.de\/index.php\/wp-json\/wp\/v2\/product\/113","targetHints":{"allow":["GET"]}}],"collection":[{"href":"https:\/\/espenlaub-shop.de\/index.php\/wp-json\/wp\/v2\/product"}],"about":[{"href":"https:\/\/espenlaub-shop.de\/index.php\/wp-json\/wp\/v2\/types\/product"}],"wp:featuredmedia":[{"embeddable":true,"href":"https:\/\/espenlaub-shop.de\/index.php\/wp-json\/wp\/v2\/media\/114"}],"wp:attachment":[{"href":"https:\/\/espenlaub-shop.de\/index.php\/wp-json\/wp\/v2\/media?parent=113"}],"wp:term":[{"taxonomy":"product_brand","embeddable":true,"href":"https:\/\/espenlaub-shop.de\/index.php\/wp-json\/wp\/v2\/product_brand?post=113"},{"taxonomy":"product_cat","embeddable":true,"href":"https:\/\/espenlaub-shop.de\/index.php\/wp-json\/wp\/v2\/product_cat?post=113"},{"taxonomy":"product_tag","embeddable":true,"href":"https:\/\/espenlaub-shop.de\/index.php\/wp-json\/wp\/v2\/product_tag?post=113"}],"curies":[{"name":"wp","href":"https:\/\/api.w.org\/{rel}","templated":true}]}}