{"id":121,"date":"2020-10-08T14:44:40","date_gmt":"2020-10-08T14:44:40","guid":{"rendered":"https:\/\/espenlaub-shop.de\/?post_type=product&#038;p=121"},"modified":"2020-10-19T21:35:06","modified_gmt":"2020-10-19T21:35:06","slug":"cd-schwaebisch-4-steig-ma-doch-da-buggl-nauf","status":"publish","type":"product","link":"https:\/\/espenlaub-shop.de\/index.php\/product\/cd-schwaebisch-4-steig-ma-doch-da-buggl-nauf\/","title":{"rendered":"CD Schw\u00e4bisch 4 &#8211; Steig mr doch da Buggl nauf"},"content":{"rendered":"<p>Musik-CD<\/p>\n<ol>\n<li>Jetzt got\u00b4s los!<\/li>\n<li>Schwoba-L\u00e4ndle Musikverein-Version<\/li>\n<li>Beim Dokdr &#8211; Steig mr doch da Buggl nauf<\/li>\n<li>Majestix (Alphorn)<\/li>\n<li>I f\u00fchl mi wohl<\/li>\n<li>Rosen Walzer<\/li>\n<li>Jodelei<\/li>\n<li>Heidenr\u00f6slein &#8211; Sah ein Knab ein R\u00f6slein stehn (instrumental)<\/li>\n<li>F\u00fcnzig Rosen (Gedicht zum Geburtstag &#8211; Lose)<\/li>\n<li>Geburtstag ist nicht jeden Tag (Mann-Version)<\/li>\n<li>F\u00fcnzig Rosen (Gedicht zum Geburtstag &#8211; Dosen)<\/li>\n<li>Geburtstag ist nicht jeden Tag (Frau-Version)<\/li>\n<li>Babba Kabba<\/li>\n<li>Dorf-Walzer<\/li>\n<li>Herbst<\/li>\n<li>What a wonderful world<\/li>\n<li>Hallo ihr do dussa<\/li>\n<\/ol>\n","protected":false},"excerpt":{"rendered":"<p>Musik-CD Schw\u00e4bisch &#8222;4&#8220;. Noch mehr unterhaltsame, schw\u00e4bische Lieder von und mit Jo Br\u00f6sele.<\/p>\n<p>&nbsp;<\/p>\n","protected":false},"featured_media":122,"template":"","meta":[],"product_brand":[],"product_cat":[21],"product_tag":[52,35,60,45,51,53],"class_list":{"0":"post-121","1":"product","2":"type-product","3":"status-publish","4":"has-post-thumbnail","6":"product_cat-musik-filme","7":"product_tag-alphorn","8":"product_tag-cd","9":"product_tag-geburtstag","10":"product_tag-jo-broesele","11":"product_tag-musik","12":"product_tag-walzer","14":"first","15":"instock","16":"purchasable","17":"product-type-simple"},"yoast_head":"<!-- This site is optimized with the Yoast SEO plugin v27.4 - https:\/\/yoast.com\/product\/yoast-seo-wordpress\/ -->\n<title>CD Schw\u00e4bisch 4 - Steig mr doch da Buggl nauf - ESPENLAUB Verlag<\/title>\n<meta name=\"robots\" content=\"index, follow, max-snippet:-1, max-image-preview:large, max-video-preview:-1\" \/>\n<link rel=\"canonical\" href=\"https:\/\/espenlaub-shop.de\/index.php\/product\/cd-schwaebisch-4-steig-ma-doch-da-buggl-nauf\/\" \/>\n<meta property=\"og:locale\" content=\"de_DE\" \/>\n<meta property=\"og:type\" content=\"article\" \/>\n<meta property=\"og:title\" content=\"CD Schw\u00e4bisch 4 - Steig mr doch da Buggl nauf - ESPENLAUB Verlag\" \/>\n<meta property=\"og:description\" content=\"Musik-CD Schw\u00e4bisch &quot;4&quot;. Noch mehr unterhaltsame, schw\u00e4bische Lieder von und mit Jo Br\u00f6sele.  &nbsp;\" \/>\n<meta property=\"og:url\" content=\"https:\/\/espenlaub-shop.de\/index.php\/product\/cd-schwaebisch-4-steig-ma-doch-da-buggl-nauf\/\" \/>\n<meta property=\"og:site_name\" content=\"ESPENLAUB Verlag\" \/>\n<meta property=\"article:modified_time\" content=\"2020-10-19T21:35:06+00:00\" \/>\n<meta property=\"og:image\" content=\"https:\/\/espenlaub-shop.de\/wp-content\/uploads\/2020\/10\/Musik-Schwaebisch-4.jpg\" \/>\n\t<meta property=\"og:image:width\" content=\"1024\" \/>\n\t<meta property=\"og:image:height\" content=\"646\" \/>\n\t<meta property=\"og:image:type\" content=\"image\/jpeg\" \/>\n<meta name=\"twitter:card\" content=\"summary_large_image\" \/>\n<script type=\"application\/ld+json\" class=\"yoast-schema-graph\">{\"@context\":\"https:\\\/\\\/schema.org\",\"@graph\":[{\"@type\":\"WebPage\",\"@id\":\"https:\\\/\\\/espenlaub-shop.de\\\/index.php\\\/product\\\/cd-schwaebisch-4-steig-ma-doch-da-buggl-nauf\\\/\",\"url\":\"https:\\\/\\\/espenlaub-shop.de\\\/index.php\\\/product\\\/cd-schwaebisch-4-steig-ma-doch-da-buggl-nauf\\\/\",\"name\":\"CD Schw\u00e4bisch 4 - Steig mr doch da Buggl nauf - ESPENLAUB Verlag\",\"isPartOf\":{\"@id\":\"https:\\\/\\\/espenlaub-shop.de\\\/#website\"},\"primaryImageOfPage\":{\"@id\":\"https:\\\/\\\/espenlaub-shop.de\\\/index.php\\\/product\\\/cd-schwaebisch-4-steig-ma-doch-da-buggl-nauf\\\/#primaryimage\"},\"image\":{\"@id\":\"https:\\\/\\\/espenlaub-shop.de\\\/index.php\\\/product\\\/cd-schwaebisch-4-steig-ma-doch-da-buggl-nauf\\\/#primaryimage\"},\"thumbnailUrl\":\"https:\\\/\\\/espenlaub-shop.de\\\/wp-content\\\/uploads\\\/2020\\\/10\\\/Musik-Schwaebisch-4.jpg\",\"datePublished\":\"2020-10-08T14:44:40+00:00\",\"dateModified\":\"2020-10-19T21:35:06+00:00\",\"breadcrumb\":{\"@id\":\"https:\\\/\\\/espenlaub-shop.de\\\/index.php\\\/product\\\/cd-schwaebisch-4-steig-ma-doch-da-buggl-nauf\\\/#breadcrumb\"},\"inLanguage\":\"de\",\"potentialAction\":[{\"@type\":\"ReadAction\",\"target\":[\"https:\\\/\\\/espenlaub-shop.de\\\/index.php\\\/product\\\/cd-schwaebisch-4-steig-ma-doch-da-buggl-nauf\\\/\"]}]},{\"@type\":\"ImageObject\",\"inLanguage\":\"de\",\"@id\":\"https:\\\/\\\/espenlaub-shop.de\\\/index.php\\\/product\\\/cd-schwaebisch-4-steig-ma-doch-da-buggl-nauf\\\/#primaryimage\",\"url\":\"https:\\\/\\\/espenlaub-shop.de\\\/wp-content\\\/uploads\\\/2020\\\/10\\\/Musik-Schwaebisch-4.jpg\",\"contentUrl\":\"https:\\\/\\\/espenlaub-shop.de\\\/wp-content\\\/uploads\\\/2020\\\/10\\\/Musik-Schwaebisch-4.jpg\",\"width\":1024,\"height\":646},{\"@type\":\"BreadcrumbList\",\"@id\":\"https:\\\/\\\/espenlaub-shop.de\\\/index.php\\\/product\\\/cd-schwaebisch-4-steig-ma-doch-da-buggl-nauf\\\/#breadcrumb\",\"itemListElement\":[{\"@type\":\"ListItem\",\"position\":1,\"name\":\"Home\",\"item\":\"https:\\\/\\\/espenlaub-shop.de\\\/\"},{\"@type\":\"ListItem\",\"position\":2,\"name\":\"Shop\",\"item\":\"https:\\\/\\\/espenlaub-shop.de\\\/index.php\\\/shop\\\/\"},{\"@type\":\"ListItem\",\"position\":3,\"name\":\"CD Schw\u00e4bisch 4 &#8211; Steig mr doch da Buggl nauf\"}]},{\"@type\":\"WebSite\",\"@id\":\"https:\\\/\\\/espenlaub-shop.de\\\/#website\",\"url\":\"https:\\\/\\\/espenlaub-shop.de\\\/\",\"name\":\"ESPENLAUB Verlag\",\"description\":\"\",\"publisher\":{\"@id\":\"https:\\\/\\\/espenlaub-shop.de\\\/#organization\"},\"potentialAction\":[{\"@type\":\"SearchAction\",\"target\":{\"@type\":\"EntryPoint\",\"urlTemplate\":\"https:\\\/\\\/espenlaub-shop.de\\\/?s={search_term_string}\"},\"query-input\":{\"@type\":\"PropertyValueSpecification\",\"valueRequired\":true,\"valueName\":\"search_term_string\"}}],\"inLanguage\":\"de\"},{\"@type\":\"Organization\",\"@id\":\"https:\\\/\\\/espenlaub-shop.de\\\/#organization\",\"name\":\"ESPENLAUB Verlag\",\"url\":\"https:\\\/\\\/espenlaub-shop.de\\\/\",\"logo\":{\"@type\":\"ImageObject\",\"inLanguage\":\"de\",\"@id\":\"https:\\\/\\\/espenlaub-shop.de\\\/#\\\/schema\\\/logo\\\/image\\\/\",\"url\":\"https:\\\/\\\/espenlaub-shop.de\\\/wp-content\\\/uploads\\\/2020\\\/07\\\/logo.png\",\"contentUrl\":\"https:\\\/\\\/espenlaub-shop.de\\\/wp-content\\\/uploads\\\/2020\\\/07\\\/logo.png\",\"width\":531,\"height\":80,\"caption\":\"ESPENLAUB Verlag\"},\"image\":{\"@id\":\"https:\\\/\\\/espenlaub-shop.de\\\/#\\\/schema\\\/logo\\\/image\\\/\"}}]}<\/script>\n<!-- \/ Yoast SEO plugin. -->","yoast_head_json":{"title":"CD Schw\u00e4bisch 4 - Steig mr doch da Buggl nauf - ESPENLAUB Verlag","robots":{"index":"index","follow":"follow","max-snippet":"max-snippet:-1","max-image-preview":"max-image-preview:large","max-video-preview":"max-video-preview:-1"},"canonical":"https:\/\/espenlaub-shop.de\/index.php\/product\/cd-schwaebisch-4-steig-ma-doch-da-buggl-nauf\/","og_locale":"de_DE","og_type":"article","og_title":"CD Schw\u00e4bisch 4 - Steig mr doch da Buggl nauf - ESPENLAUB Verlag","og_description":"Musik-CD Schw\u00e4bisch \"4\". Noch mehr unterhaltsame, schw\u00e4bische Lieder von und mit Jo Br\u00f6sele.  &nbsp;","og_url":"https:\/\/espenlaub-shop.de\/index.php\/product\/cd-schwaebisch-4-steig-ma-doch-da-buggl-nauf\/","og_site_name":"ESPENLAUB Verlag","article_modified_time":"2020-10-19T21:35:06+00:00","og_image":[{"width":1024,"height":646,"url":"https:\/\/espenlaub-shop.de\/wp-content\/uploads\/2020\/10\/Musik-Schwaebisch-4.jpg","type":"image\/jpeg"}],"twitter_card":"summary_large_image","schema":{"@context":"https:\/\/schema.org","@graph":[{"@type":"WebPage","@id":"https:\/\/espenlaub-shop.de\/index.php\/product\/cd-schwaebisch-4-steig-ma-doch-da-buggl-nauf\/","url":"https:\/\/espenlaub-shop.de\/index.php\/product\/cd-schwaebisch-4-steig-ma-doch-da-buggl-nauf\/","name":"CD Schw\u00e4bisch 4 - Steig mr doch da Buggl nauf - ESPENLAUB Verlag","isPartOf":{"@id":"https:\/\/espenlaub-shop.de\/#website"},"primaryImageOfPage":{"@id":"https:\/\/espenlaub-shop.de\/index.php\/product\/cd-schwaebisch-4-steig-ma-doch-da-buggl-nauf\/#primaryimage"},"image":{"@id":"https:\/\/espenlaub-shop.de\/index.php\/product\/cd-schwaebisch-4-steig-ma-doch-da-buggl-nauf\/#primaryimage"},"thumbnailUrl":"https:\/\/espenlaub-shop.de\/wp-content\/uploads\/2020\/10\/Musik-Schwaebisch-4.jpg","datePublished":"2020-10-08T14:44:40+00:00","dateModified":"2020-10-19T21:35:06+00:00","breadcrumb":{"@id":"https:\/\/espenlaub-shop.de\/index.php\/product\/cd-schwaebisch-4-steig-ma-doch-da-buggl-nauf\/#breadcrumb"},"inLanguage":"de","potentialAction":[{"@type":"ReadAction","target":["https:\/\/espenlaub-shop.de\/index.php\/product\/cd-schwaebisch-4-steig-ma-doch-da-buggl-nauf\/"]}]},{"@type":"ImageObject","inLanguage":"de","@id":"https:\/\/espenlaub-shop.de\/index.php\/product\/cd-schwaebisch-4-steig-ma-doch-da-buggl-nauf\/#primaryimage","url":"https:\/\/espenlaub-shop.de\/wp-content\/uploads\/2020\/10\/Musik-Schwaebisch-4.jpg","contentUrl":"https:\/\/espenlaub-shop.de\/wp-content\/uploads\/2020\/10\/Musik-Schwaebisch-4.jpg","width":1024,"height":646},{"@type":"BreadcrumbList","@id":"https:\/\/espenlaub-shop.de\/index.php\/product\/cd-schwaebisch-4-steig-ma-doch-da-buggl-nauf\/#breadcrumb","itemListElement":[{"@type":"ListItem","position":1,"name":"Home","item":"https:\/\/espenlaub-shop.de\/"},{"@type":"ListItem","position":2,"name":"Shop","item":"https:\/\/espenlaub-shop.de\/index.php\/shop\/"},{"@type":"ListItem","position":3,"name":"CD Schw\u00e4bisch 4 &#8211; Steig mr doch da Buggl nauf"}]},{"@type":"WebSite","@id":"https:\/\/espenlaub-shop.de\/#website","url":"https:\/\/espenlaub-shop.de\/","name":"ESPENLAUB Verlag","description":"","publisher":{"@id":"https:\/\/espenlaub-shop.de\/#organization"},"potentialAction":[{"@type":"SearchAction","target":{"@type":"EntryPoint","urlTemplate":"https:\/\/espenlaub-shop.de\/?s={search_term_string}"},"query-input":{"@type":"PropertyValueSpecification","valueRequired":true,"valueName":"search_term_string"}}],"inLanguage":"de"},{"@type":"Organization","@id":"https:\/\/espenlaub-shop.de\/#organization","name":"ESPENLAUB Verlag","url":"https:\/\/espenlaub-shop.de\/","logo":{"@type":"ImageObject","inLanguage":"de","@id":"https:\/\/espenlaub-shop.de\/#\/schema\/logo\/image\/","url":"https:\/\/espenlaub-shop.de\/wp-content\/uploads\/2020\/07\/logo.png","contentUrl":"https:\/\/espenlaub-shop.de\/wp-content\/uploads\/2020\/07\/logo.png","width":531,"height":80,"caption":"ESPENLAUB Verlag"},"image":{"@id":"https:\/\/espenlaub-shop.de\/#\/schema\/logo\/image\/"}}]}},"_links":{"self":[{"href":"https:\/\/espenlaub-shop.de\/index.php\/wp-json\/wp\/v2\/product\/121","targetHints":{"allow":["GET"]}}],"collection":[{"href":"https:\/\/espenlaub-shop.de\/index.php\/wp-json\/wp\/v2\/product"}],"about":[{"href":"https:\/\/espenlaub-shop.de\/index.php\/wp-json\/wp\/v2\/types\/product"}],"wp:featuredmedia":[{"embeddable":true,"href":"https:\/\/espenlaub-shop.de\/index.php\/wp-json\/wp\/v2\/media\/122"}],"wp:attachment":[{"href":"https:\/\/espenlaub-shop.de\/index.php\/wp-json\/wp\/v2\/media?parent=121"}],"wp:term":[{"taxonomy":"product_brand","embeddable":true,"href":"https:\/\/espenlaub-shop.de\/index.php\/wp-json\/wp\/v2\/product_brand?post=121"},{"taxonomy":"product_cat","embeddable":true,"href":"https:\/\/espenlaub-shop.de\/index.php\/wp-json\/wp\/v2\/product_cat?post=121"},{"taxonomy":"product_tag","embeddable":true,"href":"https:\/\/espenlaub-shop.de\/index.php\/wp-json\/wp\/v2\/product_tag?post=121"}],"curies":[{"name":"wp","href":"https:\/\/api.w.org\/{rel}","templated":true}]}}