{"id":126,"date":"2020-10-08T19:29:51","date_gmt":"2020-10-08T19:29:51","guid":{"rendered":"https:\/\/espenlaub-shop.de\/?post_type=product&#038;p=126"},"modified":"2024-10-11T11:28:04","modified_gmt":"2024-10-11T11:28:04","slug":"fetzige-kids-hits-2-jumping-jo-dicke-freunde","status":"publish","type":"product","link":"https:\/\/espenlaub-shop.de\/index.php\/product\/fetzige-kids-hits-2-jumping-jo-dicke-freunde\/","title":{"rendered":"Fetzige Kids-Hits &#8222;3&#8220; &#8211; Jumping Jo &#8211; Auf der Mauer, auf der Lauer sitzt \u00b4ne kleine Wanze"},"content":{"rendered":"<p>Musik-CD mit Textheft<\/p>\n<ol>\n<li>Auf der Mauer, auf der Lauer (Wanze)<\/li>\n<li>Ich hab ein Baumhaus<\/li>\n<li>Verkehrsnachrichten<\/li>\n<li>Verkehrs RAP<\/li>\n<li>Gr\u00fcn, gr\u00fcn, gr\u00fcn, sind alle meine Kleider<\/li>\n<li>Der Elefant &#8211; Gedicht<\/li>\n<li>Elefanten-Parade<\/li>\n<li>L\u00f6wenzahn<\/li>\n<li>Obstsalat<\/li>\n<li>M\u00fcll Boogie-Woogie<\/li>\n<li>Pinguin Balduin<\/li>\n<li>Rhythm RAP &#8211; intro<\/li>\n<li>Rhythm RAP<\/li>\n<li>Tsch\u00fcss<\/li>\n<\/ol>\n","protected":false},"excerpt":{"rendered":"<p>Jumping Jo und sein Kids-Hits. &#8222;Dicke Freunde&#8220;.<\/p>\n<p>14 Hit-Mix-Lieder mit Bekanntem und Neuem: Auf der Mauer-auf der Lauer&#8230;, Gr\u00fcn-Gr\u00fcn-Gr\u00fcn-sind alle meine Kleider, &#8230;<\/p>\n<p>Lieferbar auch die Fetzigen Kids-Hits &#8222;1&#8220; und &#8222;2&#8220;.<\/p>\n<p>&nbsp;<\/p>\n","protected":false},"featured_media":129,"template":"","meta":[],"product_brand":[],"product_cat":[435,21],"product_tag":[35,59,70,77,45,61,76,73,75,51,74,71,72],"class_list":{"0":"post-126","1":"product","2":"type-product","3":"status-publish","4":"has-post-thumbnail","6":"product_cat-jumping-jo","7":"product_cat-musik-filme","8":"product_tag-cd","9":"product_tag-elefant","10":"product_tag-fetzige-kids-hits","11":"product_tag-gruen","12":"product_tag-jo-broesele","13":"product_tag-jumping-jo","14":"product_tag-loewenzahn","15":"product_tag-mauer","16":"product_tag-muell","17":"product_tag-musik","18":"product_tag-obst","19":"product_tag-rap","20":"product_tag-wanze","22":"first","23":"instock","24":"purchasable","25":"product-type-simple"},"yoast_head":"<!-- This site is optimized with the Yoast SEO plugin v27.4 - https:\/\/yoast.com\/product\/yoast-seo-wordpress\/ -->\n<title>Fetzige Kids-Hits &quot;3&quot; - Jumping Jo - Auf der Mauer, auf der Lauer sitzt \u00b4ne kleine Wanze - ESPENLAUB Verlag<\/title>\n<meta name=\"robots\" content=\"index, follow, max-snippet:-1, max-image-preview:large, max-video-preview:-1\" \/>\n<link rel=\"canonical\" href=\"https:\/\/espenlaub-shop.de\/index.php\/product\/fetzige-kids-hits-2-jumping-jo-dicke-freunde\/\" \/>\n<meta property=\"og:locale\" content=\"de_DE\" \/>\n<meta property=\"og:type\" content=\"article\" \/>\n<meta property=\"og:title\" content=\"Fetzige Kids-Hits &quot;3&quot; - Jumping Jo - Auf der Mauer, auf der Lauer sitzt \u00b4ne kleine Wanze - ESPENLAUB Verlag\" \/>\n<meta property=\"og:description\" content=\"Jumping Jo und sein Kids-Hits. &quot;Dicke Freunde&quot;.  14 Hit-Mix-Lieder mit Bekanntem und Neuem: Auf der Mauer-auf der Lauer..., Gr\u00fcn-Gr\u00fcn-Gr\u00fcn-sind alle meine Kleider, ...  Lieferbar auch die Fetzigen Kids-Hits &quot;1&quot; und &quot;2&quot;.  &nbsp;\" \/>\n<meta property=\"og:url\" content=\"https:\/\/espenlaub-shop.de\/index.php\/product\/fetzige-kids-hits-2-jumping-jo-dicke-freunde\/\" \/>\n<meta property=\"og:site_name\" content=\"ESPENLAUB Verlag\" \/>\n<meta property=\"article:modified_time\" content=\"2024-10-11T11:28:04+00:00\" \/>\n<meta property=\"og:image\" content=\"https:\/\/espenlaub-shop.de\/wp-content\/uploads\/2020\/10\/Musik-Fetzige3.jpg\" \/>\n\t<meta property=\"og:image:width\" content=\"1024\" \/>\n\t<meta property=\"og:image:height\" content=\"646\" \/>\n\t<meta property=\"og:image:type\" content=\"image\/jpeg\" \/>\n<meta name=\"twitter:card\" content=\"summary_large_image\" \/>\n<meta name=\"twitter:label1\" content=\"Gesch\u00e4tzte Lesezeit\" \/>\n\t<meta name=\"twitter:data1\" content=\"1\u00a0Minute\" \/>\n<script type=\"application\/ld+json\" class=\"yoast-schema-graph\">{\"@context\":\"https:\\\/\\\/schema.org\",\"@graph\":[{\"@type\":\"WebPage\",\"@id\":\"https:\\\/\\\/espenlaub-shop.de\\\/index.php\\\/product\\\/fetzige-kids-hits-2-jumping-jo-dicke-freunde\\\/\",\"url\":\"https:\\\/\\\/espenlaub-shop.de\\\/index.php\\\/product\\\/fetzige-kids-hits-2-jumping-jo-dicke-freunde\\\/\",\"name\":\"Fetzige Kids-Hits \\\"3\\\" - Jumping Jo - Auf der Mauer, auf der Lauer sitzt \u00b4ne kleine Wanze - ESPENLAUB Verlag\",\"isPartOf\":{\"@id\":\"https:\\\/\\\/espenlaub-shop.de\\\/#website\"},\"primaryImageOfPage\":{\"@id\":\"https:\\\/\\\/espenlaub-shop.de\\\/index.php\\\/product\\\/fetzige-kids-hits-2-jumping-jo-dicke-freunde\\\/#primaryimage\"},\"image\":{\"@id\":\"https:\\\/\\\/espenlaub-shop.de\\\/index.php\\\/product\\\/fetzige-kids-hits-2-jumping-jo-dicke-freunde\\\/#primaryimage\"},\"thumbnailUrl\":\"https:\\\/\\\/espenlaub-shop.de\\\/wp-content\\\/uploads\\\/2020\\\/10\\\/Musik-Fetzige3.jpg\",\"datePublished\":\"2020-10-08T19:29:51+00:00\",\"dateModified\":\"2024-10-11T11:28:04+00:00\",\"breadcrumb\":{\"@id\":\"https:\\\/\\\/espenlaub-shop.de\\\/index.php\\\/product\\\/fetzige-kids-hits-2-jumping-jo-dicke-freunde\\\/#breadcrumb\"},\"inLanguage\":\"de\",\"potentialAction\":[{\"@type\":\"ReadAction\",\"target\":[\"https:\\\/\\\/espenlaub-shop.de\\\/index.php\\\/product\\\/fetzige-kids-hits-2-jumping-jo-dicke-freunde\\\/\"]}]},{\"@type\":\"ImageObject\",\"inLanguage\":\"de\",\"@id\":\"https:\\\/\\\/espenlaub-shop.de\\\/index.php\\\/product\\\/fetzige-kids-hits-2-jumping-jo-dicke-freunde\\\/#primaryimage\",\"url\":\"https:\\\/\\\/espenlaub-shop.de\\\/wp-content\\\/uploads\\\/2020\\\/10\\\/Musik-Fetzige3.jpg\",\"contentUrl\":\"https:\\\/\\\/espenlaub-shop.de\\\/wp-content\\\/uploads\\\/2020\\\/10\\\/Musik-Fetzige3.jpg\",\"width\":1024,\"height\":646},{\"@type\":\"BreadcrumbList\",\"@id\":\"https:\\\/\\\/espenlaub-shop.de\\\/index.php\\\/product\\\/fetzige-kids-hits-2-jumping-jo-dicke-freunde\\\/#breadcrumb\",\"itemListElement\":[{\"@type\":\"ListItem\",\"position\":1,\"name\":\"Home\",\"item\":\"https:\\\/\\\/espenlaub-shop.de\\\/\"},{\"@type\":\"ListItem\",\"position\":2,\"name\":\"Shop\",\"item\":\"https:\\\/\\\/espenlaub-shop.de\\\/index.php\\\/shop\\\/\"},{\"@type\":\"ListItem\",\"position\":3,\"name\":\"Fetzige Kids-Hits &#8222;3&#8220; &#8211; Jumping Jo &#8211; Auf der Mauer, auf der Lauer sitzt \u00b4ne kleine Wanze\"}]},{\"@type\":\"WebSite\",\"@id\":\"https:\\\/\\\/espenlaub-shop.de\\\/#website\",\"url\":\"https:\\\/\\\/espenlaub-shop.de\\\/\",\"name\":\"ESPENLAUB Verlag\",\"description\":\"\",\"publisher\":{\"@id\":\"https:\\\/\\\/espenlaub-shop.de\\\/#organization\"},\"potentialAction\":[{\"@type\":\"SearchAction\",\"target\":{\"@type\":\"EntryPoint\",\"urlTemplate\":\"https:\\\/\\\/espenlaub-shop.de\\\/?s={search_term_string}\"},\"query-input\":{\"@type\":\"PropertyValueSpecification\",\"valueRequired\":true,\"valueName\":\"search_term_string\"}}],\"inLanguage\":\"de\"},{\"@type\":\"Organization\",\"@id\":\"https:\\\/\\\/espenlaub-shop.de\\\/#organization\",\"name\":\"ESPENLAUB Verlag\",\"url\":\"https:\\\/\\\/espenlaub-shop.de\\\/\",\"logo\":{\"@type\":\"ImageObject\",\"inLanguage\":\"de\",\"@id\":\"https:\\\/\\\/espenlaub-shop.de\\\/#\\\/schema\\\/logo\\\/image\\\/\",\"url\":\"https:\\\/\\\/espenlaub-shop.de\\\/wp-content\\\/uploads\\\/2020\\\/07\\\/logo.png\",\"contentUrl\":\"https:\\\/\\\/espenlaub-shop.de\\\/wp-content\\\/uploads\\\/2020\\\/07\\\/logo.png\",\"width\":531,\"height\":80,\"caption\":\"ESPENLAUB Verlag\"},\"image\":{\"@id\":\"https:\\\/\\\/espenlaub-shop.de\\\/#\\\/schema\\\/logo\\\/image\\\/\"}}]}<\/script>\n<!-- \/ Yoast SEO plugin. -->","yoast_head_json":{"title":"Fetzige Kids-Hits \"3\" - Jumping Jo - Auf der Mauer, auf der Lauer sitzt \u00b4ne kleine Wanze - ESPENLAUB Verlag","robots":{"index":"index","follow":"follow","max-snippet":"max-snippet:-1","max-image-preview":"max-image-preview:large","max-video-preview":"max-video-preview:-1"},"canonical":"https:\/\/espenlaub-shop.de\/index.php\/product\/fetzige-kids-hits-2-jumping-jo-dicke-freunde\/","og_locale":"de_DE","og_type":"article","og_title":"Fetzige Kids-Hits \"3\" - Jumping Jo - Auf der Mauer, auf der Lauer sitzt \u00b4ne kleine Wanze - ESPENLAUB Verlag","og_description":"Jumping Jo und sein Kids-Hits. \"Dicke Freunde\".  14 Hit-Mix-Lieder mit Bekanntem und Neuem: Auf der Mauer-auf der Lauer..., Gr\u00fcn-Gr\u00fcn-Gr\u00fcn-sind alle meine Kleider, ...  Lieferbar auch die Fetzigen Kids-Hits \"1\" und \"2\".  &nbsp;","og_url":"https:\/\/espenlaub-shop.de\/index.php\/product\/fetzige-kids-hits-2-jumping-jo-dicke-freunde\/","og_site_name":"ESPENLAUB Verlag","article_modified_time":"2024-10-11T11:28:04+00:00","og_image":[{"width":1024,"height":646,"url":"https:\/\/espenlaub-shop.de\/wp-content\/uploads\/2020\/10\/Musik-Fetzige3.jpg","type":"image\/jpeg"}],"twitter_card":"summary_large_image","twitter_misc":{"Gesch\u00e4tzte Lesezeit":"1\u00a0Minute"},"schema":{"@context":"https:\/\/schema.org","@graph":[{"@type":"WebPage","@id":"https:\/\/espenlaub-shop.de\/index.php\/product\/fetzige-kids-hits-2-jumping-jo-dicke-freunde\/","url":"https:\/\/espenlaub-shop.de\/index.php\/product\/fetzige-kids-hits-2-jumping-jo-dicke-freunde\/","name":"Fetzige Kids-Hits \"3\" - Jumping Jo - Auf der Mauer, auf der Lauer sitzt \u00b4ne kleine Wanze - ESPENLAUB Verlag","isPartOf":{"@id":"https:\/\/espenlaub-shop.de\/#website"},"primaryImageOfPage":{"@id":"https:\/\/espenlaub-shop.de\/index.php\/product\/fetzige-kids-hits-2-jumping-jo-dicke-freunde\/#primaryimage"},"image":{"@id":"https:\/\/espenlaub-shop.de\/index.php\/product\/fetzige-kids-hits-2-jumping-jo-dicke-freunde\/#primaryimage"},"thumbnailUrl":"https:\/\/espenlaub-shop.de\/wp-content\/uploads\/2020\/10\/Musik-Fetzige3.jpg","datePublished":"2020-10-08T19:29:51+00:00","dateModified":"2024-10-11T11:28:04+00:00","breadcrumb":{"@id":"https:\/\/espenlaub-shop.de\/index.php\/product\/fetzige-kids-hits-2-jumping-jo-dicke-freunde\/#breadcrumb"},"inLanguage":"de","potentialAction":[{"@type":"ReadAction","target":["https:\/\/espenlaub-shop.de\/index.php\/product\/fetzige-kids-hits-2-jumping-jo-dicke-freunde\/"]}]},{"@type":"ImageObject","inLanguage":"de","@id":"https:\/\/espenlaub-shop.de\/index.php\/product\/fetzige-kids-hits-2-jumping-jo-dicke-freunde\/#primaryimage","url":"https:\/\/espenlaub-shop.de\/wp-content\/uploads\/2020\/10\/Musik-Fetzige3.jpg","contentUrl":"https:\/\/espenlaub-shop.de\/wp-content\/uploads\/2020\/10\/Musik-Fetzige3.jpg","width":1024,"height":646},{"@type":"BreadcrumbList","@id":"https:\/\/espenlaub-shop.de\/index.php\/product\/fetzige-kids-hits-2-jumping-jo-dicke-freunde\/#breadcrumb","itemListElement":[{"@type":"ListItem","position":1,"name":"Home","item":"https:\/\/espenlaub-shop.de\/"},{"@type":"ListItem","position":2,"name":"Shop","item":"https:\/\/espenlaub-shop.de\/index.php\/shop\/"},{"@type":"ListItem","position":3,"name":"Fetzige Kids-Hits &#8222;3&#8220; &#8211; Jumping Jo &#8211; Auf der Mauer, auf der Lauer sitzt \u00b4ne kleine Wanze"}]},{"@type":"WebSite","@id":"https:\/\/espenlaub-shop.de\/#website","url":"https:\/\/espenlaub-shop.de\/","name":"ESPENLAUB Verlag","description":"","publisher":{"@id":"https:\/\/espenlaub-shop.de\/#organization"},"potentialAction":[{"@type":"SearchAction","target":{"@type":"EntryPoint","urlTemplate":"https:\/\/espenlaub-shop.de\/?s={search_term_string}"},"query-input":{"@type":"PropertyValueSpecification","valueRequired":true,"valueName":"search_term_string"}}],"inLanguage":"de"},{"@type":"Organization","@id":"https:\/\/espenlaub-shop.de\/#organization","name":"ESPENLAUB Verlag","url":"https:\/\/espenlaub-shop.de\/","logo":{"@type":"ImageObject","inLanguage":"de","@id":"https:\/\/espenlaub-shop.de\/#\/schema\/logo\/image\/","url":"https:\/\/espenlaub-shop.de\/wp-content\/uploads\/2020\/07\/logo.png","contentUrl":"https:\/\/espenlaub-shop.de\/wp-content\/uploads\/2020\/07\/logo.png","width":531,"height":80,"caption":"ESPENLAUB Verlag"},"image":{"@id":"https:\/\/espenlaub-shop.de\/#\/schema\/logo\/image\/"}}]}},"_links":{"self":[{"href":"https:\/\/espenlaub-shop.de\/index.php\/wp-json\/wp\/v2\/product\/126","targetHints":{"allow":["GET"]}}],"collection":[{"href":"https:\/\/espenlaub-shop.de\/index.php\/wp-json\/wp\/v2\/product"}],"about":[{"href":"https:\/\/espenlaub-shop.de\/index.php\/wp-json\/wp\/v2\/types\/product"}],"wp:featuredmedia":[{"embeddable":true,"href":"https:\/\/espenlaub-shop.de\/index.php\/wp-json\/wp\/v2\/media\/129"}],"wp:attachment":[{"href":"https:\/\/espenlaub-shop.de\/index.php\/wp-json\/wp\/v2\/media?parent=126"}],"wp:term":[{"taxonomy":"product_brand","embeddable":true,"href":"https:\/\/espenlaub-shop.de\/index.php\/wp-json\/wp\/v2\/product_brand?post=126"},{"taxonomy":"product_cat","embeddable":true,"href":"https:\/\/espenlaub-shop.de\/index.php\/wp-json\/wp\/v2\/product_cat?post=126"},{"taxonomy":"product_tag","embeddable":true,"href":"https:\/\/espenlaub-shop.de\/index.php\/wp-json\/wp\/v2\/product_tag?post=126"}],"curies":[{"name":"wp","href":"https:\/\/api.w.org\/{rel}","templated":true}]}}