{"id":137,"date":"2020-10-09T09:23:25","date_gmt":"2020-10-09T09:23:25","guid":{"rendered":"https:\/\/espenlaub-shop.de\/?post_type=product&#038;p=137"},"modified":"2023-01-13T14:39:59","modified_gmt":"2023-01-13T14:39:59","slug":"cd-hoerspiel-jumping-jo-und-das-chamaeleon-das-hoerspiel-zum-buch","status":"publish","type":"product","link":"https:\/\/espenlaub-shop.de\/index.php\/product\/cd-hoerspiel-jumping-jo-und-das-chamaeleon-das-hoerspiel-zum-buch\/","title":{"rendered":"H\u00f6rspiel-CD &#8211; Jumping Jo und das Cham\u00e4leon &#8211; Das H\u00f6rspiel zum Buch"},"content":{"rendered":"<p>Der Affe Jumping Jo und seine Freunde bekommen Besuch.<\/p>\n<p><strong>Ein Notfall!<\/strong><\/p>\n<p>Das Cham\u00e4leon Cherry kann seine Farben nciht mehr wechseln und f\u00fchlt sich total schlapp.<\/p>\n<p>Was ist passiert? Wie wird der arme Cherry wieder bunt?<\/p>\n<p>Und wer zur heiligen Kokosnuss ist dieser kleine Sweetikuss, der st\u00e4ndig in seiner N\u00e4he herumwuselt?<\/p>\n<p>Mit guten Ideen udn lustigen Liedern gehen die Freunde der Sache<\/p>\n","protected":false},"excerpt":{"rendered":"<p>H\u00f6rspiel-CD &#8211; Jumping Jo bekommt Besuch vom Cham\u00e4leon Cherry, das seine Farben nicht mehr wechseln kann. Wie Cherry geholfen wird erfahrt ihr in dieser spannenden Geschichte und vielen Liedern zum Mitsingen.<\/p>\n<p>Das H\u00f6rspiel zum Buch.<\/p>\n<p>ca. 36 Minuten<\/p>\n<p>&nbsp;<\/p>\n","protected":false},"featured_media":138,"template":"","meta":[],"product_brand":[],"product_cat":[435,21],"product_tag":[106,105,78,35,104,59,103,97,107,45,61,51,74],"class_list":{"0":"post-137","1":"product","2":"type-product","3":"status-publish","4":"has-post-thumbnail","6":"product_cat-jumping-jo","7":"product_cat-musik-filme","8":"product_tag-affe","9":"product_tag-banane","10":"product_tag-bewegung","11":"product_tag-cd","12":"product_tag-chamaeleon","13":"product_tag-elefant","14":"product_tag-ernaehrung","15":"product_tag-espenlaub","16":"product_tag-hoerspiel","17":"product_tag-jo-broesele","18":"product_tag-jumping-jo","19":"product_tag-musik","20":"product_tag-obst","22":"first","23":"instock","24":"purchasable","25":"product-type-simple"},"yoast_head":"<!-- This site is optimized with the Yoast SEO plugin v27.4 - https:\/\/yoast.com\/product\/yoast-seo-wordpress\/ -->\n<title>H\u00f6rspiel-CD - Jumping Jo und das Cham\u00e4leon - Das H\u00f6rspiel zum Buch - ESPENLAUB Verlag<\/title>\n<meta name=\"robots\" content=\"index, follow, max-snippet:-1, max-image-preview:large, max-video-preview:-1\" \/>\n<link rel=\"canonical\" href=\"https:\/\/espenlaub-shop.de\/index.php\/product\/cd-hoerspiel-jumping-jo-und-das-chamaeleon-das-hoerspiel-zum-buch\/\" \/>\n<meta property=\"og:locale\" content=\"de_DE\" \/>\n<meta property=\"og:type\" content=\"article\" \/>\n<meta property=\"og:title\" content=\"H\u00f6rspiel-CD - Jumping Jo und das Cham\u00e4leon - Das H\u00f6rspiel zum Buch - ESPENLAUB Verlag\" \/>\n<meta property=\"og:description\" content=\"H\u00f6rspiel-CD - Jumping Jo bekommt Besuch vom Cham\u00e4leon Cherry, das seine Farben nicht mehr wechseln kann. Wie Cherry geholfen wird erfahrt ihr in dieser spannenden Geschichte und vielen Liedern zum Mitsingen.  Das H\u00f6rspiel zum Buch.  ca. 36 Minuten  &nbsp;\" \/>\n<meta property=\"og:url\" content=\"https:\/\/espenlaub-shop.de\/index.php\/product\/cd-hoerspiel-jumping-jo-und-das-chamaeleon-das-hoerspiel-zum-buch\/\" \/>\n<meta property=\"og:site_name\" content=\"ESPENLAUB Verlag\" \/>\n<meta property=\"article:modified_time\" content=\"2023-01-13T14:39:59+00:00\" \/>\n<meta property=\"og:image\" content=\"https:\/\/espenlaub-shop.de\/wp-content\/uploads\/2020\/10\/Musik-Hoerspiel-CD.jpg\" \/>\n\t<meta property=\"og:image:width\" content=\"1024\" \/>\n\t<meta property=\"og:image:height\" content=\"646\" \/>\n\t<meta property=\"og:image:type\" content=\"image\/jpeg\" \/>\n<meta name=\"twitter:card\" content=\"summary_large_image\" \/>\n<meta name=\"twitter:label1\" content=\"Gesch\u00e4tzte Lesezeit\" \/>\n\t<meta name=\"twitter:data1\" content=\"1\u00a0Minute\" \/>\n<script type=\"application\/ld+json\" class=\"yoast-schema-graph\">{\"@context\":\"https:\\\/\\\/schema.org\",\"@graph\":[{\"@type\":\"WebPage\",\"@id\":\"https:\\\/\\\/espenlaub-shop.de\\\/index.php\\\/product\\\/cd-hoerspiel-jumping-jo-und-das-chamaeleon-das-hoerspiel-zum-buch\\\/\",\"url\":\"https:\\\/\\\/espenlaub-shop.de\\\/index.php\\\/product\\\/cd-hoerspiel-jumping-jo-und-das-chamaeleon-das-hoerspiel-zum-buch\\\/\",\"name\":\"H\u00f6rspiel-CD - Jumping Jo und das Cham\u00e4leon - Das H\u00f6rspiel zum Buch - ESPENLAUB Verlag\",\"isPartOf\":{\"@id\":\"https:\\\/\\\/espenlaub-shop.de\\\/#website\"},\"primaryImageOfPage\":{\"@id\":\"https:\\\/\\\/espenlaub-shop.de\\\/index.php\\\/product\\\/cd-hoerspiel-jumping-jo-und-das-chamaeleon-das-hoerspiel-zum-buch\\\/#primaryimage\"},\"image\":{\"@id\":\"https:\\\/\\\/espenlaub-shop.de\\\/index.php\\\/product\\\/cd-hoerspiel-jumping-jo-und-das-chamaeleon-das-hoerspiel-zum-buch\\\/#primaryimage\"},\"thumbnailUrl\":\"https:\\\/\\\/espenlaub-shop.de\\\/wp-content\\\/uploads\\\/2020\\\/10\\\/Musik-Hoerspiel-CD.jpg\",\"datePublished\":\"2020-10-09T09:23:25+00:00\",\"dateModified\":\"2023-01-13T14:39:59+00:00\",\"breadcrumb\":{\"@id\":\"https:\\\/\\\/espenlaub-shop.de\\\/index.php\\\/product\\\/cd-hoerspiel-jumping-jo-und-das-chamaeleon-das-hoerspiel-zum-buch\\\/#breadcrumb\"},\"inLanguage\":\"de\",\"potentialAction\":[{\"@type\":\"ReadAction\",\"target\":[\"https:\\\/\\\/espenlaub-shop.de\\\/index.php\\\/product\\\/cd-hoerspiel-jumping-jo-und-das-chamaeleon-das-hoerspiel-zum-buch\\\/\"]}]},{\"@type\":\"ImageObject\",\"inLanguage\":\"de\",\"@id\":\"https:\\\/\\\/espenlaub-shop.de\\\/index.php\\\/product\\\/cd-hoerspiel-jumping-jo-und-das-chamaeleon-das-hoerspiel-zum-buch\\\/#primaryimage\",\"url\":\"https:\\\/\\\/espenlaub-shop.de\\\/wp-content\\\/uploads\\\/2020\\\/10\\\/Musik-Hoerspiel-CD.jpg\",\"contentUrl\":\"https:\\\/\\\/espenlaub-shop.de\\\/wp-content\\\/uploads\\\/2020\\\/10\\\/Musik-Hoerspiel-CD.jpg\",\"width\":1024,\"height\":646},{\"@type\":\"BreadcrumbList\",\"@id\":\"https:\\\/\\\/espenlaub-shop.de\\\/index.php\\\/product\\\/cd-hoerspiel-jumping-jo-und-das-chamaeleon-das-hoerspiel-zum-buch\\\/#breadcrumb\",\"itemListElement\":[{\"@type\":\"ListItem\",\"position\":1,\"name\":\"Home\",\"item\":\"https:\\\/\\\/espenlaub-shop.de\\\/\"},{\"@type\":\"ListItem\",\"position\":2,\"name\":\"Shop\",\"item\":\"https:\\\/\\\/espenlaub-shop.de\\\/index.php\\\/shop\\\/\"},{\"@type\":\"ListItem\",\"position\":3,\"name\":\"H\u00f6rspiel-CD &#8211; Jumping Jo und das Cham\u00e4leon &#8211; Das H\u00f6rspiel zum Buch\"}]},{\"@type\":\"WebSite\",\"@id\":\"https:\\\/\\\/espenlaub-shop.de\\\/#website\",\"url\":\"https:\\\/\\\/espenlaub-shop.de\\\/\",\"name\":\"ESPENLAUB Verlag\",\"description\":\"\",\"publisher\":{\"@id\":\"https:\\\/\\\/espenlaub-shop.de\\\/#organization\"},\"potentialAction\":[{\"@type\":\"SearchAction\",\"target\":{\"@type\":\"EntryPoint\",\"urlTemplate\":\"https:\\\/\\\/espenlaub-shop.de\\\/?s={search_term_string}\"},\"query-input\":{\"@type\":\"PropertyValueSpecification\",\"valueRequired\":true,\"valueName\":\"search_term_string\"}}],\"inLanguage\":\"de\"},{\"@type\":\"Organization\",\"@id\":\"https:\\\/\\\/espenlaub-shop.de\\\/#organization\",\"name\":\"ESPENLAUB Verlag\",\"url\":\"https:\\\/\\\/espenlaub-shop.de\\\/\",\"logo\":{\"@type\":\"ImageObject\",\"inLanguage\":\"de\",\"@id\":\"https:\\\/\\\/espenlaub-shop.de\\\/#\\\/schema\\\/logo\\\/image\\\/\",\"url\":\"https:\\\/\\\/espenlaub-shop.de\\\/wp-content\\\/uploads\\\/2020\\\/07\\\/logo.png\",\"contentUrl\":\"https:\\\/\\\/espenlaub-shop.de\\\/wp-content\\\/uploads\\\/2020\\\/07\\\/logo.png\",\"width\":531,\"height\":80,\"caption\":\"ESPENLAUB Verlag\"},\"image\":{\"@id\":\"https:\\\/\\\/espenlaub-shop.de\\\/#\\\/schema\\\/logo\\\/image\\\/\"}}]}<\/script>\n<!-- \/ Yoast SEO plugin. -->","yoast_head_json":{"title":"H\u00f6rspiel-CD - Jumping Jo und das Cham\u00e4leon - Das H\u00f6rspiel zum Buch - ESPENLAUB Verlag","robots":{"index":"index","follow":"follow","max-snippet":"max-snippet:-1","max-image-preview":"max-image-preview:large","max-video-preview":"max-video-preview:-1"},"canonical":"https:\/\/espenlaub-shop.de\/index.php\/product\/cd-hoerspiel-jumping-jo-und-das-chamaeleon-das-hoerspiel-zum-buch\/","og_locale":"de_DE","og_type":"article","og_title":"H\u00f6rspiel-CD - Jumping Jo und das Cham\u00e4leon - Das H\u00f6rspiel zum Buch - ESPENLAUB Verlag","og_description":"H\u00f6rspiel-CD - Jumping Jo bekommt Besuch vom Cham\u00e4leon Cherry, das seine Farben nicht mehr wechseln kann. Wie Cherry geholfen wird erfahrt ihr in dieser spannenden Geschichte und vielen Liedern zum Mitsingen.  Das H\u00f6rspiel zum Buch.  ca. 36 Minuten  &nbsp;","og_url":"https:\/\/espenlaub-shop.de\/index.php\/product\/cd-hoerspiel-jumping-jo-und-das-chamaeleon-das-hoerspiel-zum-buch\/","og_site_name":"ESPENLAUB Verlag","article_modified_time":"2023-01-13T14:39:59+00:00","og_image":[{"width":1024,"height":646,"url":"https:\/\/espenlaub-shop.de\/wp-content\/uploads\/2020\/10\/Musik-Hoerspiel-CD.jpg","type":"image\/jpeg"}],"twitter_card":"summary_large_image","twitter_misc":{"Gesch\u00e4tzte Lesezeit":"1\u00a0Minute"},"schema":{"@context":"https:\/\/schema.org","@graph":[{"@type":"WebPage","@id":"https:\/\/espenlaub-shop.de\/index.php\/product\/cd-hoerspiel-jumping-jo-und-das-chamaeleon-das-hoerspiel-zum-buch\/","url":"https:\/\/espenlaub-shop.de\/index.php\/product\/cd-hoerspiel-jumping-jo-und-das-chamaeleon-das-hoerspiel-zum-buch\/","name":"H\u00f6rspiel-CD - Jumping Jo und das Cham\u00e4leon - Das H\u00f6rspiel zum Buch - ESPENLAUB Verlag","isPartOf":{"@id":"https:\/\/espenlaub-shop.de\/#website"},"primaryImageOfPage":{"@id":"https:\/\/espenlaub-shop.de\/index.php\/product\/cd-hoerspiel-jumping-jo-und-das-chamaeleon-das-hoerspiel-zum-buch\/#primaryimage"},"image":{"@id":"https:\/\/espenlaub-shop.de\/index.php\/product\/cd-hoerspiel-jumping-jo-und-das-chamaeleon-das-hoerspiel-zum-buch\/#primaryimage"},"thumbnailUrl":"https:\/\/espenlaub-shop.de\/wp-content\/uploads\/2020\/10\/Musik-Hoerspiel-CD.jpg","datePublished":"2020-10-09T09:23:25+00:00","dateModified":"2023-01-13T14:39:59+00:00","breadcrumb":{"@id":"https:\/\/espenlaub-shop.de\/index.php\/product\/cd-hoerspiel-jumping-jo-und-das-chamaeleon-das-hoerspiel-zum-buch\/#breadcrumb"},"inLanguage":"de","potentialAction":[{"@type":"ReadAction","target":["https:\/\/espenlaub-shop.de\/index.php\/product\/cd-hoerspiel-jumping-jo-und-das-chamaeleon-das-hoerspiel-zum-buch\/"]}]},{"@type":"ImageObject","inLanguage":"de","@id":"https:\/\/espenlaub-shop.de\/index.php\/product\/cd-hoerspiel-jumping-jo-und-das-chamaeleon-das-hoerspiel-zum-buch\/#primaryimage","url":"https:\/\/espenlaub-shop.de\/wp-content\/uploads\/2020\/10\/Musik-Hoerspiel-CD.jpg","contentUrl":"https:\/\/espenlaub-shop.de\/wp-content\/uploads\/2020\/10\/Musik-Hoerspiel-CD.jpg","width":1024,"height":646},{"@type":"BreadcrumbList","@id":"https:\/\/espenlaub-shop.de\/index.php\/product\/cd-hoerspiel-jumping-jo-und-das-chamaeleon-das-hoerspiel-zum-buch\/#breadcrumb","itemListElement":[{"@type":"ListItem","position":1,"name":"Home","item":"https:\/\/espenlaub-shop.de\/"},{"@type":"ListItem","position":2,"name":"Shop","item":"https:\/\/espenlaub-shop.de\/index.php\/shop\/"},{"@type":"ListItem","position":3,"name":"H\u00f6rspiel-CD &#8211; Jumping Jo und das Cham\u00e4leon &#8211; Das H\u00f6rspiel zum Buch"}]},{"@type":"WebSite","@id":"https:\/\/espenlaub-shop.de\/#website","url":"https:\/\/espenlaub-shop.de\/","name":"ESPENLAUB Verlag","description":"","publisher":{"@id":"https:\/\/espenlaub-shop.de\/#organization"},"potentialAction":[{"@type":"SearchAction","target":{"@type":"EntryPoint","urlTemplate":"https:\/\/espenlaub-shop.de\/?s={search_term_string}"},"query-input":{"@type":"PropertyValueSpecification","valueRequired":true,"valueName":"search_term_string"}}],"inLanguage":"de"},{"@type":"Organization","@id":"https:\/\/espenlaub-shop.de\/#organization","name":"ESPENLAUB Verlag","url":"https:\/\/espenlaub-shop.de\/","logo":{"@type":"ImageObject","inLanguage":"de","@id":"https:\/\/espenlaub-shop.de\/#\/schema\/logo\/image\/","url":"https:\/\/espenlaub-shop.de\/wp-content\/uploads\/2020\/07\/logo.png","contentUrl":"https:\/\/espenlaub-shop.de\/wp-content\/uploads\/2020\/07\/logo.png","width":531,"height":80,"caption":"ESPENLAUB Verlag"},"image":{"@id":"https:\/\/espenlaub-shop.de\/#\/schema\/logo\/image\/"}}]}},"_links":{"self":[{"href":"https:\/\/espenlaub-shop.de\/index.php\/wp-json\/wp\/v2\/product\/137","targetHints":{"allow":["GET"]}}],"collection":[{"href":"https:\/\/espenlaub-shop.de\/index.php\/wp-json\/wp\/v2\/product"}],"about":[{"href":"https:\/\/espenlaub-shop.de\/index.php\/wp-json\/wp\/v2\/types\/product"}],"wp:featuredmedia":[{"embeddable":true,"href":"https:\/\/espenlaub-shop.de\/index.php\/wp-json\/wp\/v2\/media\/138"}],"wp:attachment":[{"href":"https:\/\/espenlaub-shop.de\/index.php\/wp-json\/wp\/v2\/media?parent=137"}],"wp:term":[{"taxonomy":"product_brand","embeddable":true,"href":"https:\/\/espenlaub-shop.de\/index.php\/wp-json\/wp\/v2\/product_brand?post=137"},{"taxonomy":"product_cat","embeddable":true,"href":"https:\/\/espenlaub-shop.de\/index.php\/wp-json\/wp\/v2\/product_cat?post=137"},{"taxonomy":"product_tag","embeddable":true,"href":"https:\/\/espenlaub-shop.de\/index.php\/wp-json\/wp\/v2\/product_tag?post=137"}],"curies":[{"name":"wp","href":"https:\/\/api.w.org\/{rel}","templated":true}]}}