{"id":142,"date":"2020-10-09T12:32:44","date_gmt":"2020-10-09T12:32:44","guid":{"rendered":"https:\/\/espenlaub-shop.de\/?post_type=product&#038;p=142"},"modified":"2025-09-12T07:52:01","modified_gmt":"2025-09-12T07:52:01","slug":"buch-die-unzufriedene-prinzessin-tom-espen","status":"publish","type":"product","link":"https:\/\/espenlaub-shop.de\/index.php\/product\/buch-die-unzufriedene-prinzessin-tom-espen\/","title":{"rendered":"Buch: Die unzufriedene Prinzessin &#8211; Tom Espen"},"content":{"rendered":"<p>Die kleine Prinzessin Anna hat eigentlich alles, was sich eine Prinzessin nur w\u00fcnschen kann.<\/p>\n<p>Wenn blo\u00df der kr\u00e4chzende Hahn nicht w\u00e4re, der sie morgens laut weckt, oder ihre tapsige Katze, \u00fcber die sie immer stolpert, oder ihr Diener Leopold, der immer alles falsch macht&#8230;<\/p>\n<p>All das findet Prinzessin Anna unm\u00f6glich!<\/p>\n<p>Doch dann erlebt die Prinzessin einen seltsamen Fluch, bei dem der Kobold Potz Blitz ihr auf die Spr\u00fcnge hilft&#8230;<\/p>\n","protected":false},"excerpt":{"rendered":"<p>Das Buch zum Film mit der kleinen unzufriedenen Prinzessin Anna, die einen seltsamen Fluch erlebt. Doch zum Gl\u00fcck gibt es den Kobold Potz Blitz, der ihr auf die Spr\u00fcnge hilft.<\/p>\n<p>Nach einem M\u00e4rchen von Tom Espen, 40 Seiten, Hardcover 17.5 x 24,5 cm<\/p>\n<p>&nbsp;<\/p>\n","protected":false},"featured_media":143,"template":"","meta":[],"product_brand":[],"product_cat":[16],"product_tag":[102,97,99,98,94,95,101,79,100,96],"class_list":{"0":"post-142","1":"product","2":"type-product","3":"status-publish","4":"has-post-thumbnail","6":"product_cat-buecher-postkarten","7":"product_tag-burg","8":"product_tag-espenlaub","9":"product_tag-glueck","10":"product_tag-kobold","11":"product_tag-maerchen","12":"product_tag-prinzessin","13":"product_tag-schloss","14":"product_tag-tom-espen","15":"product_tag-unzufrieden","16":"product_tag-waldburg","18":"first","19":"instock","20":"purchasable","21":"product-type-simple"},"yoast_head":"<!-- This site is optimized with the Yoast SEO plugin v27.4 - https:\/\/yoast.com\/product\/yoast-seo-wordpress\/ -->\n<title>Buch: Die unzufriedene Prinzessin - Tom Espen - ESPENLAUB Verlag<\/title>\n<meta name=\"robots\" content=\"index, follow, max-snippet:-1, max-image-preview:large, max-video-preview:-1\" \/>\n<link rel=\"canonical\" href=\"https:\/\/espenlaub-shop.de\/index.php\/product\/buch-die-unzufriedene-prinzessin-tom-espen\/\" \/>\n<meta property=\"og:locale\" content=\"de_DE\" \/>\n<meta property=\"og:type\" content=\"article\" \/>\n<meta property=\"og:title\" content=\"Buch: Die unzufriedene Prinzessin - Tom Espen - ESPENLAUB Verlag\" \/>\n<meta property=\"og:description\" content=\"Das Buch zum Film mit der kleinen unzufriedenen Prinzessin Anna, die einen seltsamen Fluch erlebt. Doch zum Gl\u00fcck gibt es den Kobold Potz Blitz, der ihr auf die Spr\u00fcnge hilft.  Nach einem M\u00e4rchen von Tom Espen, 40 Seiten, Hardcover 17.5 x 24,5 cm  &nbsp;\" \/>\n<meta property=\"og:url\" content=\"https:\/\/espenlaub-shop.de\/index.php\/product\/buch-die-unzufriedene-prinzessin-tom-espen\/\" \/>\n<meta property=\"og:site_name\" content=\"ESPENLAUB Verlag\" \/>\n<meta property=\"article:modified_time\" content=\"2025-09-12T07:52:01+00:00\" \/>\n<meta property=\"og:image\" content=\"https:\/\/espenlaub-shop.de\/wp-content\/uploads\/2020\/10\/Unzufriedene-Prinzessin.jpg\" \/>\n\t<meta property=\"og:image:width\" content=\"1024\" \/>\n\t<meta property=\"og:image:height\" content=\"646\" \/>\n\t<meta property=\"og:image:type\" content=\"image\/jpeg\" \/>\n<meta name=\"twitter:card\" content=\"summary_large_image\" \/>\n<script type=\"application\/ld+json\" class=\"yoast-schema-graph\">{\"@context\":\"https:\\\/\\\/schema.org\",\"@graph\":[{\"@type\":\"WebPage\",\"@id\":\"https:\\\/\\\/espenlaub-shop.de\\\/index.php\\\/product\\\/buch-die-unzufriedene-prinzessin-tom-espen\\\/\",\"url\":\"https:\\\/\\\/espenlaub-shop.de\\\/index.php\\\/product\\\/buch-die-unzufriedene-prinzessin-tom-espen\\\/\",\"name\":\"Buch: Die unzufriedene Prinzessin - Tom Espen - ESPENLAUB Verlag\",\"isPartOf\":{\"@id\":\"https:\\\/\\\/espenlaub-shop.de\\\/#website\"},\"primaryImageOfPage\":{\"@id\":\"https:\\\/\\\/espenlaub-shop.de\\\/index.php\\\/product\\\/buch-die-unzufriedene-prinzessin-tom-espen\\\/#primaryimage\"},\"image\":{\"@id\":\"https:\\\/\\\/espenlaub-shop.de\\\/index.php\\\/product\\\/buch-die-unzufriedene-prinzessin-tom-espen\\\/#primaryimage\"},\"thumbnailUrl\":\"https:\\\/\\\/espenlaub-shop.de\\\/wp-content\\\/uploads\\\/2020\\\/10\\\/Unzufriedene-Prinzessin.jpg\",\"datePublished\":\"2020-10-09T12:32:44+00:00\",\"dateModified\":\"2025-09-12T07:52:01+00:00\",\"breadcrumb\":{\"@id\":\"https:\\\/\\\/espenlaub-shop.de\\\/index.php\\\/product\\\/buch-die-unzufriedene-prinzessin-tom-espen\\\/#breadcrumb\"},\"inLanguage\":\"de\",\"potentialAction\":[{\"@type\":\"ReadAction\",\"target\":[\"https:\\\/\\\/espenlaub-shop.de\\\/index.php\\\/product\\\/buch-die-unzufriedene-prinzessin-tom-espen\\\/\"]}]},{\"@type\":\"ImageObject\",\"inLanguage\":\"de\",\"@id\":\"https:\\\/\\\/espenlaub-shop.de\\\/index.php\\\/product\\\/buch-die-unzufriedene-prinzessin-tom-espen\\\/#primaryimage\",\"url\":\"https:\\\/\\\/espenlaub-shop.de\\\/wp-content\\\/uploads\\\/2020\\\/10\\\/Unzufriedene-Prinzessin.jpg\",\"contentUrl\":\"https:\\\/\\\/espenlaub-shop.de\\\/wp-content\\\/uploads\\\/2020\\\/10\\\/Unzufriedene-Prinzessin.jpg\",\"width\":1024,\"height\":646},{\"@type\":\"BreadcrumbList\",\"@id\":\"https:\\\/\\\/espenlaub-shop.de\\\/index.php\\\/product\\\/buch-die-unzufriedene-prinzessin-tom-espen\\\/#breadcrumb\",\"itemListElement\":[{\"@type\":\"ListItem\",\"position\":1,\"name\":\"Home\",\"item\":\"https:\\\/\\\/espenlaub-shop.de\\\/\"},{\"@type\":\"ListItem\",\"position\":2,\"name\":\"Shop\",\"item\":\"https:\\\/\\\/espenlaub-shop.de\\\/index.php\\\/shop\\\/\"},{\"@type\":\"ListItem\",\"position\":3,\"name\":\"Buch: Die unzufriedene Prinzessin &#8211; Tom Espen\"}]},{\"@type\":\"WebSite\",\"@id\":\"https:\\\/\\\/espenlaub-shop.de\\\/#website\",\"url\":\"https:\\\/\\\/espenlaub-shop.de\\\/\",\"name\":\"ESPENLAUB Verlag\",\"description\":\"\",\"publisher\":{\"@id\":\"https:\\\/\\\/espenlaub-shop.de\\\/#organization\"},\"potentialAction\":[{\"@type\":\"SearchAction\",\"target\":{\"@type\":\"EntryPoint\",\"urlTemplate\":\"https:\\\/\\\/espenlaub-shop.de\\\/?s={search_term_string}\"},\"query-input\":{\"@type\":\"PropertyValueSpecification\",\"valueRequired\":true,\"valueName\":\"search_term_string\"}}],\"inLanguage\":\"de\"},{\"@type\":\"Organization\",\"@id\":\"https:\\\/\\\/espenlaub-shop.de\\\/#organization\",\"name\":\"ESPENLAUB Verlag\",\"url\":\"https:\\\/\\\/espenlaub-shop.de\\\/\",\"logo\":{\"@type\":\"ImageObject\",\"inLanguage\":\"de\",\"@id\":\"https:\\\/\\\/espenlaub-shop.de\\\/#\\\/schema\\\/logo\\\/image\\\/\",\"url\":\"https:\\\/\\\/espenlaub-shop.de\\\/wp-content\\\/uploads\\\/2020\\\/07\\\/logo.png\",\"contentUrl\":\"https:\\\/\\\/espenlaub-shop.de\\\/wp-content\\\/uploads\\\/2020\\\/07\\\/logo.png\",\"width\":531,\"height\":80,\"caption\":\"ESPENLAUB Verlag\"},\"image\":{\"@id\":\"https:\\\/\\\/espenlaub-shop.de\\\/#\\\/schema\\\/logo\\\/image\\\/\"}}]}<\/script>\n<!-- \/ Yoast SEO plugin. -->","yoast_head_json":{"title":"Buch: Die unzufriedene Prinzessin - Tom Espen - ESPENLAUB Verlag","robots":{"index":"index","follow":"follow","max-snippet":"max-snippet:-1","max-image-preview":"max-image-preview:large","max-video-preview":"max-video-preview:-1"},"canonical":"https:\/\/espenlaub-shop.de\/index.php\/product\/buch-die-unzufriedene-prinzessin-tom-espen\/","og_locale":"de_DE","og_type":"article","og_title":"Buch: Die unzufriedene Prinzessin - Tom Espen - ESPENLAUB Verlag","og_description":"Das Buch zum Film mit der kleinen unzufriedenen Prinzessin Anna, die einen seltsamen Fluch erlebt. Doch zum Gl\u00fcck gibt es den Kobold Potz Blitz, der ihr auf die Spr\u00fcnge hilft.  Nach einem M\u00e4rchen von Tom Espen, 40 Seiten, Hardcover 17.5 x 24,5 cm  &nbsp;","og_url":"https:\/\/espenlaub-shop.de\/index.php\/product\/buch-die-unzufriedene-prinzessin-tom-espen\/","og_site_name":"ESPENLAUB Verlag","article_modified_time":"2025-09-12T07:52:01+00:00","og_image":[{"width":1024,"height":646,"url":"https:\/\/espenlaub-shop.de\/wp-content\/uploads\/2020\/10\/Unzufriedene-Prinzessin.jpg","type":"image\/jpeg"}],"twitter_card":"summary_large_image","schema":{"@context":"https:\/\/schema.org","@graph":[{"@type":"WebPage","@id":"https:\/\/espenlaub-shop.de\/index.php\/product\/buch-die-unzufriedene-prinzessin-tom-espen\/","url":"https:\/\/espenlaub-shop.de\/index.php\/product\/buch-die-unzufriedene-prinzessin-tom-espen\/","name":"Buch: Die unzufriedene Prinzessin - Tom Espen - ESPENLAUB Verlag","isPartOf":{"@id":"https:\/\/espenlaub-shop.de\/#website"},"primaryImageOfPage":{"@id":"https:\/\/espenlaub-shop.de\/index.php\/product\/buch-die-unzufriedene-prinzessin-tom-espen\/#primaryimage"},"image":{"@id":"https:\/\/espenlaub-shop.de\/index.php\/product\/buch-die-unzufriedene-prinzessin-tom-espen\/#primaryimage"},"thumbnailUrl":"https:\/\/espenlaub-shop.de\/wp-content\/uploads\/2020\/10\/Unzufriedene-Prinzessin.jpg","datePublished":"2020-10-09T12:32:44+00:00","dateModified":"2025-09-12T07:52:01+00:00","breadcrumb":{"@id":"https:\/\/espenlaub-shop.de\/index.php\/product\/buch-die-unzufriedene-prinzessin-tom-espen\/#breadcrumb"},"inLanguage":"de","potentialAction":[{"@type":"ReadAction","target":["https:\/\/espenlaub-shop.de\/index.php\/product\/buch-die-unzufriedene-prinzessin-tom-espen\/"]}]},{"@type":"ImageObject","inLanguage":"de","@id":"https:\/\/espenlaub-shop.de\/index.php\/product\/buch-die-unzufriedene-prinzessin-tom-espen\/#primaryimage","url":"https:\/\/espenlaub-shop.de\/wp-content\/uploads\/2020\/10\/Unzufriedene-Prinzessin.jpg","contentUrl":"https:\/\/espenlaub-shop.de\/wp-content\/uploads\/2020\/10\/Unzufriedene-Prinzessin.jpg","width":1024,"height":646},{"@type":"BreadcrumbList","@id":"https:\/\/espenlaub-shop.de\/index.php\/product\/buch-die-unzufriedene-prinzessin-tom-espen\/#breadcrumb","itemListElement":[{"@type":"ListItem","position":1,"name":"Home","item":"https:\/\/espenlaub-shop.de\/"},{"@type":"ListItem","position":2,"name":"Shop","item":"https:\/\/espenlaub-shop.de\/index.php\/shop\/"},{"@type":"ListItem","position":3,"name":"Buch: Die unzufriedene Prinzessin &#8211; Tom Espen"}]},{"@type":"WebSite","@id":"https:\/\/espenlaub-shop.de\/#website","url":"https:\/\/espenlaub-shop.de\/","name":"ESPENLAUB Verlag","description":"","publisher":{"@id":"https:\/\/espenlaub-shop.de\/#organization"},"potentialAction":[{"@type":"SearchAction","target":{"@type":"EntryPoint","urlTemplate":"https:\/\/espenlaub-shop.de\/?s={search_term_string}"},"query-input":{"@type":"PropertyValueSpecification","valueRequired":true,"valueName":"search_term_string"}}],"inLanguage":"de"},{"@type":"Organization","@id":"https:\/\/espenlaub-shop.de\/#organization","name":"ESPENLAUB Verlag","url":"https:\/\/espenlaub-shop.de\/","logo":{"@type":"ImageObject","inLanguage":"de","@id":"https:\/\/espenlaub-shop.de\/#\/schema\/logo\/image\/","url":"https:\/\/espenlaub-shop.de\/wp-content\/uploads\/2020\/07\/logo.png","contentUrl":"https:\/\/espenlaub-shop.de\/wp-content\/uploads\/2020\/07\/logo.png","width":531,"height":80,"caption":"ESPENLAUB Verlag"},"image":{"@id":"https:\/\/espenlaub-shop.de\/#\/schema\/logo\/image\/"}}]}},"_links":{"self":[{"href":"https:\/\/espenlaub-shop.de\/index.php\/wp-json\/wp\/v2\/product\/142","targetHints":{"allow":["GET"]}}],"collection":[{"href":"https:\/\/espenlaub-shop.de\/index.php\/wp-json\/wp\/v2\/product"}],"about":[{"href":"https:\/\/espenlaub-shop.de\/index.php\/wp-json\/wp\/v2\/types\/product"}],"wp:featuredmedia":[{"embeddable":true,"href":"https:\/\/espenlaub-shop.de\/index.php\/wp-json\/wp\/v2\/media\/143"}],"wp:attachment":[{"href":"https:\/\/espenlaub-shop.de\/index.php\/wp-json\/wp\/v2\/media?parent=142"}],"wp:term":[{"taxonomy":"product_brand","embeddable":true,"href":"https:\/\/espenlaub-shop.de\/index.php\/wp-json\/wp\/v2\/product_brand?post=142"},{"taxonomy":"product_cat","embeddable":true,"href":"https:\/\/espenlaub-shop.de\/index.php\/wp-json\/wp\/v2\/product_cat?post=142"},{"taxonomy":"product_tag","embeddable":true,"href":"https:\/\/espenlaub-shop.de\/index.php\/wp-json\/wp\/v2\/product_tag?post=142"}],"curies":[{"name":"wp","href":"https:\/\/api.w.org\/{rel}","templated":true}]}}