{"id":181,"date":"2020-10-11T16:14:35","date_gmt":"2020-10-11T16:14:35","guid":{"rendered":"https:\/\/espenlaub-shop.de\/?post_type=product&#038;p=181"},"modified":"2024-10-23T17:02:41","modified_gmt":"2024-10-23T17:02:41","slug":"cd-was-machen-sterne-tagsueber-hoerspiel-geschichte-und-lieder","status":"publish","type":"product","link":"https:\/\/espenlaub-shop.de\/index.php\/product\/cd-was-machen-sterne-tagsueber-hoerspiel-geschichte-und-lieder\/","title":{"rendered":"CD Was machen Sterne tags\u00fcber? &#8211; H\u00f6rspiel-Geschichte und Lieder"},"content":{"rendered":"<p>Dem kleinen Thomas geht heute ide Frage: Was machen Sterne tags\u00fcber? nicht mehr aus dem Kopf. Dabei erlebt er ein tolles Abenteuer mit dem gro\u00dfen Stern und dem Mond.<\/p>\n<p>&nbsp;<\/p>\n","protected":false},"excerpt":{"rendered":"<p>Seid gespannt, was der kleine Thomas in diesem Abenteuer erlebt. Ein sch\u00f6ne Einschlafgeschichte mit Liedern zum Mitsingen.<\/p>\n","protected":false},"featured_media":182,"template":"","meta":[],"product_brand":[],"product_cat":[21],"product_tag":[107,108,113,51,112,111,114],"class_list":{"0":"post-181","1":"product","2":"type-product","3":"status-publish","4":"has-post-thumbnail","6":"product_cat-musik-filme","7":"product_tag-hoerspiel","8":"product_tag-lieder","9":"product_tag-mond","10":"product_tag-musik","11":"product_tag-sterne","12":"product_tag-thomas","13":"product_tag-zug","15":"first","16":"instock","17":"purchasable","18":"product-type-simple"},"yoast_head":"<!-- This site is optimized with the Yoast SEO plugin v27.5 - https:\/\/yoast.com\/product\/yoast-seo-wordpress\/ -->\n<title>CD Was machen Sterne tags\u00fcber? - H\u00f6rspiel-Geschichte und Lieder - ESPENLAUB Verlag<\/title>\n<meta name=\"robots\" content=\"index, follow, max-snippet:-1, max-image-preview:large, max-video-preview:-1\" \/>\n<link rel=\"canonical\" href=\"https:\/\/espenlaub-shop.de\/index.php\/product\/cd-was-machen-sterne-tagsueber-hoerspiel-geschichte-und-lieder\/\" \/>\n<meta property=\"og:locale\" content=\"de_DE\" \/>\n<meta property=\"og:type\" content=\"article\" \/>\n<meta property=\"og:title\" content=\"CD Was machen Sterne tags\u00fcber? - H\u00f6rspiel-Geschichte und Lieder - ESPENLAUB Verlag\" \/>\n<meta property=\"og:description\" content=\"Seid gespannt, was der kleine Thomas in diesem Abenteuer erlebt. Ein sch\u00f6ne Einschlafgeschichte mit Liedern zum Mitsingen.\" \/>\n<meta property=\"og:url\" content=\"https:\/\/espenlaub-shop.de\/index.php\/product\/cd-was-machen-sterne-tagsueber-hoerspiel-geschichte-und-lieder\/\" \/>\n<meta property=\"og:site_name\" content=\"ESPENLAUB Verlag\" \/>\n<meta property=\"article:modified_time\" content=\"2024-10-23T17:02:41+00:00\" \/>\n<meta property=\"og:image\" content=\"https:\/\/espenlaub-shop.de\/wp-content\/uploads\/2020\/10\/Hoerspiel-Thomas.jpg\" \/>\n\t<meta property=\"og:image:width\" content=\"1024\" \/>\n\t<meta property=\"og:image:height\" content=\"646\" \/>\n\t<meta property=\"og:image:type\" content=\"image\/jpeg\" \/>\n<meta name=\"twitter:card\" content=\"summary_large_image\" \/>\n<meta name=\"twitter:label1\" content=\"Gesch\u00e4tzte Lesezeit\" \/>\n\t<meta name=\"twitter:data1\" content=\"1\u00a0Minute\" \/>\n<script type=\"application\/ld+json\" class=\"yoast-schema-graph\">{\"@context\":\"https:\\\/\\\/schema.org\",\"@graph\":[{\"@type\":\"WebPage\",\"@id\":\"https:\\\/\\\/espenlaub-shop.de\\\/index.php\\\/product\\\/cd-was-machen-sterne-tagsueber-hoerspiel-geschichte-und-lieder\\\/\",\"url\":\"https:\\\/\\\/espenlaub-shop.de\\\/index.php\\\/product\\\/cd-was-machen-sterne-tagsueber-hoerspiel-geschichte-und-lieder\\\/\",\"name\":\"CD Was machen Sterne tags\u00fcber? - H\u00f6rspiel-Geschichte und Lieder - ESPENLAUB Verlag\",\"isPartOf\":{\"@id\":\"https:\\\/\\\/espenlaub-shop.de\\\/#website\"},\"primaryImageOfPage\":{\"@id\":\"https:\\\/\\\/espenlaub-shop.de\\\/index.php\\\/product\\\/cd-was-machen-sterne-tagsueber-hoerspiel-geschichte-und-lieder\\\/#primaryimage\"},\"image\":{\"@id\":\"https:\\\/\\\/espenlaub-shop.de\\\/index.php\\\/product\\\/cd-was-machen-sterne-tagsueber-hoerspiel-geschichte-und-lieder\\\/#primaryimage\"},\"thumbnailUrl\":\"https:\\\/\\\/espenlaub-shop.de\\\/wp-content\\\/uploads\\\/2020\\\/10\\\/Hoerspiel-Thomas.jpg\",\"datePublished\":\"2020-10-11T16:14:35+00:00\",\"dateModified\":\"2024-10-23T17:02:41+00:00\",\"breadcrumb\":{\"@id\":\"https:\\\/\\\/espenlaub-shop.de\\\/index.php\\\/product\\\/cd-was-machen-sterne-tagsueber-hoerspiel-geschichte-und-lieder\\\/#breadcrumb\"},\"inLanguage\":\"de\",\"potentialAction\":[{\"@type\":\"ReadAction\",\"target\":[\"https:\\\/\\\/espenlaub-shop.de\\\/index.php\\\/product\\\/cd-was-machen-sterne-tagsueber-hoerspiel-geschichte-und-lieder\\\/\"]}]},{\"@type\":\"ImageObject\",\"inLanguage\":\"de\",\"@id\":\"https:\\\/\\\/espenlaub-shop.de\\\/index.php\\\/product\\\/cd-was-machen-sterne-tagsueber-hoerspiel-geschichte-und-lieder\\\/#primaryimage\",\"url\":\"https:\\\/\\\/espenlaub-shop.de\\\/wp-content\\\/uploads\\\/2020\\\/10\\\/Hoerspiel-Thomas.jpg\",\"contentUrl\":\"https:\\\/\\\/espenlaub-shop.de\\\/wp-content\\\/uploads\\\/2020\\\/10\\\/Hoerspiel-Thomas.jpg\",\"width\":1024,\"height\":646},{\"@type\":\"BreadcrumbList\",\"@id\":\"https:\\\/\\\/espenlaub-shop.de\\\/index.php\\\/product\\\/cd-was-machen-sterne-tagsueber-hoerspiel-geschichte-und-lieder\\\/#breadcrumb\",\"itemListElement\":[{\"@type\":\"ListItem\",\"position\":1,\"name\":\"Home\",\"item\":\"https:\\\/\\\/espenlaub-shop.de\\\/\"},{\"@type\":\"ListItem\",\"position\":2,\"name\":\"Shop\",\"item\":\"https:\\\/\\\/espenlaub-shop.de\\\/index.php\\\/shop\\\/\"},{\"@type\":\"ListItem\",\"position\":3,\"name\":\"CD Was machen Sterne tags\u00fcber? &#8211; H\u00f6rspiel-Geschichte und Lieder\"}]},{\"@type\":\"WebSite\",\"@id\":\"https:\\\/\\\/espenlaub-shop.de\\\/#website\",\"url\":\"https:\\\/\\\/espenlaub-shop.de\\\/\",\"name\":\"ESPENLAUB Verlag\",\"description\":\"\",\"publisher\":{\"@id\":\"https:\\\/\\\/espenlaub-shop.de\\\/#organization\"},\"potentialAction\":[{\"@type\":\"SearchAction\",\"target\":{\"@type\":\"EntryPoint\",\"urlTemplate\":\"https:\\\/\\\/espenlaub-shop.de\\\/?s={search_term_string}\"},\"query-input\":{\"@type\":\"PropertyValueSpecification\",\"valueRequired\":true,\"valueName\":\"search_term_string\"}}],\"inLanguage\":\"de\"},{\"@type\":\"Organization\",\"@id\":\"https:\\\/\\\/espenlaub-shop.de\\\/#organization\",\"name\":\"ESPENLAUB Verlag\",\"url\":\"https:\\\/\\\/espenlaub-shop.de\\\/\",\"logo\":{\"@type\":\"ImageObject\",\"inLanguage\":\"de\",\"@id\":\"https:\\\/\\\/espenlaub-shop.de\\\/#\\\/schema\\\/logo\\\/image\\\/\",\"url\":\"https:\\\/\\\/espenlaub-shop.de\\\/wp-content\\\/uploads\\\/2020\\\/07\\\/logo.png\",\"contentUrl\":\"https:\\\/\\\/espenlaub-shop.de\\\/wp-content\\\/uploads\\\/2020\\\/07\\\/logo.png\",\"width\":531,\"height\":80,\"caption\":\"ESPENLAUB Verlag\"},\"image\":{\"@id\":\"https:\\\/\\\/espenlaub-shop.de\\\/#\\\/schema\\\/logo\\\/image\\\/\"}}]}<\/script>\n<!-- \/ Yoast SEO plugin. -->","yoast_head_json":{"title":"CD Was machen Sterne tags\u00fcber? - H\u00f6rspiel-Geschichte und Lieder - ESPENLAUB Verlag","robots":{"index":"index","follow":"follow","max-snippet":"max-snippet:-1","max-image-preview":"max-image-preview:large","max-video-preview":"max-video-preview:-1"},"canonical":"https:\/\/espenlaub-shop.de\/index.php\/product\/cd-was-machen-sterne-tagsueber-hoerspiel-geschichte-und-lieder\/","og_locale":"de_DE","og_type":"article","og_title":"CD Was machen Sterne tags\u00fcber? - H\u00f6rspiel-Geschichte und Lieder - ESPENLAUB Verlag","og_description":"Seid gespannt, was der kleine Thomas in diesem Abenteuer erlebt. Ein sch\u00f6ne Einschlafgeschichte mit Liedern zum Mitsingen.","og_url":"https:\/\/espenlaub-shop.de\/index.php\/product\/cd-was-machen-sterne-tagsueber-hoerspiel-geschichte-und-lieder\/","og_site_name":"ESPENLAUB Verlag","article_modified_time":"2024-10-23T17:02:41+00:00","og_image":[{"width":1024,"height":646,"url":"https:\/\/espenlaub-shop.de\/wp-content\/uploads\/2020\/10\/Hoerspiel-Thomas.jpg","type":"image\/jpeg"}],"twitter_card":"summary_large_image","twitter_misc":{"Gesch\u00e4tzte Lesezeit":"1\u00a0Minute"},"schema":{"@context":"https:\/\/schema.org","@graph":[{"@type":"WebPage","@id":"https:\/\/espenlaub-shop.de\/index.php\/product\/cd-was-machen-sterne-tagsueber-hoerspiel-geschichte-und-lieder\/","url":"https:\/\/espenlaub-shop.de\/index.php\/product\/cd-was-machen-sterne-tagsueber-hoerspiel-geschichte-und-lieder\/","name":"CD Was machen Sterne tags\u00fcber? - H\u00f6rspiel-Geschichte und Lieder - ESPENLAUB Verlag","isPartOf":{"@id":"https:\/\/espenlaub-shop.de\/#website"},"primaryImageOfPage":{"@id":"https:\/\/espenlaub-shop.de\/index.php\/product\/cd-was-machen-sterne-tagsueber-hoerspiel-geschichte-und-lieder\/#primaryimage"},"image":{"@id":"https:\/\/espenlaub-shop.de\/index.php\/product\/cd-was-machen-sterne-tagsueber-hoerspiel-geschichte-und-lieder\/#primaryimage"},"thumbnailUrl":"https:\/\/espenlaub-shop.de\/wp-content\/uploads\/2020\/10\/Hoerspiel-Thomas.jpg","datePublished":"2020-10-11T16:14:35+00:00","dateModified":"2024-10-23T17:02:41+00:00","breadcrumb":{"@id":"https:\/\/espenlaub-shop.de\/index.php\/product\/cd-was-machen-sterne-tagsueber-hoerspiel-geschichte-und-lieder\/#breadcrumb"},"inLanguage":"de","potentialAction":[{"@type":"ReadAction","target":["https:\/\/espenlaub-shop.de\/index.php\/product\/cd-was-machen-sterne-tagsueber-hoerspiel-geschichte-und-lieder\/"]}]},{"@type":"ImageObject","inLanguage":"de","@id":"https:\/\/espenlaub-shop.de\/index.php\/product\/cd-was-machen-sterne-tagsueber-hoerspiel-geschichte-und-lieder\/#primaryimage","url":"https:\/\/espenlaub-shop.de\/wp-content\/uploads\/2020\/10\/Hoerspiel-Thomas.jpg","contentUrl":"https:\/\/espenlaub-shop.de\/wp-content\/uploads\/2020\/10\/Hoerspiel-Thomas.jpg","width":1024,"height":646},{"@type":"BreadcrumbList","@id":"https:\/\/espenlaub-shop.de\/index.php\/product\/cd-was-machen-sterne-tagsueber-hoerspiel-geschichte-und-lieder\/#breadcrumb","itemListElement":[{"@type":"ListItem","position":1,"name":"Home","item":"https:\/\/espenlaub-shop.de\/"},{"@type":"ListItem","position":2,"name":"Shop","item":"https:\/\/espenlaub-shop.de\/index.php\/shop\/"},{"@type":"ListItem","position":3,"name":"CD Was machen Sterne tags\u00fcber? &#8211; H\u00f6rspiel-Geschichte und Lieder"}]},{"@type":"WebSite","@id":"https:\/\/espenlaub-shop.de\/#website","url":"https:\/\/espenlaub-shop.de\/","name":"ESPENLAUB Verlag","description":"","publisher":{"@id":"https:\/\/espenlaub-shop.de\/#organization"},"potentialAction":[{"@type":"SearchAction","target":{"@type":"EntryPoint","urlTemplate":"https:\/\/espenlaub-shop.de\/?s={search_term_string}"},"query-input":{"@type":"PropertyValueSpecification","valueRequired":true,"valueName":"search_term_string"}}],"inLanguage":"de"},{"@type":"Organization","@id":"https:\/\/espenlaub-shop.de\/#organization","name":"ESPENLAUB Verlag","url":"https:\/\/espenlaub-shop.de\/","logo":{"@type":"ImageObject","inLanguage":"de","@id":"https:\/\/espenlaub-shop.de\/#\/schema\/logo\/image\/","url":"https:\/\/espenlaub-shop.de\/wp-content\/uploads\/2020\/07\/logo.png","contentUrl":"https:\/\/espenlaub-shop.de\/wp-content\/uploads\/2020\/07\/logo.png","width":531,"height":80,"caption":"ESPENLAUB Verlag"},"image":{"@id":"https:\/\/espenlaub-shop.de\/#\/schema\/logo\/image\/"}}]}},"_links":{"self":[{"href":"https:\/\/espenlaub-shop.de\/index.php\/wp-json\/wp\/v2\/product\/181","targetHints":{"allow":["GET"]}}],"collection":[{"href":"https:\/\/espenlaub-shop.de\/index.php\/wp-json\/wp\/v2\/product"}],"about":[{"href":"https:\/\/espenlaub-shop.de\/index.php\/wp-json\/wp\/v2\/types\/product"}],"wp:featuredmedia":[{"embeddable":true,"href":"https:\/\/espenlaub-shop.de\/index.php\/wp-json\/wp\/v2\/media\/182"}],"wp:attachment":[{"href":"https:\/\/espenlaub-shop.de\/index.php\/wp-json\/wp\/v2\/media?parent=181"}],"wp:term":[{"taxonomy":"product_brand","embeddable":true,"href":"https:\/\/espenlaub-shop.de\/index.php\/wp-json\/wp\/v2\/product_brand?post=181"},{"taxonomy":"product_cat","embeddable":true,"href":"https:\/\/espenlaub-shop.de\/index.php\/wp-json\/wp\/v2\/product_cat?post=181"},{"taxonomy":"product_tag","embeddable":true,"href":"https:\/\/espenlaub-shop.de\/index.php\/wp-json\/wp\/v2\/product_tag?post=181"}],"curies":[{"name":"wp","href":"https:\/\/api.w.org\/{rel}","templated":true}]}}