{"id":183,"date":"2020-10-12T07:42:25","date_gmt":"2020-10-12T07:42:25","guid":{"rendered":"https:\/\/espenlaub-shop.de\/?post_type=product&#038;p=183"},"modified":"2022-06-17T03:46:17","modified_gmt":"2022-06-17T03:46:17","slug":"cd-schwaebisch-2-ond-andrs-zuig","status":"publish","type":"product","link":"https:\/\/espenlaub-shop.de\/index.php\/product\/cd-schwaebisch-2-ond-andrs-zuig\/","title":{"rendered":"CD Schw\u00e4bisch 2 &#8211; ond grad so weidr"},"content":{"rendered":"<p>Musik-CD<\/p>\n<ol>\n<li>Jubile<\/li>\n<li>Grias Gott alle mitanand<\/li>\n<li>Muss i denn zum St\u00e4dele hinaus<\/li>\n<li>S\u00b4br\u00e4ssiert wia d\u00b4Sau<\/li>\n<li>Klarinetten-Muckl<\/li>\n<li>Mai Knui isch nui<\/li>\n<li>Jubel Walzer<\/li>\n<li>Pausen Brause<\/li>\n<li>Ameisen-Gedicht<\/li>\n<li>Gott wois alles, s\u00b4Dorf wois me<\/li>\n<li>Elefanten-Gedicht<\/li>\n<li>Amazing Grace<\/li>\n<li>Gek\u00fcsst<\/li>\n<li>G\u00e4ngschdr<\/li>\n<li>I han draimt<\/li>\n<li>Heidenr\u00f6slein (Sah ein Knab ein R\u00f6slein stehn)<\/li>\n<li>Ihr waret a supr Publikum<\/li>\n<\/ol>\n<p>&nbsp;<\/p>\n","protected":false},"excerpt":{"rendered":"<p>Musik-CD Schw\u00e4bisch &#8222;2&#8220;. Weitere unterhaltsame, schw\u00e4bische Lieder u.a. von und mit Jo Br\u00f6sele.<\/p>\n<p>&nbsp;<\/p>\n","protected":false},"featured_media":118,"template":"","meta":[],"product_brand":[],"product_cat":[21],"product_tag":[117,116,35,59,60,118,45,115,51,120,119,53],"class_list":{"0":"post-183","1":"product","2":"type-product","3":"status-publish","4":"has-post-thumbnail","6":"product_cat-musik-filme","7":"product_tag-amazing","8":"product_tag-ameisen","9":"product_tag-cd","10":"product_tag-elefant","11":"product_tag-geburtstag","12":"product_tag-heidenroeslein","13":"product_tag-jo-broesele","14":"product_tag-klarinette","15":"product_tag-musik","16":"product_tag-pause","17":"product_tag-tusch","18":"product_tag-walzer","20":"first","21":"instock","22":"purchasable","23":"product-type-simple"},"yoast_head":"<!-- This site is optimized with the Yoast SEO plugin v27.4 - https:\/\/yoast.com\/product\/yoast-seo-wordpress\/ -->\n<title>CD Schw\u00e4bisch 2 - ond grad so weidr - ESPENLAUB Verlag<\/title>\n<meta name=\"robots\" content=\"index, follow, max-snippet:-1, max-image-preview:large, max-video-preview:-1\" \/>\n<link rel=\"canonical\" href=\"https:\/\/espenlaub-shop.de\/index.php\/product\/cd-schwaebisch-2-ond-andrs-zuig\/\" \/>\n<meta property=\"og:locale\" content=\"de_DE\" \/>\n<meta property=\"og:type\" content=\"article\" \/>\n<meta property=\"og:title\" content=\"CD Schw\u00e4bisch 2 - ond grad so weidr - ESPENLAUB Verlag\" \/>\n<meta property=\"og:description\" content=\"Musik-CD Schw\u00e4bisch &quot;2&quot;. Weitere unterhaltsame, schw\u00e4bische Lieder u.a. von und mit Jo Br\u00f6sele.  &nbsp;\" \/>\n<meta property=\"og:url\" content=\"https:\/\/espenlaub-shop.de\/index.php\/product\/cd-schwaebisch-2-ond-andrs-zuig\/\" \/>\n<meta property=\"og:site_name\" content=\"ESPENLAUB Verlag\" \/>\n<meta property=\"article:modified_time\" content=\"2022-06-17T03:46:17+00:00\" \/>\n<meta property=\"og:image\" content=\"https:\/\/espenlaub-shop.de\/wp-content\/uploads\/2020\/10\/Musik-Schwaebisch-2.jpg\" \/>\n\t<meta property=\"og:image:width\" content=\"1024\" \/>\n\t<meta property=\"og:image:height\" content=\"646\" \/>\n\t<meta property=\"og:image:type\" content=\"image\/jpeg\" \/>\n<meta name=\"twitter:card\" content=\"summary_large_image\" \/>\n<script type=\"application\/ld+json\" class=\"yoast-schema-graph\">{\"@context\":\"https:\\\/\\\/schema.org\",\"@graph\":[{\"@type\":\"WebPage\",\"@id\":\"https:\\\/\\\/espenlaub-shop.de\\\/index.php\\\/product\\\/cd-schwaebisch-2-ond-andrs-zuig\\\/\",\"url\":\"https:\\\/\\\/espenlaub-shop.de\\\/index.php\\\/product\\\/cd-schwaebisch-2-ond-andrs-zuig\\\/\",\"name\":\"CD Schw\u00e4bisch 2 - ond grad so weidr - ESPENLAUB Verlag\",\"isPartOf\":{\"@id\":\"https:\\\/\\\/espenlaub-shop.de\\\/#website\"},\"primaryImageOfPage\":{\"@id\":\"https:\\\/\\\/espenlaub-shop.de\\\/index.php\\\/product\\\/cd-schwaebisch-2-ond-andrs-zuig\\\/#primaryimage\"},\"image\":{\"@id\":\"https:\\\/\\\/espenlaub-shop.de\\\/index.php\\\/product\\\/cd-schwaebisch-2-ond-andrs-zuig\\\/#primaryimage\"},\"thumbnailUrl\":\"https:\\\/\\\/espenlaub-shop.de\\\/wp-content\\\/uploads\\\/2020\\\/10\\\/Musik-Schwaebisch-2.jpg\",\"datePublished\":\"2020-10-12T07:42:25+00:00\",\"dateModified\":\"2022-06-17T03:46:17+00:00\",\"breadcrumb\":{\"@id\":\"https:\\\/\\\/espenlaub-shop.de\\\/index.php\\\/product\\\/cd-schwaebisch-2-ond-andrs-zuig\\\/#breadcrumb\"},\"inLanguage\":\"de\",\"potentialAction\":[{\"@type\":\"ReadAction\",\"target\":[\"https:\\\/\\\/espenlaub-shop.de\\\/index.php\\\/product\\\/cd-schwaebisch-2-ond-andrs-zuig\\\/\"]}]},{\"@type\":\"ImageObject\",\"inLanguage\":\"de\",\"@id\":\"https:\\\/\\\/espenlaub-shop.de\\\/index.php\\\/product\\\/cd-schwaebisch-2-ond-andrs-zuig\\\/#primaryimage\",\"url\":\"https:\\\/\\\/espenlaub-shop.de\\\/wp-content\\\/uploads\\\/2020\\\/10\\\/Musik-Schwaebisch-2.jpg\",\"contentUrl\":\"https:\\\/\\\/espenlaub-shop.de\\\/wp-content\\\/uploads\\\/2020\\\/10\\\/Musik-Schwaebisch-2.jpg\",\"width\":1024,\"height\":646},{\"@type\":\"BreadcrumbList\",\"@id\":\"https:\\\/\\\/espenlaub-shop.de\\\/index.php\\\/product\\\/cd-schwaebisch-2-ond-andrs-zuig\\\/#breadcrumb\",\"itemListElement\":[{\"@type\":\"ListItem\",\"position\":1,\"name\":\"Home\",\"item\":\"https:\\\/\\\/espenlaub-shop.de\\\/\"},{\"@type\":\"ListItem\",\"position\":2,\"name\":\"Shop\",\"item\":\"https:\\\/\\\/espenlaub-shop.de\\\/index.php\\\/shop\\\/\"},{\"@type\":\"ListItem\",\"position\":3,\"name\":\"CD Schw\u00e4bisch 2 &#8211; ond grad so weidr\"}]},{\"@type\":\"WebSite\",\"@id\":\"https:\\\/\\\/espenlaub-shop.de\\\/#website\",\"url\":\"https:\\\/\\\/espenlaub-shop.de\\\/\",\"name\":\"ESPENLAUB Verlag\",\"description\":\"\",\"publisher\":{\"@id\":\"https:\\\/\\\/espenlaub-shop.de\\\/#organization\"},\"potentialAction\":[{\"@type\":\"SearchAction\",\"target\":{\"@type\":\"EntryPoint\",\"urlTemplate\":\"https:\\\/\\\/espenlaub-shop.de\\\/?s={search_term_string}\"},\"query-input\":{\"@type\":\"PropertyValueSpecification\",\"valueRequired\":true,\"valueName\":\"search_term_string\"}}],\"inLanguage\":\"de\"},{\"@type\":\"Organization\",\"@id\":\"https:\\\/\\\/espenlaub-shop.de\\\/#organization\",\"name\":\"ESPENLAUB Verlag\",\"url\":\"https:\\\/\\\/espenlaub-shop.de\\\/\",\"logo\":{\"@type\":\"ImageObject\",\"inLanguage\":\"de\",\"@id\":\"https:\\\/\\\/espenlaub-shop.de\\\/#\\\/schema\\\/logo\\\/image\\\/\",\"url\":\"https:\\\/\\\/espenlaub-shop.de\\\/wp-content\\\/uploads\\\/2020\\\/07\\\/logo.png\",\"contentUrl\":\"https:\\\/\\\/espenlaub-shop.de\\\/wp-content\\\/uploads\\\/2020\\\/07\\\/logo.png\",\"width\":531,\"height\":80,\"caption\":\"ESPENLAUB Verlag\"},\"image\":{\"@id\":\"https:\\\/\\\/espenlaub-shop.de\\\/#\\\/schema\\\/logo\\\/image\\\/\"}}]}<\/script>\n<!-- \/ Yoast SEO plugin. -->","yoast_head_json":{"title":"CD Schw\u00e4bisch 2 - ond grad so weidr - ESPENLAUB Verlag","robots":{"index":"index","follow":"follow","max-snippet":"max-snippet:-1","max-image-preview":"max-image-preview:large","max-video-preview":"max-video-preview:-1"},"canonical":"https:\/\/espenlaub-shop.de\/index.php\/product\/cd-schwaebisch-2-ond-andrs-zuig\/","og_locale":"de_DE","og_type":"article","og_title":"CD Schw\u00e4bisch 2 - ond grad so weidr - ESPENLAUB Verlag","og_description":"Musik-CD Schw\u00e4bisch \"2\". Weitere unterhaltsame, schw\u00e4bische Lieder u.a. von und mit Jo Br\u00f6sele.  &nbsp;","og_url":"https:\/\/espenlaub-shop.de\/index.php\/product\/cd-schwaebisch-2-ond-andrs-zuig\/","og_site_name":"ESPENLAUB Verlag","article_modified_time":"2022-06-17T03:46:17+00:00","og_image":[{"width":1024,"height":646,"url":"https:\/\/espenlaub-shop.de\/wp-content\/uploads\/2020\/10\/Musik-Schwaebisch-2.jpg","type":"image\/jpeg"}],"twitter_card":"summary_large_image","schema":{"@context":"https:\/\/schema.org","@graph":[{"@type":"WebPage","@id":"https:\/\/espenlaub-shop.de\/index.php\/product\/cd-schwaebisch-2-ond-andrs-zuig\/","url":"https:\/\/espenlaub-shop.de\/index.php\/product\/cd-schwaebisch-2-ond-andrs-zuig\/","name":"CD Schw\u00e4bisch 2 - ond grad so weidr - ESPENLAUB Verlag","isPartOf":{"@id":"https:\/\/espenlaub-shop.de\/#website"},"primaryImageOfPage":{"@id":"https:\/\/espenlaub-shop.de\/index.php\/product\/cd-schwaebisch-2-ond-andrs-zuig\/#primaryimage"},"image":{"@id":"https:\/\/espenlaub-shop.de\/index.php\/product\/cd-schwaebisch-2-ond-andrs-zuig\/#primaryimage"},"thumbnailUrl":"https:\/\/espenlaub-shop.de\/wp-content\/uploads\/2020\/10\/Musik-Schwaebisch-2.jpg","datePublished":"2020-10-12T07:42:25+00:00","dateModified":"2022-06-17T03:46:17+00:00","breadcrumb":{"@id":"https:\/\/espenlaub-shop.de\/index.php\/product\/cd-schwaebisch-2-ond-andrs-zuig\/#breadcrumb"},"inLanguage":"de","potentialAction":[{"@type":"ReadAction","target":["https:\/\/espenlaub-shop.de\/index.php\/product\/cd-schwaebisch-2-ond-andrs-zuig\/"]}]},{"@type":"ImageObject","inLanguage":"de","@id":"https:\/\/espenlaub-shop.de\/index.php\/product\/cd-schwaebisch-2-ond-andrs-zuig\/#primaryimage","url":"https:\/\/espenlaub-shop.de\/wp-content\/uploads\/2020\/10\/Musik-Schwaebisch-2.jpg","contentUrl":"https:\/\/espenlaub-shop.de\/wp-content\/uploads\/2020\/10\/Musik-Schwaebisch-2.jpg","width":1024,"height":646},{"@type":"BreadcrumbList","@id":"https:\/\/espenlaub-shop.de\/index.php\/product\/cd-schwaebisch-2-ond-andrs-zuig\/#breadcrumb","itemListElement":[{"@type":"ListItem","position":1,"name":"Home","item":"https:\/\/espenlaub-shop.de\/"},{"@type":"ListItem","position":2,"name":"Shop","item":"https:\/\/espenlaub-shop.de\/index.php\/shop\/"},{"@type":"ListItem","position":3,"name":"CD Schw\u00e4bisch 2 &#8211; ond grad so weidr"}]},{"@type":"WebSite","@id":"https:\/\/espenlaub-shop.de\/#website","url":"https:\/\/espenlaub-shop.de\/","name":"ESPENLAUB Verlag","description":"","publisher":{"@id":"https:\/\/espenlaub-shop.de\/#organization"},"potentialAction":[{"@type":"SearchAction","target":{"@type":"EntryPoint","urlTemplate":"https:\/\/espenlaub-shop.de\/?s={search_term_string}"},"query-input":{"@type":"PropertyValueSpecification","valueRequired":true,"valueName":"search_term_string"}}],"inLanguage":"de"},{"@type":"Organization","@id":"https:\/\/espenlaub-shop.de\/#organization","name":"ESPENLAUB Verlag","url":"https:\/\/espenlaub-shop.de\/","logo":{"@type":"ImageObject","inLanguage":"de","@id":"https:\/\/espenlaub-shop.de\/#\/schema\/logo\/image\/","url":"https:\/\/espenlaub-shop.de\/wp-content\/uploads\/2020\/07\/logo.png","contentUrl":"https:\/\/espenlaub-shop.de\/wp-content\/uploads\/2020\/07\/logo.png","width":531,"height":80,"caption":"ESPENLAUB Verlag"},"image":{"@id":"https:\/\/espenlaub-shop.de\/#\/schema\/logo\/image\/"}}]}},"_links":{"self":[{"href":"https:\/\/espenlaub-shop.de\/index.php\/wp-json\/wp\/v2\/product\/183","targetHints":{"allow":["GET"]}}],"collection":[{"href":"https:\/\/espenlaub-shop.de\/index.php\/wp-json\/wp\/v2\/product"}],"about":[{"href":"https:\/\/espenlaub-shop.de\/index.php\/wp-json\/wp\/v2\/types\/product"}],"wp:featuredmedia":[{"embeddable":true,"href":"https:\/\/espenlaub-shop.de\/index.php\/wp-json\/wp\/v2\/media\/118"}],"wp:attachment":[{"href":"https:\/\/espenlaub-shop.de\/index.php\/wp-json\/wp\/v2\/media?parent=183"}],"wp:term":[{"taxonomy":"product_brand","embeddable":true,"href":"https:\/\/espenlaub-shop.de\/index.php\/wp-json\/wp\/v2\/product_brand?post=183"},{"taxonomy":"product_cat","embeddable":true,"href":"https:\/\/espenlaub-shop.de\/index.php\/wp-json\/wp\/v2\/product_cat?post=183"},{"taxonomy":"product_tag","embeddable":true,"href":"https:\/\/espenlaub-shop.de\/index.php\/wp-json\/wp\/v2\/product_tag?post=183"}],"curies":[{"name":"wp","href":"https:\/\/api.w.org\/{rel}","templated":true}]}}