{"id":194,"date":"2020-10-19T21:28:15","date_gmt":"2020-10-19T21:28:15","guid":{"rendered":"https:\/\/espenlaub-shop.de\/?post_type=product&#038;p=194"},"modified":"2020-10-19T21:41:52","modified_gmt":"2020-10-19T21:41:52","slug":"cd-schwaebisch-1-2-3-4-4x-jo-broesele-mit-seinen-schwaebischen-liedern","status":"publish","type":"product","link":"https:\/\/espenlaub-shop.de\/index.php\/product\/cd-schwaebisch-1-2-3-4-4x-jo-broesele-mit-seinen-schwaebischen-liedern\/","title":{"rendered":"CD Schw\u00e4bisch 1+2+3+4 &#8211; 4x Jo Br\u00f6sele mit seinen schw\u00e4bischen Liedern"},"content":{"rendered":"<p>Musik-CD &#8222;1&#8220; ond andrs Zuig<\/p>\n<ol>\n<li>Gria\u00df Gott mit hellem Klang<\/li>\n<li>Auf dr schw\u00e4bischa Eisabahna<\/li>\n<li>Schwoba-L\u00e4ndle<\/li>\n<li>Zeidong<\/li>\n<li>Zirkus Renz<\/li>\n<li>Schwoba-Jodler<\/li>\n<li>Veschbr-Pause<\/li>\n<li>Glocken-Potourri<\/li>\n<li>Schw\u00e4bisch mo\u00df ma kenna<\/li>\n<li>Schuster-Polka<\/li>\n<li>I drenk ganz gern a Bier<\/li>\n<li>Schea gwea<\/li>\n<li>Sulmenga<\/li>\n<li>Dankschea<\/li>\n<\/ol>\n<p>Musik-CD &#8222;2&#8220; ond grad so weidr<\/p>\n<ol>\n<li>Jubile<\/li>\n<li>Grias Gott alle mitanand<\/li>\n<li>Muss i denn zum St\u00e4dele hinaus<\/li>\n<li>S\u00b4br\u00e4ssiert wia d\u00b4Sau<\/li>\n<li>Klarinetten-Muckl<\/li>\n<li>Mai Knui isch nui<\/li>\n<li>Jubel Walzer<\/li>\n<li>Pausen Brause<\/li>\n<li>Ameisen-Gedicht<\/li>\n<li>Gott wois alles, s\u00b4Dorf wois me<\/li>\n<li>Elefanten-Gedicht<\/li>\n<li>Amazing Grace<\/li>\n<li>Gek\u00fcsst<\/li>\n<li>G\u00e4ngschdr<\/li>\n<li>I han draimt<\/li>\n<li>Heidenr\u00f6slein (Sah ein Knab ein R\u00f6slein stehn)<\/li>\n<li>Ihr waret a supr Publikum<\/li>\n<\/ol>\n<p>Musik-CD &#8222;3&#8220; Friar (Fr\u00fcher)<\/p>\n<ol>\n<li>Guada Morga<\/li>\n<li>Bauernregeln<\/li>\n<li>Muss i denn zum St\u00e4dele hinaus (instrumental)<\/li>\n<li>Friar<\/li>\n<li>Aus vollem Hals<\/li>\n<li>Rondo &#8211; T\u00fcrkischer Marsch<\/li>\n<li>Got\u00b4s eich noch guad<\/li>\n<li>Schnader Hupferl<\/li>\n<li>Alphorn Polka<\/li>\n<li>Kuckuck<\/li>\n<li>Die Geschichte vom Igel<\/li>\n<li>Whiskey Blues<\/li>\n<li>Mir sends<\/li>\n<li>Caf\u00e9haus Walzer<\/li>\n<li>Fr\u00fcher<\/li>\n<li>Es war so schea<\/li>\n<li>Waret\u00b4r mit dm Sound zfrieda?<\/li>\n<\/ol>\n<p>Musik-CD &#8222;4&#8220; Steig mr doch da Buggl nauf<\/p>\n<ol>\n<li>Jetzt got\u00b4s los!<\/li>\n<li>Schwoba-L\u00e4ndle Musikverein-Version<\/li>\n<li>Beim Dokdr &#8211; Steig mr doch da Buggl nauf<\/li>\n<li>Majestix (Alphorn)<\/li>\n<li>I f\u00fchl mi wohl<\/li>\n<li>Rosen Walzer<\/li>\n<li>Jodelei<\/li>\n<li>Heidenr\u00f6slein &#8211; Sah ein Knab ein R\u00f6slein stehn (instrumental)<\/li>\n<li>F\u00fcnzig Rosen (Gedicht zum Geburtstag &#8211; Lose)<\/li>\n<li>Geburtstag ist nicht jeden Tag (Mann-Version)<\/li>\n<li>F\u00fcnzig Rosen (Gedicht zum Geburtstag &#8211; Dosen)<\/li>\n<li>Geburtstag ist nicht jeden Tag (Frau-Version)<\/li>\n<li>Babba Kabba<\/li>\n<li>Dorf-Walzer<\/li>\n<li>Herbst<\/li>\n<li>What a wonderful world<\/li>\n<li>Hallo ihr do dussa<\/li>\n<\/ol>\n<p>&nbsp;<\/p>\n","protected":false},"excerpt":{"rendered":"<p>4 verschied. Musik-CD Schw\u00e4bisch &#8222;1&#8220;+&#8220;2&#8243;+&#8220;3&#8243;+&#8220;4&#8243;. Viele unterhaltsame, schw\u00e4bische Lieder u.a. von und mit Jo Br\u00f6sele.<\/p>\n<p>Anstatt 4 x 6,95 Euro Einzelpreis &#8211; nur f\u00fcr 20 Euro.<\/p>\n<p>&nbsp;<\/p>\n","protected":false},"featured_media":197,"template":"","meta":[],"product_brand":[],"product_cat":[21,26],"product_tag":[52,117,116,135,139,35,59,60,118,45,138,115,140,51,120,55,136,133,134,137,119,53,57],"class_list":{"0":"post-194","1":"product","2":"type-product","3":"status-publish","4":"has-post-thumbnail","6":"product_cat-musik-filme","7":"product_cat-schnaeppchen","8":"product_tag-alphorn","9":"product_tag-amazing","10":"product_tag-ameisen","11":"product_tag-bauernregel","12":"product_tag-bier","13":"product_tag-cd","14":"product_tag-elefant","15":"product_tag-geburtstag","16":"product_tag-heidenroeslein","17":"product_tag-jo-broesele","18":"product_tag-jodler","19":"product_tag-klarinette","20":"product_tag-kuckuck","21":"product_tag-musik","22":"product_tag-pause","23":"product_tag-polka","24":"product_tag-rondo","25":"product_tag-schnaeppchen","26":"product_tag-strohfidel","27":"product_tag-tuerkischer-marsch","28":"product_tag-tusch","29":"product_tag-walzer","30":"product_tag-zirkus","32":"first","33":"instock","34":"purchasable","35":"product-type-simple"},"yoast_head":"<!-- This site is optimized with the Yoast SEO plugin v27.4 - https:\/\/yoast.com\/product\/yoast-seo-wordpress\/ -->\n<title>CD Schw\u00e4bisch 1+2+3+4 - 4x Jo Br\u00f6sele mit seinen schw\u00e4bischen Liedern - ESPENLAUB Verlag<\/title>\n<meta name=\"robots\" content=\"index, follow, max-snippet:-1, max-image-preview:large, max-video-preview:-1\" \/>\n<link rel=\"canonical\" href=\"https:\/\/espenlaub-shop.de\/index.php\/product\/cd-schwaebisch-1-2-3-4-4x-jo-broesele-mit-seinen-schwaebischen-liedern\/\" \/>\n<meta property=\"og:locale\" content=\"de_DE\" \/>\n<meta property=\"og:type\" content=\"article\" \/>\n<meta property=\"og:title\" content=\"CD Schw\u00e4bisch 1+2+3+4 - 4x Jo Br\u00f6sele mit seinen schw\u00e4bischen Liedern - ESPENLAUB Verlag\" \/>\n<meta property=\"og:description\" content=\"4 verschied. Musik-CD Schw\u00e4bisch &quot;1&quot;+&quot;2&quot;+&quot;3&quot;+&quot;4&quot;. Viele unterhaltsame, schw\u00e4bische Lieder u.a. von und mit Jo Br\u00f6sele.  Anstatt 4 x 6,95 Euro Einzelpreis - nur f\u00fcr 20 Euro.  &nbsp;\" \/>\n<meta property=\"og:url\" content=\"https:\/\/espenlaub-shop.de\/index.php\/product\/cd-schwaebisch-1-2-3-4-4x-jo-broesele-mit-seinen-schwaebischen-liedern\/\" \/>\n<meta property=\"og:site_name\" content=\"ESPENLAUB Verlag\" \/>\n<meta property=\"article:modified_time\" content=\"2020-10-19T21:41:52+00:00\" \/>\n<meta property=\"og:image\" content=\"https:\/\/espenlaub-shop.de\/wp-content\/uploads\/2020\/10\/Schnaeppchen.jpg\" \/>\n\t<meta property=\"og:image:width\" content=\"1024\" \/>\n\t<meta property=\"og:image:height\" content=\"646\" \/>\n\t<meta property=\"og:image:type\" content=\"image\/jpeg\" \/>\n<meta name=\"twitter:card\" content=\"summary_large_image\" \/>\n<meta name=\"twitter:label1\" content=\"Gesch\u00e4tzte Lesezeit\" \/>\n\t<meta name=\"twitter:data1\" content=\"1\u00a0Minute\" \/>\n<script type=\"application\/ld+json\" class=\"yoast-schema-graph\">{\"@context\":\"https:\\\/\\\/schema.org\",\"@graph\":[{\"@type\":\"WebPage\",\"@id\":\"https:\\\/\\\/espenlaub-shop.de\\\/index.php\\\/product\\\/cd-schwaebisch-1-2-3-4-4x-jo-broesele-mit-seinen-schwaebischen-liedern\\\/\",\"url\":\"https:\\\/\\\/espenlaub-shop.de\\\/index.php\\\/product\\\/cd-schwaebisch-1-2-3-4-4x-jo-broesele-mit-seinen-schwaebischen-liedern\\\/\",\"name\":\"CD Schw\u00e4bisch 1+2+3+4 - 4x Jo Br\u00f6sele mit seinen schw\u00e4bischen Liedern - ESPENLAUB Verlag\",\"isPartOf\":{\"@id\":\"https:\\\/\\\/espenlaub-shop.de\\\/#website\"},\"primaryImageOfPage\":{\"@id\":\"https:\\\/\\\/espenlaub-shop.de\\\/index.php\\\/product\\\/cd-schwaebisch-1-2-3-4-4x-jo-broesele-mit-seinen-schwaebischen-liedern\\\/#primaryimage\"},\"image\":{\"@id\":\"https:\\\/\\\/espenlaub-shop.de\\\/index.php\\\/product\\\/cd-schwaebisch-1-2-3-4-4x-jo-broesele-mit-seinen-schwaebischen-liedern\\\/#primaryimage\"},\"thumbnailUrl\":\"https:\\\/\\\/espenlaub-shop.de\\\/wp-content\\\/uploads\\\/2020\\\/10\\\/Schnaeppchen.jpg\",\"datePublished\":\"2020-10-19T21:28:15+00:00\",\"dateModified\":\"2020-10-19T21:41:52+00:00\",\"breadcrumb\":{\"@id\":\"https:\\\/\\\/espenlaub-shop.de\\\/index.php\\\/product\\\/cd-schwaebisch-1-2-3-4-4x-jo-broesele-mit-seinen-schwaebischen-liedern\\\/#breadcrumb\"},\"inLanguage\":\"de\",\"potentialAction\":[{\"@type\":\"ReadAction\",\"target\":[\"https:\\\/\\\/espenlaub-shop.de\\\/index.php\\\/product\\\/cd-schwaebisch-1-2-3-4-4x-jo-broesele-mit-seinen-schwaebischen-liedern\\\/\"]}]},{\"@type\":\"ImageObject\",\"inLanguage\":\"de\",\"@id\":\"https:\\\/\\\/espenlaub-shop.de\\\/index.php\\\/product\\\/cd-schwaebisch-1-2-3-4-4x-jo-broesele-mit-seinen-schwaebischen-liedern\\\/#primaryimage\",\"url\":\"https:\\\/\\\/espenlaub-shop.de\\\/wp-content\\\/uploads\\\/2020\\\/10\\\/Schnaeppchen.jpg\",\"contentUrl\":\"https:\\\/\\\/espenlaub-shop.de\\\/wp-content\\\/uploads\\\/2020\\\/10\\\/Schnaeppchen.jpg\",\"width\":1024,\"height\":646},{\"@type\":\"BreadcrumbList\",\"@id\":\"https:\\\/\\\/espenlaub-shop.de\\\/index.php\\\/product\\\/cd-schwaebisch-1-2-3-4-4x-jo-broesele-mit-seinen-schwaebischen-liedern\\\/#breadcrumb\",\"itemListElement\":[{\"@type\":\"ListItem\",\"position\":1,\"name\":\"Home\",\"item\":\"https:\\\/\\\/espenlaub-shop.de\\\/\"},{\"@type\":\"ListItem\",\"position\":2,\"name\":\"Shop\",\"item\":\"https:\\\/\\\/espenlaub-shop.de\\\/index.php\\\/shop\\\/\"},{\"@type\":\"ListItem\",\"position\":3,\"name\":\"CD Schw\u00e4bisch 1+2+3+4 &#8211; 4x Jo Br\u00f6sele mit seinen schw\u00e4bischen Liedern\"}]},{\"@type\":\"WebSite\",\"@id\":\"https:\\\/\\\/espenlaub-shop.de\\\/#website\",\"url\":\"https:\\\/\\\/espenlaub-shop.de\\\/\",\"name\":\"ESPENLAUB Verlag\",\"description\":\"\",\"publisher\":{\"@id\":\"https:\\\/\\\/espenlaub-shop.de\\\/#organization\"},\"potentialAction\":[{\"@type\":\"SearchAction\",\"target\":{\"@type\":\"EntryPoint\",\"urlTemplate\":\"https:\\\/\\\/espenlaub-shop.de\\\/?s={search_term_string}\"},\"query-input\":{\"@type\":\"PropertyValueSpecification\",\"valueRequired\":true,\"valueName\":\"search_term_string\"}}],\"inLanguage\":\"de\"},{\"@type\":\"Organization\",\"@id\":\"https:\\\/\\\/espenlaub-shop.de\\\/#organization\",\"name\":\"ESPENLAUB Verlag\",\"url\":\"https:\\\/\\\/espenlaub-shop.de\\\/\",\"logo\":{\"@type\":\"ImageObject\",\"inLanguage\":\"de\",\"@id\":\"https:\\\/\\\/espenlaub-shop.de\\\/#\\\/schema\\\/logo\\\/image\\\/\",\"url\":\"https:\\\/\\\/espenlaub-shop.de\\\/wp-content\\\/uploads\\\/2020\\\/07\\\/logo.png\",\"contentUrl\":\"https:\\\/\\\/espenlaub-shop.de\\\/wp-content\\\/uploads\\\/2020\\\/07\\\/logo.png\",\"width\":531,\"height\":80,\"caption\":\"ESPENLAUB Verlag\"},\"image\":{\"@id\":\"https:\\\/\\\/espenlaub-shop.de\\\/#\\\/schema\\\/logo\\\/image\\\/\"}}]}<\/script>\n<!-- \/ Yoast SEO plugin. -->","yoast_head_json":{"title":"CD Schw\u00e4bisch 1+2+3+4 - 4x Jo Br\u00f6sele mit seinen schw\u00e4bischen Liedern - ESPENLAUB Verlag","robots":{"index":"index","follow":"follow","max-snippet":"max-snippet:-1","max-image-preview":"max-image-preview:large","max-video-preview":"max-video-preview:-1"},"canonical":"https:\/\/espenlaub-shop.de\/index.php\/product\/cd-schwaebisch-1-2-3-4-4x-jo-broesele-mit-seinen-schwaebischen-liedern\/","og_locale":"de_DE","og_type":"article","og_title":"CD Schw\u00e4bisch 1+2+3+4 - 4x Jo Br\u00f6sele mit seinen schw\u00e4bischen Liedern - ESPENLAUB Verlag","og_description":"4 verschied. Musik-CD Schw\u00e4bisch \"1\"+\"2\"+\"3\"+\"4\". Viele unterhaltsame, schw\u00e4bische Lieder u.a. von und mit Jo Br\u00f6sele.  Anstatt 4 x 6,95 Euro Einzelpreis - nur f\u00fcr 20 Euro.  &nbsp;","og_url":"https:\/\/espenlaub-shop.de\/index.php\/product\/cd-schwaebisch-1-2-3-4-4x-jo-broesele-mit-seinen-schwaebischen-liedern\/","og_site_name":"ESPENLAUB Verlag","article_modified_time":"2020-10-19T21:41:52+00:00","og_image":[{"width":1024,"height":646,"url":"https:\/\/espenlaub-shop.de\/wp-content\/uploads\/2020\/10\/Schnaeppchen.jpg","type":"image\/jpeg"}],"twitter_card":"summary_large_image","twitter_misc":{"Gesch\u00e4tzte Lesezeit":"1\u00a0Minute"},"schema":{"@context":"https:\/\/schema.org","@graph":[{"@type":"WebPage","@id":"https:\/\/espenlaub-shop.de\/index.php\/product\/cd-schwaebisch-1-2-3-4-4x-jo-broesele-mit-seinen-schwaebischen-liedern\/","url":"https:\/\/espenlaub-shop.de\/index.php\/product\/cd-schwaebisch-1-2-3-4-4x-jo-broesele-mit-seinen-schwaebischen-liedern\/","name":"CD Schw\u00e4bisch 1+2+3+4 - 4x Jo Br\u00f6sele mit seinen schw\u00e4bischen Liedern - ESPENLAUB Verlag","isPartOf":{"@id":"https:\/\/espenlaub-shop.de\/#website"},"primaryImageOfPage":{"@id":"https:\/\/espenlaub-shop.de\/index.php\/product\/cd-schwaebisch-1-2-3-4-4x-jo-broesele-mit-seinen-schwaebischen-liedern\/#primaryimage"},"image":{"@id":"https:\/\/espenlaub-shop.de\/index.php\/product\/cd-schwaebisch-1-2-3-4-4x-jo-broesele-mit-seinen-schwaebischen-liedern\/#primaryimage"},"thumbnailUrl":"https:\/\/espenlaub-shop.de\/wp-content\/uploads\/2020\/10\/Schnaeppchen.jpg","datePublished":"2020-10-19T21:28:15+00:00","dateModified":"2020-10-19T21:41:52+00:00","breadcrumb":{"@id":"https:\/\/espenlaub-shop.de\/index.php\/product\/cd-schwaebisch-1-2-3-4-4x-jo-broesele-mit-seinen-schwaebischen-liedern\/#breadcrumb"},"inLanguage":"de","potentialAction":[{"@type":"ReadAction","target":["https:\/\/espenlaub-shop.de\/index.php\/product\/cd-schwaebisch-1-2-3-4-4x-jo-broesele-mit-seinen-schwaebischen-liedern\/"]}]},{"@type":"ImageObject","inLanguage":"de","@id":"https:\/\/espenlaub-shop.de\/index.php\/product\/cd-schwaebisch-1-2-3-4-4x-jo-broesele-mit-seinen-schwaebischen-liedern\/#primaryimage","url":"https:\/\/espenlaub-shop.de\/wp-content\/uploads\/2020\/10\/Schnaeppchen.jpg","contentUrl":"https:\/\/espenlaub-shop.de\/wp-content\/uploads\/2020\/10\/Schnaeppchen.jpg","width":1024,"height":646},{"@type":"BreadcrumbList","@id":"https:\/\/espenlaub-shop.de\/index.php\/product\/cd-schwaebisch-1-2-3-4-4x-jo-broesele-mit-seinen-schwaebischen-liedern\/#breadcrumb","itemListElement":[{"@type":"ListItem","position":1,"name":"Home","item":"https:\/\/espenlaub-shop.de\/"},{"@type":"ListItem","position":2,"name":"Shop","item":"https:\/\/espenlaub-shop.de\/index.php\/shop\/"},{"@type":"ListItem","position":3,"name":"CD Schw\u00e4bisch 1+2+3+4 &#8211; 4x Jo Br\u00f6sele mit seinen schw\u00e4bischen Liedern"}]},{"@type":"WebSite","@id":"https:\/\/espenlaub-shop.de\/#website","url":"https:\/\/espenlaub-shop.de\/","name":"ESPENLAUB Verlag","description":"","publisher":{"@id":"https:\/\/espenlaub-shop.de\/#organization"},"potentialAction":[{"@type":"SearchAction","target":{"@type":"EntryPoint","urlTemplate":"https:\/\/espenlaub-shop.de\/?s={search_term_string}"},"query-input":{"@type":"PropertyValueSpecification","valueRequired":true,"valueName":"search_term_string"}}],"inLanguage":"de"},{"@type":"Organization","@id":"https:\/\/espenlaub-shop.de\/#organization","name":"ESPENLAUB Verlag","url":"https:\/\/espenlaub-shop.de\/","logo":{"@type":"ImageObject","inLanguage":"de","@id":"https:\/\/espenlaub-shop.de\/#\/schema\/logo\/image\/","url":"https:\/\/espenlaub-shop.de\/wp-content\/uploads\/2020\/07\/logo.png","contentUrl":"https:\/\/espenlaub-shop.de\/wp-content\/uploads\/2020\/07\/logo.png","width":531,"height":80,"caption":"ESPENLAUB Verlag"},"image":{"@id":"https:\/\/espenlaub-shop.de\/#\/schema\/logo\/image\/"}}]}},"_links":{"self":[{"href":"https:\/\/espenlaub-shop.de\/index.php\/wp-json\/wp\/v2\/product\/194","targetHints":{"allow":["GET"]}}],"collection":[{"href":"https:\/\/espenlaub-shop.de\/index.php\/wp-json\/wp\/v2\/product"}],"about":[{"href":"https:\/\/espenlaub-shop.de\/index.php\/wp-json\/wp\/v2\/types\/product"}],"wp:featuredmedia":[{"embeddable":true,"href":"https:\/\/espenlaub-shop.de\/index.php\/wp-json\/wp\/v2\/media\/197"}],"wp:attachment":[{"href":"https:\/\/espenlaub-shop.de\/index.php\/wp-json\/wp\/v2\/media?parent=194"}],"wp:term":[{"taxonomy":"product_brand","embeddable":true,"href":"https:\/\/espenlaub-shop.de\/index.php\/wp-json\/wp\/v2\/product_brand?post=194"},{"taxonomy":"product_cat","embeddable":true,"href":"https:\/\/espenlaub-shop.de\/index.php\/wp-json\/wp\/v2\/product_cat?post=194"},{"taxonomy":"product_tag","embeddable":true,"href":"https:\/\/espenlaub-shop.de\/index.php\/wp-json\/wp\/v2\/product_tag?post=194"}],"curies":[{"name":"wp","href":"https:\/\/api.w.org\/{rel}","templated":true}]}}