{"id":320,"date":"2020-12-06T13:53:25","date_gmt":"2020-12-06T13:53:25","guid":{"rendered":"https:\/\/espenlaub-shop.de\/?post_type=product&#038;p=320"},"modified":"2025-10-10T12:43:03","modified_gmt":"2025-10-10T12:43:03","slug":"coco-crazy","status":"publish","type":"product","link":"https:\/\/espenlaub-shop.de\/index.php\/product\/coco-crazy\/","title":{"rendered":"Coco Crazy &#8211; das affengeile Spiel mit Jumping Jo"},"content":{"rendered":"<p>&#8222;Coco Crazy&#8220; &#8211; das affengeile Spiel mit Jumping Jo<\/p>\n<p>Die f\u00fcnf goldenen Kokosn\u00fcsse haben es in sich. In jeder steckt eine kleine Affenbande. Aber welche Bande hat sich in welcher Nuss versteckt?<\/p>\n<p>Um das herauszufinden, wird mit allen Tricks gew\u00fcrfelt, gesucht, getauscht und geraten. Wer als Erster f\u00fcnf verschiedenfarbige Affen gesammelt hat, gewinnt das Spiel.<\/p>\n<p>5 Kokosn\u00fcsse zum \u00d6ffnen (2-teilig), 30 Affen, 1 Holzw\u00fcrfel, 1 Spielplan und 1 Spielanleitung<\/p>\n<p>F\u00fcr 2 &#8211; 8 Mitspieler ab 7 Jahren.<\/p>\n","protected":false},"excerpt":{"rendered":"<p>&#8222;Coco Crazy&#8220; &#8211; das affengeile Spiel mit Jumping Jo<\/p>\n<p>Die f\u00fcnf goldenen Kokosn\u00fcsse haben es in sich. In jeder steckt eine kleine Affenbande. Aber welche Bande hat sich in welcher Nuss versteckt?<\/p>\n<p>Um das herauszufinden, wird mit allen Tricks gew\u00fcrfelt, gesucht, getauscht und geraten. Wer als Erster f\u00fcnf verschiedenfarbige Affen gesammelt hat, gewinnt das Spiel.<\/p>\n<p>5 Kokosn\u00fcsse zum \u00d6ffnen (2-teilig), 30 Affen, 1 Holzw\u00fcrfel, 1 Spielplan und 1 Spielanleitung<\/p>\n<p>F\u00fcr 2 &#8211; 8 Mitspieler ab 7 Jahren.<\/p>\n","protected":false},"featured_media":310,"template":"","meta":[],"product_brand":[],"product_cat":[435,17],"product_tag":[106,310,327,325,326,61,311,307,308,247,309],"class_list":{"0":"post-320","1":"product","2":"type-product","3":"status-publish","4":"has-post-thumbnail","6":"product_cat-jumping-jo","7":"product_cat-spiele-zubehoer","8":"product_tag-affe","9":"product_tag-affenbande","10":"product_tag-coco","11":"product_tag-coco-crazy","12":"product_tag-crazy","13":"product_tag-jumping-jo","14":"product_tag-knobeln","15":"product_tag-kokosnuss","16":"product_tag-raten","17":"product_tag-spiel","18":"product_tag-urwald","20":"first","21":"instock","22":"purchasable","23":"product-type-simple"},"yoast_head":"<!-- This site is optimized with the Yoast SEO plugin v27.4 - https:\/\/yoast.com\/product\/yoast-seo-wordpress\/ -->\n<title>Coco Crazy - das affengeile Spiel mit Jumping Jo - ESPENLAUB Verlag<\/title>\n<meta name=\"robots\" content=\"index, follow, max-snippet:-1, max-image-preview:large, max-video-preview:-1\" \/>\n<link rel=\"canonical\" href=\"https:\/\/espenlaub-shop.de\/index.php\/product\/coco-crazy\/\" \/>\n<meta property=\"og:locale\" content=\"de_DE\" \/>\n<meta property=\"og:type\" content=\"article\" \/>\n<meta property=\"og:title\" content=\"Coco Crazy - das affengeile Spiel mit Jumping Jo - ESPENLAUB Verlag\" \/>\n<meta property=\"og:description\" content=\"&quot;Coco Crazy&quot; - das affengeile Spiel mit Jumping Jo  Die f\u00fcnf goldenen Kokosn\u00fcsse haben es in sich. In jeder steckt eine kleine Affenbande. Aber welche Bande hat sich in welcher Nuss versteckt?  Um das herauszufinden, wird mit allen Tricks gew\u00fcrfelt, gesucht, getauscht und geraten. Wer als Erster f\u00fcnf verschiedenfarbige Affen gesammelt hat, gewinnt das Spiel.  5 Kokosn\u00fcsse zum \u00d6ffnen (2-teilig), 30 Affen, 1 Holzw\u00fcrfel, 1 Spielplan und 1 Spielanleitung  F\u00fcr 2 - 8 Mitspieler ab 7 Jahren.\" \/>\n<meta property=\"og:url\" content=\"https:\/\/espenlaub-shop.de\/index.php\/product\/coco-crazy\/\" \/>\n<meta property=\"og:site_name\" content=\"ESPENLAUB Verlag\" \/>\n<meta property=\"article:modified_time\" content=\"2025-10-10T12:43:03+00:00\" \/>\n<meta property=\"og:image\" content=\"https:\/\/espenlaub-shop.de\/wp-content\/uploads\/2020\/07\/CocoCrazy.jpg\" \/>\n\t<meta property=\"og:image:width\" content=\"646\" \/>\n\t<meta property=\"og:image:height\" content=\"646\" \/>\n\t<meta property=\"og:image:type\" content=\"image\/jpeg\" \/>\n<meta name=\"twitter:card\" content=\"summary_large_image\" \/>\n<meta name=\"twitter:label1\" content=\"Gesch\u00e4tzte Lesezeit\" \/>\n\t<meta name=\"twitter:data1\" content=\"1\u00a0Minute\" \/>\n<script type=\"application\/ld+json\" class=\"yoast-schema-graph\">{\"@context\":\"https:\\\/\\\/schema.org\",\"@graph\":[{\"@type\":\"WebPage\",\"@id\":\"https:\\\/\\\/espenlaub-shop.de\\\/index.php\\\/product\\\/coco-crazy\\\/\",\"url\":\"https:\\\/\\\/espenlaub-shop.de\\\/index.php\\\/product\\\/coco-crazy\\\/\",\"name\":\"Coco Crazy - das affengeile Spiel mit Jumping Jo - ESPENLAUB Verlag\",\"isPartOf\":{\"@id\":\"https:\\\/\\\/espenlaub-shop.de\\\/#website\"},\"primaryImageOfPage\":{\"@id\":\"https:\\\/\\\/espenlaub-shop.de\\\/index.php\\\/product\\\/coco-crazy\\\/#primaryimage\"},\"image\":{\"@id\":\"https:\\\/\\\/espenlaub-shop.de\\\/index.php\\\/product\\\/coco-crazy\\\/#primaryimage\"},\"thumbnailUrl\":\"https:\\\/\\\/espenlaub-shop.de\\\/wp-content\\\/uploads\\\/2020\\\/07\\\/CocoCrazy.jpg\",\"datePublished\":\"2020-12-06T13:53:25+00:00\",\"dateModified\":\"2025-10-10T12:43:03+00:00\",\"breadcrumb\":{\"@id\":\"https:\\\/\\\/espenlaub-shop.de\\\/index.php\\\/product\\\/coco-crazy\\\/#breadcrumb\"},\"inLanguage\":\"de\",\"potentialAction\":[{\"@type\":\"ReadAction\",\"target\":[\"https:\\\/\\\/espenlaub-shop.de\\\/index.php\\\/product\\\/coco-crazy\\\/\"]}]},{\"@type\":\"ImageObject\",\"inLanguage\":\"de\",\"@id\":\"https:\\\/\\\/espenlaub-shop.de\\\/index.php\\\/product\\\/coco-crazy\\\/#primaryimage\",\"url\":\"https:\\\/\\\/espenlaub-shop.de\\\/wp-content\\\/uploads\\\/2020\\\/07\\\/CocoCrazy.jpg\",\"contentUrl\":\"https:\\\/\\\/espenlaub-shop.de\\\/wp-content\\\/uploads\\\/2020\\\/07\\\/CocoCrazy.jpg\",\"width\":646,\"height\":646},{\"@type\":\"BreadcrumbList\",\"@id\":\"https:\\\/\\\/espenlaub-shop.de\\\/index.php\\\/product\\\/coco-crazy\\\/#breadcrumb\",\"itemListElement\":[{\"@type\":\"ListItem\",\"position\":1,\"name\":\"Home\",\"item\":\"https:\\\/\\\/espenlaub-shop.de\\\/\"},{\"@type\":\"ListItem\",\"position\":2,\"name\":\"Shop\",\"item\":\"https:\\\/\\\/espenlaub-shop.de\\\/index.php\\\/shop\\\/\"},{\"@type\":\"ListItem\",\"position\":3,\"name\":\"Coco Crazy &#8211; das affengeile Spiel mit Jumping Jo\"}]},{\"@type\":\"WebSite\",\"@id\":\"https:\\\/\\\/espenlaub-shop.de\\\/#website\",\"url\":\"https:\\\/\\\/espenlaub-shop.de\\\/\",\"name\":\"ESPENLAUB Verlag\",\"description\":\"\",\"publisher\":{\"@id\":\"https:\\\/\\\/espenlaub-shop.de\\\/#organization\"},\"potentialAction\":[{\"@type\":\"SearchAction\",\"target\":{\"@type\":\"EntryPoint\",\"urlTemplate\":\"https:\\\/\\\/espenlaub-shop.de\\\/?s={search_term_string}\"},\"query-input\":{\"@type\":\"PropertyValueSpecification\",\"valueRequired\":true,\"valueName\":\"search_term_string\"}}],\"inLanguage\":\"de\"},{\"@type\":\"Organization\",\"@id\":\"https:\\\/\\\/espenlaub-shop.de\\\/#organization\",\"name\":\"ESPENLAUB Verlag\",\"url\":\"https:\\\/\\\/espenlaub-shop.de\\\/\",\"logo\":{\"@type\":\"ImageObject\",\"inLanguage\":\"de\",\"@id\":\"https:\\\/\\\/espenlaub-shop.de\\\/#\\\/schema\\\/logo\\\/image\\\/\",\"url\":\"https:\\\/\\\/espenlaub-shop.de\\\/wp-content\\\/uploads\\\/2020\\\/07\\\/logo.png\",\"contentUrl\":\"https:\\\/\\\/espenlaub-shop.de\\\/wp-content\\\/uploads\\\/2020\\\/07\\\/logo.png\",\"width\":531,\"height\":80,\"caption\":\"ESPENLAUB Verlag\"},\"image\":{\"@id\":\"https:\\\/\\\/espenlaub-shop.de\\\/#\\\/schema\\\/logo\\\/image\\\/\"}}]}<\/script>\n<!-- \/ Yoast SEO plugin. -->","yoast_head_json":{"title":"Coco Crazy - das affengeile Spiel mit Jumping Jo - ESPENLAUB Verlag","robots":{"index":"index","follow":"follow","max-snippet":"max-snippet:-1","max-image-preview":"max-image-preview:large","max-video-preview":"max-video-preview:-1"},"canonical":"https:\/\/espenlaub-shop.de\/index.php\/product\/coco-crazy\/","og_locale":"de_DE","og_type":"article","og_title":"Coco Crazy - das affengeile Spiel mit Jumping Jo - ESPENLAUB Verlag","og_description":"\"Coco Crazy\" - das affengeile Spiel mit Jumping Jo  Die f\u00fcnf goldenen Kokosn\u00fcsse haben es in sich. In jeder steckt eine kleine Affenbande. Aber welche Bande hat sich in welcher Nuss versteckt?  Um das herauszufinden, wird mit allen Tricks gew\u00fcrfelt, gesucht, getauscht und geraten. Wer als Erster f\u00fcnf verschiedenfarbige Affen gesammelt hat, gewinnt das Spiel.  5 Kokosn\u00fcsse zum \u00d6ffnen (2-teilig), 30 Affen, 1 Holzw\u00fcrfel, 1 Spielplan und 1 Spielanleitung  F\u00fcr 2 - 8 Mitspieler ab 7 Jahren.","og_url":"https:\/\/espenlaub-shop.de\/index.php\/product\/coco-crazy\/","og_site_name":"ESPENLAUB Verlag","article_modified_time":"2025-10-10T12:43:03+00:00","og_image":[{"width":646,"height":646,"url":"https:\/\/espenlaub-shop.de\/wp-content\/uploads\/2020\/07\/CocoCrazy.jpg","type":"image\/jpeg"}],"twitter_card":"summary_large_image","twitter_misc":{"Gesch\u00e4tzte Lesezeit":"1\u00a0Minute"},"schema":{"@context":"https:\/\/schema.org","@graph":[{"@type":"WebPage","@id":"https:\/\/espenlaub-shop.de\/index.php\/product\/coco-crazy\/","url":"https:\/\/espenlaub-shop.de\/index.php\/product\/coco-crazy\/","name":"Coco Crazy - das affengeile Spiel mit Jumping Jo - ESPENLAUB Verlag","isPartOf":{"@id":"https:\/\/espenlaub-shop.de\/#website"},"primaryImageOfPage":{"@id":"https:\/\/espenlaub-shop.de\/index.php\/product\/coco-crazy\/#primaryimage"},"image":{"@id":"https:\/\/espenlaub-shop.de\/index.php\/product\/coco-crazy\/#primaryimage"},"thumbnailUrl":"https:\/\/espenlaub-shop.de\/wp-content\/uploads\/2020\/07\/CocoCrazy.jpg","datePublished":"2020-12-06T13:53:25+00:00","dateModified":"2025-10-10T12:43:03+00:00","breadcrumb":{"@id":"https:\/\/espenlaub-shop.de\/index.php\/product\/coco-crazy\/#breadcrumb"},"inLanguage":"de","potentialAction":[{"@type":"ReadAction","target":["https:\/\/espenlaub-shop.de\/index.php\/product\/coco-crazy\/"]}]},{"@type":"ImageObject","inLanguage":"de","@id":"https:\/\/espenlaub-shop.de\/index.php\/product\/coco-crazy\/#primaryimage","url":"https:\/\/espenlaub-shop.de\/wp-content\/uploads\/2020\/07\/CocoCrazy.jpg","contentUrl":"https:\/\/espenlaub-shop.de\/wp-content\/uploads\/2020\/07\/CocoCrazy.jpg","width":646,"height":646},{"@type":"BreadcrumbList","@id":"https:\/\/espenlaub-shop.de\/index.php\/product\/coco-crazy\/#breadcrumb","itemListElement":[{"@type":"ListItem","position":1,"name":"Home","item":"https:\/\/espenlaub-shop.de\/"},{"@type":"ListItem","position":2,"name":"Shop","item":"https:\/\/espenlaub-shop.de\/index.php\/shop\/"},{"@type":"ListItem","position":3,"name":"Coco Crazy &#8211; das affengeile Spiel mit Jumping Jo"}]},{"@type":"WebSite","@id":"https:\/\/espenlaub-shop.de\/#website","url":"https:\/\/espenlaub-shop.de\/","name":"ESPENLAUB Verlag","description":"","publisher":{"@id":"https:\/\/espenlaub-shop.de\/#organization"},"potentialAction":[{"@type":"SearchAction","target":{"@type":"EntryPoint","urlTemplate":"https:\/\/espenlaub-shop.de\/?s={search_term_string}"},"query-input":{"@type":"PropertyValueSpecification","valueRequired":true,"valueName":"search_term_string"}}],"inLanguage":"de"},{"@type":"Organization","@id":"https:\/\/espenlaub-shop.de\/#organization","name":"ESPENLAUB Verlag","url":"https:\/\/espenlaub-shop.de\/","logo":{"@type":"ImageObject","inLanguage":"de","@id":"https:\/\/espenlaub-shop.de\/#\/schema\/logo\/image\/","url":"https:\/\/espenlaub-shop.de\/wp-content\/uploads\/2020\/07\/logo.png","contentUrl":"https:\/\/espenlaub-shop.de\/wp-content\/uploads\/2020\/07\/logo.png","width":531,"height":80,"caption":"ESPENLAUB Verlag"},"image":{"@id":"https:\/\/espenlaub-shop.de\/#\/schema\/logo\/image\/"}}]}},"_links":{"self":[{"href":"https:\/\/espenlaub-shop.de\/index.php\/wp-json\/wp\/v2\/product\/320","targetHints":{"allow":["GET"]}}],"collection":[{"href":"https:\/\/espenlaub-shop.de\/index.php\/wp-json\/wp\/v2\/product"}],"about":[{"href":"https:\/\/espenlaub-shop.de\/index.php\/wp-json\/wp\/v2\/types\/product"}],"wp:featuredmedia":[{"embeddable":true,"href":"https:\/\/espenlaub-shop.de\/index.php\/wp-json\/wp\/v2\/media\/310"}],"wp:attachment":[{"href":"https:\/\/espenlaub-shop.de\/index.php\/wp-json\/wp\/v2\/media?parent=320"}],"wp:term":[{"taxonomy":"product_brand","embeddable":true,"href":"https:\/\/espenlaub-shop.de\/index.php\/wp-json\/wp\/v2\/product_brand?post=320"},{"taxonomy":"product_cat","embeddable":true,"href":"https:\/\/espenlaub-shop.de\/index.php\/wp-json\/wp\/v2\/product_cat?post=320"},{"taxonomy":"product_tag","embeddable":true,"href":"https:\/\/espenlaub-shop.de\/index.php\/wp-json\/wp\/v2\/product_tag?post=320"}],"curies":[{"name":"wp","href":"https:\/\/api.w.org\/{rel}","templated":true}]}}