{"id":321,"date":"2020-12-06T13:57:38","date_gmt":"2020-12-06T13:57:38","guid":{"rendered":"https:\/\/espenlaub-shop.de\/?post_type=product&#038;p=321"},"modified":"2022-05-07T17:00:01","modified_gmt":"2022-05-07T17:00:01","slug":"turbo-woerter-quiz-spiel","status":"publish","type":"product","link":"https:\/\/espenlaub-shop.de\/index.php\/product\/turbo-woerter-quiz-spiel\/","title":{"rendered":"Turbo-W\u00f6rter-Quiz &#8211; Spiel"},"content":{"rendered":"<p>&#8222;Turbo-W\u00f6rter-Quiz&#8220; &#8211; Spiel.<\/p>\n<p>Ein witziges Buchstaben-Roulette um Begriffe von A bis Z. Wenn der Pfeil auf einem Buchstaben stehen bleibt, wird ein Fragek\u00e4rtchen aufgedeckt. Fachwissen ist nich gefragt, aber verr\u00fcckte Ideen. Ihr d\u00fcrft schwindeln, tr\u00e4umen, frei erfinden &#8211; Hauptsache, der Anfangsbuchstabe stimmt.<\/p>\n<p>1 Spielplan, 48 Fragekarten, 4 Spielfiguren, 1 W\u00fcrfel, 1 Spielanleitung<\/p>\n<p>F\u00fcr 2 &#8211; 4 Ratef\u00fcchse f\u00fcr ca. 20 Minuten Quizspass<\/p>\n","protected":false},"excerpt":{"rendered":"<p>&#8222;Turbo-W\u00f6rter-Quiz&#8220; &#8211; Spiel.<\/p>\n<p>Ein witziges Buchstaben-Roulette um Begriffe von A bis Z. Wenn der Pfeil auf einem Buchstaben stehen bleibt, wird ein Fragek\u00e4rtchen aufgedeckt. Fachwissen ist nich gefragt, aber verr\u00fcckte Ideen. Ihr d\u00fcrft schwindeln, tr\u00e4umen, frei erfinden &#8211; Hauptsache, der Anfangsbuchstabe stimmt.<\/p>\n<p>1 Spielplan, 48 Fragekarten, 4 Spielfiguren, 1 W\u00fcrfel, 1 Spielanleitung<\/p>\n<p>F\u00fcr 2 &#8211; 4 Ratef\u00fcchse f\u00fcr ca. 20 Minuten Quizspass<\/p>\n","protected":false},"featured_media":322,"template":"","meta":[],"product_brand":[],"product_cat":[17],"product_tag":[314,273,110,312,247,328,313],"class_list":{"0":"post-321","1":"product","2":"type-product","3":"status-publish","4":"has-post-thumbnail","6":"product_cat-spiele-zubehoer","7":"product_tag-begriffe","8":"product_tag-buchstaben","9":"product_tag-ideen","10":"product_tag-quiz","11":"product_tag-spiel","12":"product_tag-turbo","13":"product_tag-woerter","15":"first","16":"instock","17":"purchasable","18":"product-type-simple"},"yoast_head":"<!-- This site is optimized with the Yoast SEO plugin v27.4 - https:\/\/yoast.com\/product\/yoast-seo-wordpress\/ -->\n<title>Turbo-W\u00f6rter-Quiz - Spiel - ESPENLAUB Verlag<\/title>\n<meta name=\"robots\" content=\"index, follow, max-snippet:-1, max-image-preview:large, max-video-preview:-1\" \/>\n<link rel=\"canonical\" href=\"https:\/\/espenlaub-shop.de\/index.php\/product\/turbo-woerter-quiz-spiel\/\" \/>\n<meta property=\"og:locale\" content=\"de_DE\" \/>\n<meta property=\"og:type\" content=\"article\" \/>\n<meta property=\"og:title\" content=\"Turbo-W\u00f6rter-Quiz - Spiel - ESPENLAUB Verlag\" \/>\n<meta property=\"og:description\" content=\"&quot;Turbo-W\u00f6rter-Quiz&quot; - Spiel.  Ein witziges Buchstaben-Roulette um Begriffe von A bis Z. Wenn der Pfeil auf einem Buchstaben stehen bleibt, wird ein Fragek\u00e4rtchen aufgedeckt. Fachwissen ist nich gefragt, aber verr\u00fcckte Ideen. Ihr d\u00fcrft schwindeln, tr\u00e4umen, frei erfinden - Hauptsache, der Anfangsbuchstabe stimmt.  1 Spielplan, 48 Fragekarten, 4 Spielfiguren, 1 W\u00fcrfel, 1 Spielanleitung  F\u00fcr 2 - 4 Ratef\u00fcchse f\u00fcr ca. 20 Minuten Quizspass\" \/>\n<meta property=\"og:url\" content=\"https:\/\/espenlaub-shop.de\/index.php\/product\/turbo-woerter-quiz-spiel\/\" \/>\n<meta property=\"og:site_name\" content=\"ESPENLAUB Verlag\" \/>\n<meta property=\"article:modified_time\" content=\"2022-05-07T17:00:01+00:00\" \/>\n<meta property=\"og:image\" content=\"https:\/\/espenlaub-shop.de\/wp-content\/uploads\/2020\/12\/TurboWoerterQuiz.jpg\" \/>\n\t<meta property=\"og:image:width\" content=\"646\" \/>\n\t<meta property=\"og:image:height\" content=\"646\" \/>\n\t<meta property=\"og:image:type\" content=\"image\/jpeg\" \/>\n<meta name=\"twitter:card\" content=\"summary_large_image\" \/>\n<script type=\"application\/ld+json\" class=\"yoast-schema-graph\">{\"@context\":\"https:\\\/\\\/schema.org\",\"@graph\":[{\"@type\":\"WebPage\",\"@id\":\"https:\\\/\\\/espenlaub-shop.de\\\/index.php\\\/product\\\/turbo-woerter-quiz-spiel\\\/\",\"url\":\"https:\\\/\\\/espenlaub-shop.de\\\/index.php\\\/product\\\/turbo-woerter-quiz-spiel\\\/\",\"name\":\"Turbo-W\u00f6rter-Quiz - Spiel - ESPENLAUB Verlag\",\"isPartOf\":{\"@id\":\"https:\\\/\\\/espenlaub-shop.de\\\/#website\"},\"primaryImageOfPage\":{\"@id\":\"https:\\\/\\\/espenlaub-shop.de\\\/index.php\\\/product\\\/turbo-woerter-quiz-spiel\\\/#primaryimage\"},\"image\":{\"@id\":\"https:\\\/\\\/espenlaub-shop.de\\\/index.php\\\/product\\\/turbo-woerter-quiz-spiel\\\/#primaryimage\"},\"thumbnailUrl\":\"https:\\\/\\\/espenlaub-shop.de\\\/wp-content\\\/uploads\\\/2020\\\/12\\\/TurboWoerterQuiz.jpg\",\"datePublished\":\"2020-12-06T13:57:38+00:00\",\"dateModified\":\"2022-05-07T17:00:01+00:00\",\"breadcrumb\":{\"@id\":\"https:\\\/\\\/espenlaub-shop.de\\\/index.php\\\/product\\\/turbo-woerter-quiz-spiel\\\/#breadcrumb\"},\"inLanguage\":\"de\",\"potentialAction\":[{\"@type\":\"ReadAction\",\"target\":[\"https:\\\/\\\/espenlaub-shop.de\\\/index.php\\\/product\\\/turbo-woerter-quiz-spiel\\\/\"]}]},{\"@type\":\"ImageObject\",\"inLanguage\":\"de\",\"@id\":\"https:\\\/\\\/espenlaub-shop.de\\\/index.php\\\/product\\\/turbo-woerter-quiz-spiel\\\/#primaryimage\",\"url\":\"https:\\\/\\\/espenlaub-shop.de\\\/wp-content\\\/uploads\\\/2020\\\/12\\\/TurboWoerterQuiz.jpg\",\"contentUrl\":\"https:\\\/\\\/espenlaub-shop.de\\\/wp-content\\\/uploads\\\/2020\\\/12\\\/TurboWoerterQuiz.jpg\",\"width\":646,\"height\":646},{\"@type\":\"BreadcrumbList\",\"@id\":\"https:\\\/\\\/espenlaub-shop.de\\\/index.php\\\/product\\\/turbo-woerter-quiz-spiel\\\/#breadcrumb\",\"itemListElement\":[{\"@type\":\"ListItem\",\"position\":1,\"name\":\"Home\",\"item\":\"https:\\\/\\\/espenlaub-shop.de\\\/\"},{\"@type\":\"ListItem\",\"position\":2,\"name\":\"Shop\",\"item\":\"https:\\\/\\\/espenlaub-shop.de\\\/index.php\\\/shop\\\/\"},{\"@type\":\"ListItem\",\"position\":3,\"name\":\"Turbo-W\u00f6rter-Quiz &#8211; Spiel\"}]},{\"@type\":\"WebSite\",\"@id\":\"https:\\\/\\\/espenlaub-shop.de\\\/#website\",\"url\":\"https:\\\/\\\/espenlaub-shop.de\\\/\",\"name\":\"ESPENLAUB Verlag\",\"description\":\"\",\"publisher\":{\"@id\":\"https:\\\/\\\/espenlaub-shop.de\\\/#organization\"},\"potentialAction\":[{\"@type\":\"SearchAction\",\"target\":{\"@type\":\"EntryPoint\",\"urlTemplate\":\"https:\\\/\\\/espenlaub-shop.de\\\/?s={search_term_string}\"},\"query-input\":{\"@type\":\"PropertyValueSpecification\",\"valueRequired\":true,\"valueName\":\"search_term_string\"}}],\"inLanguage\":\"de\"},{\"@type\":\"Organization\",\"@id\":\"https:\\\/\\\/espenlaub-shop.de\\\/#organization\",\"name\":\"ESPENLAUB Verlag\",\"url\":\"https:\\\/\\\/espenlaub-shop.de\\\/\",\"logo\":{\"@type\":\"ImageObject\",\"inLanguage\":\"de\",\"@id\":\"https:\\\/\\\/espenlaub-shop.de\\\/#\\\/schema\\\/logo\\\/image\\\/\",\"url\":\"https:\\\/\\\/espenlaub-shop.de\\\/wp-content\\\/uploads\\\/2020\\\/07\\\/logo.png\",\"contentUrl\":\"https:\\\/\\\/espenlaub-shop.de\\\/wp-content\\\/uploads\\\/2020\\\/07\\\/logo.png\",\"width\":531,\"height\":80,\"caption\":\"ESPENLAUB Verlag\"},\"image\":{\"@id\":\"https:\\\/\\\/espenlaub-shop.de\\\/#\\\/schema\\\/logo\\\/image\\\/\"}}]}<\/script>\n<!-- \/ Yoast SEO plugin. -->","yoast_head_json":{"title":"Turbo-W\u00f6rter-Quiz - Spiel - ESPENLAUB Verlag","robots":{"index":"index","follow":"follow","max-snippet":"max-snippet:-1","max-image-preview":"max-image-preview:large","max-video-preview":"max-video-preview:-1"},"canonical":"https:\/\/espenlaub-shop.de\/index.php\/product\/turbo-woerter-quiz-spiel\/","og_locale":"de_DE","og_type":"article","og_title":"Turbo-W\u00f6rter-Quiz - Spiel - ESPENLAUB Verlag","og_description":"\"Turbo-W\u00f6rter-Quiz\" - Spiel.  Ein witziges Buchstaben-Roulette um Begriffe von A bis Z. Wenn der Pfeil auf einem Buchstaben stehen bleibt, wird ein Fragek\u00e4rtchen aufgedeckt. Fachwissen ist nich gefragt, aber verr\u00fcckte Ideen. Ihr d\u00fcrft schwindeln, tr\u00e4umen, frei erfinden - Hauptsache, der Anfangsbuchstabe stimmt.  1 Spielplan, 48 Fragekarten, 4 Spielfiguren, 1 W\u00fcrfel, 1 Spielanleitung  F\u00fcr 2 - 4 Ratef\u00fcchse f\u00fcr ca. 20 Minuten Quizspass","og_url":"https:\/\/espenlaub-shop.de\/index.php\/product\/turbo-woerter-quiz-spiel\/","og_site_name":"ESPENLAUB Verlag","article_modified_time":"2022-05-07T17:00:01+00:00","og_image":[{"width":646,"height":646,"url":"https:\/\/espenlaub-shop.de\/wp-content\/uploads\/2020\/12\/TurboWoerterQuiz.jpg","type":"image\/jpeg"}],"twitter_card":"summary_large_image","schema":{"@context":"https:\/\/schema.org","@graph":[{"@type":"WebPage","@id":"https:\/\/espenlaub-shop.de\/index.php\/product\/turbo-woerter-quiz-spiel\/","url":"https:\/\/espenlaub-shop.de\/index.php\/product\/turbo-woerter-quiz-spiel\/","name":"Turbo-W\u00f6rter-Quiz - Spiel - ESPENLAUB Verlag","isPartOf":{"@id":"https:\/\/espenlaub-shop.de\/#website"},"primaryImageOfPage":{"@id":"https:\/\/espenlaub-shop.de\/index.php\/product\/turbo-woerter-quiz-spiel\/#primaryimage"},"image":{"@id":"https:\/\/espenlaub-shop.de\/index.php\/product\/turbo-woerter-quiz-spiel\/#primaryimage"},"thumbnailUrl":"https:\/\/espenlaub-shop.de\/wp-content\/uploads\/2020\/12\/TurboWoerterQuiz.jpg","datePublished":"2020-12-06T13:57:38+00:00","dateModified":"2022-05-07T17:00:01+00:00","breadcrumb":{"@id":"https:\/\/espenlaub-shop.de\/index.php\/product\/turbo-woerter-quiz-spiel\/#breadcrumb"},"inLanguage":"de","potentialAction":[{"@type":"ReadAction","target":["https:\/\/espenlaub-shop.de\/index.php\/product\/turbo-woerter-quiz-spiel\/"]}]},{"@type":"ImageObject","inLanguage":"de","@id":"https:\/\/espenlaub-shop.de\/index.php\/product\/turbo-woerter-quiz-spiel\/#primaryimage","url":"https:\/\/espenlaub-shop.de\/wp-content\/uploads\/2020\/12\/TurboWoerterQuiz.jpg","contentUrl":"https:\/\/espenlaub-shop.de\/wp-content\/uploads\/2020\/12\/TurboWoerterQuiz.jpg","width":646,"height":646},{"@type":"BreadcrumbList","@id":"https:\/\/espenlaub-shop.de\/index.php\/product\/turbo-woerter-quiz-spiel\/#breadcrumb","itemListElement":[{"@type":"ListItem","position":1,"name":"Home","item":"https:\/\/espenlaub-shop.de\/"},{"@type":"ListItem","position":2,"name":"Shop","item":"https:\/\/espenlaub-shop.de\/index.php\/shop\/"},{"@type":"ListItem","position":3,"name":"Turbo-W\u00f6rter-Quiz &#8211; Spiel"}]},{"@type":"WebSite","@id":"https:\/\/espenlaub-shop.de\/#website","url":"https:\/\/espenlaub-shop.de\/","name":"ESPENLAUB Verlag","description":"","publisher":{"@id":"https:\/\/espenlaub-shop.de\/#organization"},"potentialAction":[{"@type":"SearchAction","target":{"@type":"EntryPoint","urlTemplate":"https:\/\/espenlaub-shop.de\/?s={search_term_string}"},"query-input":{"@type":"PropertyValueSpecification","valueRequired":true,"valueName":"search_term_string"}}],"inLanguage":"de"},{"@type":"Organization","@id":"https:\/\/espenlaub-shop.de\/#organization","name":"ESPENLAUB Verlag","url":"https:\/\/espenlaub-shop.de\/","logo":{"@type":"ImageObject","inLanguage":"de","@id":"https:\/\/espenlaub-shop.de\/#\/schema\/logo\/image\/","url":"https:\/\/espenlaub-shop.de\/wp-content\/uploads\/2020\/07\/logo.png","contentUrl":"https:\/\/espenlaub-shop.de\/wp-content\/uploads\/2020\/07\/logo.png","width":531,"height":80,"caption":"ESPENLAUB Verlag"},"image":{"@id":"https:\/\/espenlaub-shop.de\/#\/schema\/logo\/image\/"}}]}},"_links":{"self":[{"href":"https:\/\/espenlaub-shop.de\/index.php\/wp-json\/wp\/v2\/product\/321","targetHints":{"allow":["GET"]}}],"collection":[{"href":"https:\/\/espenlaub-shop.de\/index.php\/wp-json\/wp\/v2\/product"}],"about":[{"href":"https:\/\/espenlaub-shop.de\/index.php\/wp-json\/wp\/v2\/types\/product"}],"wp:featuredmedia":[{"embeddable":true,"href":"https:\/\/espenlaub-shop.de\/index.php\/wp-json\/wp\/v2\/media\/322"}],"wp:attachment":[{"href":"https:\/\/espenlaub-shop.de\/index.php\/wp-json\/wp\/v2\/media?parent=321"}],"wp:term":[{"taxonomy":"product_brand","embeddable":true,"href":"https:\/\/espenlaub-shop.de\/index.php\/wp-json\/wp\/v2\/product_brand?post=321"},{"taxonomy":"product_cat","embeddable":true,"href":"https:\/\/espenlaub-shop.de\/index.php\/wp-json\/wp\/v2\/product_cat?post=321"},{"taxonomy":"product_tag","embeddable":true,"href":"https:\/\/espenlaub-shop.de\/index.php\/wp-json\/wp\/v2\/product_tag?post=321"}],"curies":[{"name":"wp","href":"https:\/\/api.w.org\/{rel}","templated":true}]}}