{"id":323,"date":"2020-12-06T14:13:02","date_gmt":"2020-12-06T14:13:02","guid":{"rendered":"https:\/\/espenlaub-shop.de\/?post_type=product&#038;p=323"},"modified":"2025-02-07T14:34:28","modified_gmt":"2025-02-07T14:34:28","slug":"piraten-spiel","status":"publish","type":"product","link":"https:\/\/espenlaub-shop.de\/index.php\/product\/piraten-spiel\/","title":{"rendered":"Piraten-Spiel"},"content":{"rendered":"<p>&#8222;Piraten-Spiel&#8220; In den Tagen, als es noch richtige Piraten gab, sollen sich irgenwo inm hintersten Eckchen des Ozeans die 5 ber\u00fchmtesten Piraten getroffen haben, um bei einer Wettfahrt den k\u00fchnsten und besten Piraten der Meere zu finden. Das soll damals sehr spannend und ein Riesenspa\u00df gewesen sein.<\/p>\n<p>Bei der spannenden Wettfahrt zur Pirateninsel gewinnt der Spieler den Piratenschatz, der mit viel Gl\u00fcck und Geschick beim Kartenspiel die besten Stiche macht. Wer sich von anderen Piraten vom Kurs abdr\u00e4ngen l\u00e4sst, l\u00e4uft Gefahr, das Ziel aus den Augen zu verlieren.<\/p>\n<p>1 Spielplan, 5 gro\u00dfe Spielsteine, 1 Kompa\u00dfstein, 36 Spielkarten und 1 Spielanleitung mit 2 weiteren Spielvarianten.<\/p>\n<p>F\u00fcr 3 &#8211; 5 k\u00fchne Abenteurer ab 8 Jahren f\u00fcr ca. eine halbe Stunde Wettfahrt.<\/p>\n","protected":false},"excerpt":{"rendered":"<p>&#8222;Piraten-Spiel&#8220; In den Tagen, als es noch richtige Piraten gab, sollen sich irgenwo inm hintersten Eckchen des Ozeans die 5 ber\u00fchmtesten Piraten getroffen haben, um bei einer Wettfahrt den k\u00fchnsten und besten Piraten der Meere zu finden. Das soll damals sehr spannend und ein Riesenspa\u00df gewesen sein.<\/p>\n<p>Bei der spannenden Wettfahrt zur Pirateninsel gewinnt der Spieler den Piratenschatz, der mit viel Gl\u00fcck und Geschick beim Kartenspiel die besten Stiche macht. Wer sich von anderen Piraten vom Kurs abdr\u00e4ngen l\u00e4sst, l\u00e4uft Gefahr, das Ziel aus den Augen zu verlieren.<\/p>\n<p>1 Spielplan, 5 gro\u00dfe Spielsteine, 1 Kompa\u00dfstein, 36 Spielkarten und 1 Spielanleitung mit 2 weiteren Spielvarianten.<\/p>\n<p>F\u00fcr 3 &#8211; 5 k\u00fchne Abenteurer ab 8 Jahren f\u00fcr ca. eine halbe Stunde Wettfahrt.<\/p>\n","protected":false},"featured_media":324,"template":"","meta":[],"product_brand":[],"product_cat":[17],"product_tag":[250,301,318,317,69,321,247,298],"class_list":{"0":"post-323","1":"product","2":"type-product","3":"status-publish","4":"has-post-thumbnail","6":"product_cat-spiele-zubehoer","7":"product_tag-karten","8":"product_tag-kartenspiel","9":"product_tag-meer","10":"product_tag-ozean","11":"product_tag-piraten","12":"product_tag-schiff","13":"product_tag-spiel","14":"product_tag-wuerfelspiel","16":"first","17":"instock","18":"purchasable","19":"product-type-simple"},"yoast_head":"<!-- This site is optimized with the Yoast SEO plugin v27.4 - https:\/\/yoast.com\/product\/yoast-seo-wordpress\/ -->\n<title>Piraten-Spiel - ESPENLAUB Verlag<\/title>\n<meta name=\"robots\" content=\"index, follow, max-snippet:-1, max-image-preview:large, max-video-preview:-1\" \/>\n<link rel=\"canonical\" href=\"https:\/\/espenlaub-shop.de\/index.php\/product\/piraten-spiel\/\" \/>\n<meta property=\"og:locale\" content=\"de_DE\" \/>\n<meta property=\"og:type\" content=\"article\" \/>\n<meta property=\"og:title\" content=\"Piraten-Spiel - ESPENLAUB Verlag\" \/>\n<meta property=\"og:description\" content=\"&quot;Piraten-Spiel&quot; In den Tagen, als es noch richtige Piraten gab, sollen sich irgenwo inm hintersten Eckchen des Ozeans die 5 ber\u00fchmtesten Piraten getroffen haben, um bei einer Wettfahrt den k\u00fchnsten und besten Piraten der Meere zu finden. Das soll damals sehr spannend und ein Riesenspa\u00df gewesen sein.  Bei der spannenden Wettfahrt zur Pirateninsel gewinnt der Spieler den Piratenschatz, der mit viel Gl\u00fcck und Geschick beim Kartenspiel die besten Stiche macht. Wer sich von anderen Piraten vom Kurs abdr\u00e4ngen l\u00e4sst, l\u00e4uft Gefahr, das Ziel aus den Augen zu verlieren.  1 Spielplan, 5 gro\u00dfe Spielsteine, 1 Kompa\u00dfstein, 36 Spielkarten und 1 Spielanleitung mit 2 weiteren Spielvarianten.  F\u00fcr 3 - 5 k\u00fchne Abenteurer ab 8 Jahren f\u00fcr ca. eine halbe Stunde Wettfahrt.\" \/>\n<meta property=\"og:url\" content=\"https:\/\/espenlaub-shop.de\/index.php\/product\/piraten-spiel\/\" \/>\n<meta property=\"og:site_name\" content=\"ESPENLAUB Verlag\" \/>\n<meta property=\"article:modified_time\" content=\"2025-02-07T14:34:28+00:00\" \/>\n<meta property=\"og:image\" content=\"https:\/\/espenlaub-shop.de\/wp-content\/uploads\/2020\/12\/Piratenspiel.jpg\" \/>\n\t<meta property=\"og:image:width\" content=\"646\" \/>\n\t<meta property=\"og:image:height\" content=\"646\" \/>\n\t<meta property=\"og:image:type\" content=\"image\/jpeg\" \/>\n<meta name=\"twitter:card\" content=\"summary_large_image\" \/>\n<meta name=\"twitter:label1\" content=\"Gesch\u00e4tzte Lesezeit\" \/>\n\t<meta name=\"twitter:data1\" content=\"1\u00a0Minute\" \/>\n<script type=\"application\/ld+json\" class=\"yoast-schema-graph\">{\"@context\":\"https:\\\/\\\/schema.org\",\"@graph\":[{\"@type\":\"WebPage\",\"@id\":\"https:\\\/\\\/espenlaub-shop.de\\\/index.php\\\/product\\\/piraten-spiel\\\/\",\"url\":\"https:\\\/\\\/espenlaub-shop.de\\\/index.php\\\/product\\\/piraten-spiel\\\/\",\"name\":\"Piraten-Spiel - ESPENLAUB Verlag\",\"isPartOf\":{\"@id\":\"https:\\\/\\\/espenlaub-shop.de\\\/#website\"},\"primaryImageOfPage\":{\"@id\":\"https:\\\/\\\/espenlaub-shop.de\\\/index.php\\\/product\\\/piraten-spiel\\\/#primaryimage\"},\"image\":{\"@id\":\"https:\\\/\\\/espenlaub-shop.de\\\/index.php\\\/product\\\/piraten-spiel\\\/#primaryimage\"},\"thumbnailUrl\":\"https:\\\/\\\/espenlaub-shop.de\\\/wp-content\\\/uploads\\\/2020\\\/12\\\/Piratenspiel.jpg\",\"datePublished\":\"2020-12-06T14:13:02+00:00\",\"dateModified\":\"2025-02-07T14:34:28+00:00\",\"breadcrumb\":{\"@id\":\"https:\\\/\\\/espenlaub-shop.de\\\/index.php\\\/product\\\/piraten-spiel\\\/#breadcrumb\"},\"inLanguage\":\"de\",\"potentialAction\":[{\"@type\":\"ReadAction\",\"target\":[\"https:\\\/\\\/espenlaub-shop.de\\\/index.php\\\/product\\\/piraten-spiel\\\/\"]}]},{\"@type\":\"ImageObject\",\"inLanguage\":\"de\",\"@id\":\"https:\\\/\\\/espenlaub-shop.de\\\/index.php\\\/product\\\/piraten-spiel\\\/#primaryimage\",\"url\":\"https:\\\/\\\/espenlaub-shop.de\\\/wp-content\\\/uploads\\\/2020\\\/12\\\/Piratenspiel.jpg\",\"contentUrl\":\"https:\\\/\\\/espenlaub-shop.de\\\/wp-content\\\/uploads\\\/2020\\\/12\\\/Piratenspiel.jpg\",\"width\":646,\"height\":646},{\"@type\":\"BreadcrumbList\",\"@id\":\"https:\\\/\\\/espenlaub-shop.de\\\/index.php\\\/product\\\/piraten-spiel\\\/#breadcrumb\",\"itemListElement\":[{\"@type\":\"ListItem\",\"position\":1,\"name\":\"Home\",\"item\":\"https:\\\/\\\/espenlaub-shop.de\\\/\"},{\"@type\":\"ListItem\",\"position\":2,\"name\":\"Shop\",\"item\":\"https:\\\/\\\/espenlaub-shop.de\\\/index.php\\\/shop\\\/\"},{\"@type\":\"ListItem\",\"position\":3,\"name\":\"Piraten-Spiel\"}]},{\"@type\":\"WebSite\",\"@id\":\"https:\\\/\\\/espenlaub-shop.de\\\/#website\",\"url\":\"https:\\\/\\\/espenlaub-shop.de\\\/\",\"name\":\"ESPENLAUB Verlag\",\"description\":\"\",\"publisher\":{\"@id\":\"https:\\\/\\\/espenlaub-shop.de\\\/#organization\"},\"potentialAction\":[{\"@type\":\"SearchAction\",\"target\":{\"@type\":\"EntryPoint\",\"urlTemplate\":\"https:\\\/\\\/espenlaub-shop.de\\\/?s={search_term_string}\"},\"query-input\":{\"@type\":\"PropertyValueSpecification\",\"valueRequired\":true,\"valueName\":\"search_term_string\"}}],\"inLanguage\":\"de\"},{\"@type\":\"Organization\",\"@id\":\"https:\\\/\\\/espenlaub-shop.de\\\/#organization\",\"name\":\"ESPENLAUB Verlag\",\"url\":\"https:\\\/\\\/espenlaub-shop.de\\\/\",\"logo\":{\"@type\":\"ImageObject\",\"inLanguage\":\"de\",\"@id\":\"https:\\\/\\\/espenlaub-shop.de\\\/#\\\/schema\\\/logo\\\/image\\\/\",\"url\":\"https:\\\/\\\/espenlaub-shop.de\\\/wp-content\\\/uploads\\\/2020\\\/07\\\/logo.png\",\"contentUrl\":\"https:\\\/\\\/espenlaub-shop.de\\\/wp-content\\\/uploads\\\/2020\\\/07\\\/logo.png\",\"width\":531,\"height\":80,\"caption\":\"ESPENLAUB Verlag\"},\"image\":{\"@id\":\"https:\\\/\\\/espenlaub-shop.de\\\/#\\\/schema\\\/logo\\\/image\\\/\"}}]}<\/script>\n<!-- \/ Yoast SEO plugin. -->","yoast_head_json":{"title":"Piraten-Spiel - ESPENLAUB Verlag","robots":{"index":"index","follow":"follow","max-snippet":"max-snippet:-1","max-image-preview":"max-image-preview:large","max-video-preview":"max-video-preview:-1"},"canonical":"https:\/\/espenlaub-shop.de\/index.php\/product\/piraten-spiel\/","og_locale":"de_DE","og_type":"article","og_title":"Piraten-Spiel - ESPENLAUB Verlag","og_description":"\"Piraten-Spiel\" In den Tagen, als es noch richtige Piraten gab, sollen sich irgenwo inm hintersten Eckchen des Ozeans die 5 ber\u00fchmtesten Piraten getroffen haben, um bei einer Wettfahrt den k\u00fchnsten und besten Piraten der Meere zu finden. Das soll damals sehr spannend und ein Riesenspa\u00df gewesen sein.  Bei der spannenden Wettfahrt zur Pirateninsel gewinnt der Spieler den Piratenschatz, der mit viel Gl\u00fcck und Geschick beim Kartenspiel die besten Stiche macht. Wer sich von anderen Piraten vom Kurs abdr\u00e4ngen l\u00e4sst, l\u00e4uft Gefahr, das Ziel aus den Augen zu verlieren.  1 Spielplan, 5 gro\u00dfe Spielsteine, 1 Kompa\u00dfstein, 36 Spielkarten und 1 Spielanleitung mit 2 weiteren Spielvarianten.  F\u00fcr 3 - 5 k\u00fchne Abenteurer ab 8 Jahren f\u00fcr ca. eine halbe Stunde Wettfahrt.","og_url":"https:\/\/espenlaub-shop.de\/index.php\/product\/piraten-spiel\/","og_site_name":"ESPENLAUB Verlag","article_modified_time":"2025-02-07T14:34:28+00:00","og_image":[{"width":646,"height":646,"url":"https:\/\/espenlaub-shop.de\/wp-content\/uploads\/2020\/12\/Piratenspiel.jpg","type":"image\/jpeg"}],"twitter_card":"summary_large_image","twitter_misc":{"Gesch\u00e4tzte Lesezeit":"1\u00a0Minute"},"schema":{"@context":"https:\/\/schema.org","@graph":[{"@type":"WebPage","@id":"https:\/\/espenlaub-shop.de\/index.php\/product\/piraten-spiel\/","url":"https:\/\/espenlaub-shop.de\/index.php\/product\/piraten-spiel\/","name":"Piraten-Spiel - ESPENLAUB Verlag","isPartOf":{"@id":"https:\/\/espenlaub-shop.de\/#website"},"primaryImageOfPage":{"@id":"https:\/\/espenlaub-shop.de\/index.php\/product\/piraten-spiel\/#primaryimage"},"image":{"@id":"https:\/\/espenlaub-shop.de\/index.php\/product\/piraten-spiel\/#primaryimage"},"thumbnailUrl":"https:\/\/espenlaub-shop.de\/wp-content\/uploads\/2020\/12\/Piratenspiel.jpg","datePublished":"2020-12-06T14:13:02+00:00","dateModified":"2025-02-07T14:34:28+00:00","breadcrumb":{"@id":"https:\/\/espenlaub-shop.de\/index.php\/product\/piraten-spiel\/#breadcrumb"},"inLanguage":"de","potentialAction":[{"@type":"ReadAction","target":["https:\/\/espenlaub-shop.de\/index.php\/product\/piraten-spiel\/"]}]},{"@type":"ImageObject","inLanguage":"de","@id":"https:\/\/espenlaub-shop.de\/index.php\/product\/piraten-spiel\/#primaryimage","url":"https:\/\/espenlaub-shop.de\/wp-content\/uploads\/2020\/12\/Piratenspiel.jpg","contentUrl":"https:\/\/espenlaub-shop.de\/wp-content\/uploads\/2020\/12\/Piratenspiel.jpg","width":646,"height":646},{"@type":"BreadcrumbList","@id":"https:\/\/espenlaub-shop.de\/index.php\/product\/piraten-spiel\/#breadcrumb","itemListElement":[{"@type":"ListItem","position":1,"name":"Home","item":"https:\/\/espenlaub-shop.de\/"},{"@type":"ListItem","position":2,"name":"Shop","item":"https:\/\/espenlaub-shop.de\/index.php\/shop\/"},{"@type":"ListItem","position":3,"name":"Piraten-Spiel"}]},{"@type":"WebSite","@id":"https:\/\/espenlaub-shop.de\/#website","url":"https:\/\/espenlaub-shop.de\/","name":"ESPENLAUB Verlag","description":"","publisher":{"@id":"https:\/\/espenlaub-shop.de\/#organization"},"potentialAction":[{"@type":"SearchAction","target":{"@type":"EntryPoint","urlTemplate":"https:\/\/espenlaub-shop.de\/?s={search_term_string}"},"query-input":{"@type":"PropertyValueSpecification","valueRequired":true,"valueName":"search_term_string"}}],"inLanguage":"de"},{"@type":"Organization","@id":"https:\/\/espenlaub-shop.de\/#organization","name":"ESPENLAUB Verlag","url":"https:\/\/espenlaub-shop.de\/","logo":{"@type":"ImageObject","inLanguage":"de","@id":"https:\/\/espenlaub-shop.de\/#\/schema\/logo\/image\/","url":"https:\/\/espenlaub-shop.de\/wp-content\/uploads\/2020\/07\/logo.png","contentUrl":"https:\/\/espenlaub-shop.de\/wp-content\/uploads\/2020\/07\/logo.png","width":531,"height":80,"caption":"ESPENLAUB Verlag"},"image":{"@id":"https:\/\/espenlaub-shop.de\/#\/schema\/logo\/image\/"}}]}},"_links":{"self":[{"href":"https:\/\/espenlaub-shop.de\/index.php\/wp-json\/wp\/v2\/product\/323","targetHints":{"allow":["GET"]}}],"collection":[{"href":"https:\/\/espenlaub-shop.de\/index.php\/wp-json\/wp\/v2\/product"}],"about":[{"href":"https:\/\/espenlaub-shop.de\/index.php\/wp-json\/wp\/v2\/types\/product"}],"wp:featuredmedia":[{"embeddable":true,"href":"https:\/\/espenlaub-shop.de\/index.php\/wp-json\/wp\/v2\/media\/324"}],"wp:attachment":[{"href":"https:\/\/espenlaub-shop.de\/index.php\/wp-json\/wp\/v2\/media?parent=323"}],"wp:term":[{"taxonomy":"product_brand","embeddable":true,"href":"https:\/\/espenlaub-shop.de\/index.php\/wp-json\/wp\/v2\/product_brand?post=323"},{"taxonomy":"product_cat","embeddable":true,"href":"https:\/\/espenlaub-shop.de\/index.php\/wp-json\/wp\/v2\/product_cat?post=323"},{"taxonomy":"product_tag","embeddable":true,"href":"https:\/\/espenlaub-shop.de\/index.php\/wp-json\/wp\/v2\/product_tag?post=323"}],"curies":[{"name":"wp","href":"https:\/\/api.w.org\/{rel}","templated":true}]}}