{"id":43,"date":"2020-07-31T19:46:54","date_gmt":"2020-07-31T19:46:54","guid":{"rendered":"https:\/\/espenlaub-shop.de\/?post_type=product&#038;p=43"},"modified":"2020-10-19T16:43:07","modified_gmt":"2020-10-19T16:43:07","slug":"liebesgedichte","status":"publish","type":"product","link":"https:\/\/espenlaub-shop.de\/index.php\/product\/liebesgedichte\/","title":{"rendered":"Liebesgedichte pro+contra"},"content":{"rendered":"<p>Die Liebe kann man wenden wie man mag, es gibt immer zwei Seiten. Auch dieses Buch kann man wenden wie man mag.<\/p>\n<p>Von der einen Seite aus sind die pro-Liebesgedichte zu lesen.<\/p>\n<p>&nbsp;<\/p>\n<p><em>&#8222;Dein Kuss war s\u00fc\u00df, ich tr\u00e4umte Tage.<\/em><\/p>\n<p><em>Auch du bist s\u00fc\u00df &#8211; ja, keine Frage!<\/em><\/p>\n<p><em>Doch halt, oh, eine Frage h\u00e4tte ich:<\/em><\/p>\n<p><em>Wann hast du wieder einen Kuss f\u00fcr mich?&#8220;<\/em><\/p>\n<p>&nbsp;<\/p>\n<p>wendet man das Buch, liest Mann\/Frau die contra-Gedichte.<\/p>\n<p>&nbsp;<\/p>\n<p><em>&#8222;In jungen Jahren hat man sch\u00f6nen Sex, verbunden mit viel Liebe.<\/em><\/p>\n<p><em>Ausgelebt mit Fantasie und freiem Lauf der Triebe.<\/em><\/p>\n<p><em>Sp\u00e4ter dann in reifen Jahren steht man auf ausgefall\u00b4nen Sex.<\/em><\/p>\n<p><em>Ob wegen Mann, ob wegen Frau, das ist ganz verschieden.<\/em><\/p>\n<p><em>Bei vielen Paaren ist auch letztes Jahr, der Sex ausgefallen &#8211; <\/em><\/p>\n<p><em>ganz genau &#8211; einfach ausgeblieben.&#8220;<\/em><\/p>\n","protected":false},"excerpt":{"rendered":"<p>Die Liebe kann man wenden wie man mag, es gibt immer zwei Seiten. Auch dieses Buch kann man wenden wie man mag. Von der einen Seite aus sind die pro-Liebesgedichte zu lesen, wendet man das Buch, liest Mann\/Frau die contra-Gedichte.<\/p>\n<p>Jo Br\u00f6sele, 110 Seiten, 13 x 17 cm , illustriert, Hardcover gebunden<\/p>\n","protected":false},"featured_media":44,"template":"","meta":[],"product_brand":[],"product_cat":[16],"product_tag":[32,42,40,45,39,43,41],"class_list":{"0":"post-43","1":"product","2":"type-product","3":"status-publish","4":"has-post-thumbnail","6":"product_cat-buecher-postkarten","7":"product_tag-buch","8":"product_tag-contra","9":"product_tag-gedichte","10":"product_tag-jo-broesele","11":"product_tag-liebe","12":"product_tag-liebesgedichte","13":"product_tag-pro","15":"first","16":"instock","17":"purchasable","18":"product-type-simple"},"yoast_head":"<!-- This site is optimized with the Yoast SEO plugin v27.4 - https:\/\/yoast.com\/product\/yoast-seo-wordpress\/ -->\n<title>Liebesgedichte pro+contra - ESPENLAUB Verlag<\/title>\n<meta name=\"robots\" content=\"index, follow, max-snippet:-1, max-image-preview:large, max-video-preview:-1\" \/>\n<link rel=\"canonical\" href=\"https:\/\/espenlaub-shop.de\/index.php\/product\/liebesgedichte\/\" \/>\n<meta property=\"og:locale\" content=\"de_DE\" \/>\n<meta property=\"og:type\" content=\"article\" \/>\n<meta property=\"og:title\" content=\"Liebesgedichte pro+contra - ESPENLAUB Verlag\" \/>\n<meta property=\"og:description\" content=\"Die Liebe kann man wenden wie man mag, es gibt immer zwei Seiten. Auch dieses Buch kann man wenden wie man mag. Von der einen Seite aus sind die pro-Liebesgedichte zu lesen, wendet man das Buch, liest Mann\/Frau die contra-Gedichte.  Jo Br\u00f6sele, 110 Seiten, 13 x 17 cm , illustriert, Hardcover gebunden\" \/>\n<meta property=\"og:url\" content=\"https:\/\/espenlaub-shop.de\/index.php\/product\/liebesgedichte\/\" \/>\n<meta property=\"og:site_name\" content=\"ESPENLAUB Verlag\" \/>\n<meta property=\"article:modified_time\" content=\"2020-10-19T16:43:07+00:00\" \/>\n<meta property=\"og:image\" content=\"https:\/\/espenlaub-shop.de\/wp-content\/uploads\/2020\/07\/Buecher_Liebesgedichte.jpg\" \/>\n\t<meta property=\"og:image:width\" content=\"890\" \/>\n\t<meta property=\"og:image:height\" content=\"693\" \/>\n\t<meta property=\"og:image:type\" content=\"image\/jpeg\" \/>\n<meta name=\"twitter:card\" content=\"summary_large_image\" \/>\n<meta name=\"twitter:label1\" content=\"Gesch\u00e4tzte Lesezeit\" \/>\n\t<meta name=\"twitter:data1\" content=\"1\u00a0Minute\" \/>\n<script type=\"application\/ld+json\" class=\"yoast-schema-graph\">{\"@context\":\"https:\\\/\\\/schema.org\",\"@graph\":[{\"@type\":\"WebPage\",\"@id\":\"https:\\\/\\\/espenlaub-shop.de\\\/index.php\\\/product\\\/liebesgedichte\\\/\",\"url\":\"https:\\\/\\\/espenlaub-shop.de\\\/index.php\\\/product\\\/liebesgedichte\\\/\",\"name\":\"Liebesgedichte pro+contra - ESPENLAUB Verlag\",\"isPartOf\":{\"@id\":\"https:\\\/\\\/espenlaub-shop.de\\\/#website\"},\"primaryImageOfPage\":{\"@id\":\"https:\\\/\\\/espenlaub-shop.de\\\/index.php\\\/product\\\/liebesgedichte\\\/#primaryimage\"},\"image\":{\"@id\":\"https:\\\/\\\/espenlaub-shop.de\\\/index.php\\\/product\\\/liebesgedichte\\\/#primaryimage\"},\"thumbnailUrl\":\"https:\\\/\\\/espenlaub-shop.de\\\/wp-content\\\/uploads\\\/2020\\\/07\\\/Buecher_Liebesgedichte.jpg\",\"datePublished\":\"2020-07-31T19:46:54+00:00\",\"dateModified\":\"2020-10-19T16:43:07+00:00\",\"breadcrumb\":{\"@id\":\"https:\\\/\\\/espenlaub-shop.de\\\/index.php\\\/product\\\/liebesgedichte\\\/#breadcrumb\"},\"inLanguage\":\"de\",\"potentialAction\":[{\"@type\":\"ReadAction\",\"target\":[\"https:\\\/\\\/espenlaub-shop.de\\\/index.php\\\/product\\\/liebesgedichte\\\/\"]}]},{\"@type\":\"ImageObject\",\"inLanguage\":\"de\",\"@id\":\"https:\\\/\\\/espenlaub-shop.de\\\/index.php\\\/product\\\/liebesgedichte\\\/#primaryimage\",\"url\":\"https:\\\/\\\/espenlaub-shop.de\\\/wp-content\\\/uploads\\\/2020\\\/07\\\/Buecher_Liebesgedichte.jpg\",\"contentUrl\":\"https:\\\/\\\/espenlaub-shop.de\\\/wp-content\\\/uploads\\\/2020\\\/07\\\/Buecher_Liebesgedichte.jpg\",\"width\":890,\"height\":693},{\"@type\":\"BreadcrumbList\",\"@id\":\"https:\\\/\\\/espenlaub-shop.de\\\/index.php\\\/product\\\/liebesgedichte\\\/#breadcrumb\",\"itemListElement\":[{\"@type\":\"ListItem\",\"position\":1,\"name\":\"Home\",\"item\":\"https:\\\/\\\/espenlaub-shop.de\\\/\"},{\"@type\":\"ListItem\",\"position\":2,\"name\":\"Shop\",\"item\":\"https:\\\/\\\/espenlaub-shop.de\\\/index.php\\\/shop\\\/\"},{\"@type\":\"ListItem\",\"position\":3,\"name\":\"Liebesgedichte pro+contra\"}]},{\"@type\":\"WebSite\",\"@id\":\"https:\\\/\\\/espenlaub-shop.de\\\/#website\",\"url\":\"https:\\\/\\\/espenlaub-shop.de\\\/\",\"name\":\"ESPENLAUB Verlag\",\"description\":\"\",\"publisher\":{\"@id\":\"https:\\\/\\\/espenlaub-shop.de\\\/#organization\"},\"potentialAction\":[{\"@type\":\"SearchAction\",\"target\":{\"@type\":\"EntryPoint\",\"urlTemplate\":\"https:\\\/\\\/espenlaub-shop.de\\\/?s={search_term_string}\"},\"query-input\":{\"@type\":\"PropertyValueSpecification\",\"valueRequired\":true,\"valueName\":\"search_term_string\"}}],\"inLanguage\":\"de\"},{\"@type\":\"Organization\",\"@id\":\"https:\\\/\\\/espenlaub-shop.de\\\/#organization\",\"name\":\"ESPENLAUB Verlag\",\"url\":\"https:\\\/\\\/espenlaub-shop.de\\\/\",\"logo\":{\"@type\":\"ImageObject\",\"inLanguage\":\"de\",\"@id\":\"https:\\\/\\\/espenlaub-shop.de\\\/#\\\/schema\\\/logo\\\/image\\\/\",\"url\":\"https:\\\/\\\/espenlaub-shop.de\\\/wp-content\\\/uploads\\\/2020\\\/07\\\/logo.png\",\"contentUrl\":\"https:\\\/\\\/espenlaub-shop.de\\\/wp-content\\\/uploads\\\/2020\\\/07\\\/logo.png\",\"width\":531,\"height\":80,\"caption\":\"ESPENLAUB Verlag\"},\"image\":{\"@id\":\"https:\\\/\\\/espenlaub-shop.de\\\/#\\\/schema\\\/logo\\\/image\\\/\"}}]}<\/script>\n<!-- \/ Yoast SEO plugin. -->","yoast_head_json":{"title":"Liebesgedichte pro+contra - ESPENLAUB Verlag","robots":{"index":"index","follow":"follow","max-snippet":"max-snippet:-1","max-image-preview":"max-image-preview:large","max-video-preview":"max-video-preview:-1"},"canonical":"https:\/\/espenlaub-shop.de\/index.php\/product\/liebesgedichte\/","og_locale":"de_DE","og_type":"article","og_title":"Liebesgedichte pro+contra - ESPENLAUB Verlag","og_description":"Die Liebe kann man wenden wie man mag, es gibt immer zwei Seiten. Auch dieses Buch kann man wenden wie man mag. Von der einen Seite aus sind die pro-Liebesgedichte zu lesen, wendet man das Buch, liest Mann\/Frau die contra-Gedichte.  Jo Br\u00f6sele, 110 Seiten, 13 x 17 cm , illustriert, Hardcover gebunden","og_url":"https:\/\/espenlaub-shop.de\/index.php\/product\/liebesgedichte\/","og_site_name":"ESPENLAUB Verlag","article_modified_time":"2020-10-19T16:43:07+00:00","og_image":[{"width":890,"height":693,"url":"https:\/\/espenlaub-shop.de\/wp-content\/uploads\/2020\/07\/Buecher_Liebesgedichte.jpg","type":"image\/jpeg"}],"twitter_card":"summary_large_image","twitter_misc":{"Gesch\u00e4tzte Lesezeit":"1\u00a0Minute"},"schema":{"@context":"https:\/\/schema.org","@graph":[{"@type":"WebPage","@id":"https:\/\/espenlaub-shop.de\/index.php\/product\/liebesgedichte\/","url":"https:\/\/espenlaub-shop.de\/index.php\/product\/liebesgedichte\/","name":"Liebesgedichte pro+contra - ESPENLAUB Verlag","isPartOf":{"@id":"https:\/\/espenlaub-shop.de\/#website"},"primaryImageOfPage":{"@id":"https:\/\/espenlaub-shop.de\/index.php\/product\/liebesgedichte\/#primaryimage"},"image":{"@id":"https:\/\/espenlaub-shop.de\/index.php\/product\/liebesgedichte\/#primaryimage"},"thumbnailUrl":"https:\/\/espenlaub-shop.de\/wp-content\/uploads\/2020\/07\/Buecher_Liebesgedichte.jpg","datePublished":"2020-07-31T19:46:54+00:00","dateModified":"2020-10-19T16:43:07+00:00","breadcrumb":{"@id":"https:\/\/espenlaub-shop.de\/index.php\/product\/liebesgedichte\/#breadcrumb"},"inLanguage":"de","potentialAction":[{"@type":"ReadAction","target":["https:\/\/espenlaub-shop.de\/index.php\/product\/liebesgedichte\/"]}]},{"@type":"ImageObject","inLanguage":"de","@id":"https:\/\/espenlaub-shop.de\/index.php\/product\/liebesgedichte\/#primaryimage","url":"https:\/\/espenlaub-shop.de\/wp-content\/uploads\/2020\/07\/Buecher_Liebesgedichte.jpg","contentUrl":"https:\/\/espenlaub-shop.de\/wp-content\/uploads\/2020\/07\/Buecher_Liebesgedichte.jpg","width":890,"height":693},{"@type":"BreadcrumbList","@id":"https:\/\/espenlaub-shop.de\/index.php\/product\/liebesgedichte\/#breadcrumb","itemListElement":[{"@type":"ListItem","position":1,"name":"Home","item":"https:\/\/espenlaub-shop.de\/"},{"@type":"ListItem","position":2,"name":"Shop","item":"https:\/\/espenlaub-shop.de\/index.php\/shop\/"},{"@type":"ListItem","position":3,"name":"Liebesgedichte pro+contra"}]},{"@type":"WebSite","@id":"https:\/\/espenlaub-shop.de\/#website","url":"https:\/\/espenlaub-shop.de\/","name":"ESPENLAUB Verlag","description":"","publisher":{"@id":"https:\/\/espenlaub-shop.de\/#organization"},"potentialAction":[{"@type":"SearchAction","target":{"@type":"EntryPoint","urlTemplate":"https:\/\/espenlaub-shop.de\/?s={search_term_string}"},"query-input":{"@type":"PropertyValueSpecification","valueRequired":true,"valueName":"search_term_string"}}],"inLanguage":"de"},{"@type":"Organization","@id":"https:\/\/espenlaub-shop.de\/#organization","name":"ESPENLAUB Verlag","url":"https:\/\/espenlaub-shop.de\/","logo":{"@type":"ImageObject","inLanguage":"de","@id":"https:\/\/espenlaub-shop.de\/#\/schema\/logo\/image\/","url":"https:\/\/espenlaub-shop.de\/wp-content\/uploads\/2020\/07\/logo.png","contentUrl":"https:\/\/espenlaub-shop.de\/wp-content\/uploads\/2020\/07\/logo.png","width":531,"height":80,"caption":"ESPENLAUB Verlag"},"image":{"@id":"https:\/\/espenlaub-shop.de\/#\/schema\/logo\/image\/"}}]}},"_links":{"self":[{"href":"https:\/\/espenlaub-shop.de\/index.php\/wp-json\/wp\/v2\/product\/43","targetHints":{"allow":["GET"]}}],"collection":[{"href":"https:\/\/espenlaub-shop.de\/index.php\/wp-json\/wp\/v2\/product"}],"about":[{"href":"https:\/\/espenlaub-shop.de\/index.php\/wp-json\/wp\/v2\/types\/product"}],"wp:featuredmedia":[{"embeddable":true,"href":"https:\/\/espenlaub-shop.de\/index.php\/wp-json\/wp\/v2\/media\/44"}],"wp:attachment":[{"href":"https:\/\/espenlaub-shop.de\/index.php\/wp-json\/wp\/v2\/media?parent=43"}],"wp:term":[{"taxonomy":"product_brand","embeddable":true,"href":"https:\/\/espenlaub-shop.de\/index.php\/wp-json\/wp\/v2\/product_brand?post=43"},{"taxonomy":"product_cat","embeddable":true,"href":"https:\/\/espenlaub-shop.de\/index.php\/wp-json\/wp\/v2\/product_cat?post=43"},{"taxonomy":"product_tag","embeddable":true,"href":"https:\/\/espenlaub-shop.de\/index.php\/wp-json\/wp\/v2\/product_tag?post=43"}],"curies":[{"name":"wp","href":"https:\/\/api.w.org\/{rel}","templated":true}]}}