{"id":430,"date":"2022-01-14T17:48:35","date_gmt":"2022-01-14T17:48:35","guid":{"rendered":"https:\/\/espenlaub-shop.de\/?post_type=product&#038;p=430"},"modified":"2022-05-07T16:50:06","modified_gmt":"2022-05-07T16:50:06","slug":"car-movie-das-spielgeraet-fuer-bewegung-koordination-spass","status":"publish","type":"product","link":"https:\/\/espenlaub-shop.de\/index.php\/product\/car-movie-das-spielgeraet-fuer-bewegung-koordination-spass\/","title":{"rendered":"Car-Movie &#8211; Das Bewegung-Koordination-Spass-Spielger\u00e4t"},"content":{"rendered":"<p><strong>Car-Movie<\/strong> &#8211; Das Spielger\u00e4t f\u00fcr Bewegung, Koordination und spassiger Unterhaltung.<\/p>\n<p>Mechanische Ausf\u00fchrung:<\/p>\n<p>Hineinsitzen und lostreten, dann bewegt sich die Fahrspur. Jetzt mit dem Lenkrad das kleine Gef\u00e4hrt steuern und dabei versuchen auf der Spur zu bleiben. Dabei die Sehensw\u00fcrdigkeiten, die Witze oder Fragen entdecken\/beantworten.<\/p>\n<p>Der gro\u00dfe Spa\u00df und die gleichzeitige Herausforderung ist: das Treten und parallel das Lenken.<\/p>\n<p>Wer das nicht m\u00f6chte &#8211; kein Problem: Alternativ gibt es den Fahrspur-Antrieb auch elektronisch, d.h. per Knopfdruck und man genie\u00dft g\u00e4nzlich das Lenken und den Fahrspa\u00df.<\/p>\n<p>Spielger\u00e4t-Au\u00dfenformat: ca. 121 cm L x 85 cm B x 167 cm H<\/p>\n<p>Das Spielger\u00e4t, d.h. die Fahrfl\u00e4che\/Fahrbahn, sowie die Seitenteile, k\u00f6nnen jederzeit individuell gestaltet werden. Preis auf Anfrage.<\/p>\n<p>Lieferzeit ca. 6 Wochen.<\/p>\n","protected":false},"excerpt":{"rendered":"<p><strong>Car-Movie<\/strong> &#8211; Das Spielger\u00e4t f\u00fcr Bewegung, Koordination und spassiger Unterhaltung.<\/p>\n<p>Mechanische Ausf\u00fchrung:<\/p>\n<p>Hineinsitzen und lostreten, dann bewegt sich die Fahrspur. Jetzt mit dem Lenkrad das kleine Gef\u00e4hrt steuern und dabei versuchen auf der Spur zu bleiben. Dabei die Sehensw\u00fcrdigkeiten, die Witze oder Fragen entdecken\/beantworten.<\/p>\n<p>Der gro\u00dfe Spa\u00df und die gleichzeitige Herausforderung ist &#8211; das Treten und parallel das Lenken.<\/p>\n<p>Wer das nicht m\u00f6chte &#8211; kein Problem: Alternativ gibt es den Fahrspur-Antrieb auch elektronisch, d.h. per Knopfdruck und man genie\u00dft g\u00e4nzlich das Lenken und den Fahrspa\u00df.<\/p>\n<p>Spielger\u00e4t-Au\u00dfenformat: ca. 121 cm L x 85 cm B x 167 cm H<\/p>\n<p>Das Spielger\u00e4t, d.h. die Fahrfl\u00e4che\/Fahrbahn, sowie die Seitenteile, k\u00f6nnen jederzeit individuell gestaltet werden. Preis auf Anfrage.<\/p>\n<p>Lieferzeit ca. 6 Wochen.<\/p>\n","protected":false},"featured_media":431,"template":"","meta":[],"product_brand":[],"product_cat":[25],"product_tag":[395,78,387,389,393,61,394,397,388,392,390,399,396,247,391,400,398,401],"class_list":{"0":"post-430","1":"product","2":"type-product","3":"status-publish","4":"has-post-thumbnail","6":"product_cat-spiele-xxl-marketing","7":"product_tag-auto","8":"product_tag-bewegung","9":"product_tag-car","10":"product_tag-carmovie","11":"product_tag-indoor","12":"product_tag-jumping-jo","13":"product_tag-koordination","14":"product_tag-lenken","15":"product_tag-movie","16":"product_tag-outdoor","17":"product_tag-rennbahn","18":"product_tag-safari","19":"product_tag-spass","20":"product_tag-spiel","21":"product_tag-spielgeraet","22":"product_tag-tour","23":"product_tag-treten","24":"product_tag-trip","26":"first","27":"instock","28":"taxable","29":"shipping-taxable","30":"purchasable","31":"product-type-simple"},"yoast_head":"<!-- This site is optimized with the Yoast SEO plugin v27.4 - https:\/\/yoast.com\/product\/yoast-seo-wordpress\/ -->\n<title>Car-Movie - Das Bewegung-Koordination-Spass-Spielger\u00e4t - ESPENLAUB Verlag<\/title>\n<meta name=\"robots\" content=\"index, follow, max-snippet:-1, max-image-preview:large, max-video-preview:-1\" \/>\n<link rel=\"canonical\" href=\"https:\/\/espenlaub-shop.de\/index.php\/product\/car-movie-das-spielgeraet-fuer-bewegung-koordination-spass\/\" \/>\n<meta property=\"og:locale\" content=\"de_DE\" \/>\n<meta property=\"og:type\" content=\"article\" \/>\n<meta property=\"og:title\" content=\"Car-Movie - Das Bewegung-Koordination-Spass-Spielger\u00e4t - ESPENLAUB Verlag\" \/>\n<meta property=\"og:description\" content=\"Car-Movie - Das Spielger\u00e4t f\u00fcr Bewegung, Koordination und spassiger Unterhaltung.  Mechanische Ausf\u00fchrung:  Hineinsitzen und lostreten, dann bewegt sich die Fahrspur. Jetzt mit dem Lenkrad das kleine Gef\u00e4hrt steuern und dabei versuchen auf der Spur zu bleiben. Dabei die Sehensw\u00fcrdigkeiten, die Witze oder Fragen entdecken\/beantworten.  Der gro\u00dfe Spa\u00df und die gleichzeitige Herausforderung ist - das Treten und parallel das Lenken.  Wer das nicht m\u00f6chte - kein Problem: Alternativ gibt es den Fahrspur-Antrieb auch elektronisch, d.h. per Knopfdruck und man genie\u00dft g\u00e4nzlich das Lenken und den Fahrspa\u00df.  Spielger\u00e4t-Au\u00dfenformat: ca. 121 cm L x 85 cm B x 167 cm H  Das Spielger\u00e4t, d.h. die Fahrfl\u00e4che\/Fahrbahn, sowie die Seitenteile, k\u00f6nnen jederzeit individuell gestaltet werden. Preis auf Anfrage.  Lieferzeit ca. 6 Wochen.\" \/>\n<meta property=\"og:url\" content=\"https:\/\/espenlaub-shop.de\/index.php\/product\/car-movie-das-spielgeraet-fuer-bewegung-koordination-spass\/\" \/>\n<meta property=\"og:site_name\" content=\"ESPENLAUB Verlag\" \/>\n<meta property=\"article:modified_time\" content=\"2022-05-07T16:50:06+00:00\" \/>\n<meta property=\"og:image\" content=\"https:\/\/espenlaub-shop.de\/wp-content\/uploads\/2022\/01\/Car-Movie.jpg\" \/>\n\t<meta property=\"og:image:width\" content=\"646\" \/>\n\t<meta property=\"og:image:height\" content=\"646\" \/>\n\t<meta property=\"og:image:type\" content=\"image\/jpeg\" \/>\n<meta name=\"twitter:card\" content=\"summary_large_image\" \/>\n<meta name=\"twitter:label1\" content=\"Gesch\u00e4tzte Lesezeit\" \/>\n\t<meta name=\"twitter:data1\" content=\"1\u00a0Minute\" \/>\n<script type=\"application\/ld+json\" class=\"yoast-schema-graph\">{\"@context\":\"https:\\\/\\\/schema.org\",\"@graph\":[{\"@type\":\"WebPage\",\"@id\":\"https:\\\/\\\/espenlaub-shop.de\\\/index.php\\\/product\\\/car-movie-das-spielgeraet-fuer-bewegung-koordination-spass\\\/\",\"url\":\"https:\\\/\\\/espenlaub-shop.de\\\/index.php\\\/product\\\/car-movie-das-spielgeraet-fuer-bewegung-koordination-spass\\\/\",\"name\":\"Car-Movie - Das Bewegung-Koordination-Spass-Spielger\u00e4t - ESPENLAUB Verlag\",\"isPartOf\":{\"@id\":\"https:\\\/\\\/espenlaub-shop.de\\\/#website\"},\"primaryImageOfPage\":{\"@id\":\"https:\\\/\\\/espenlaub-shop.de\\\/index.php\\\/product\\\/car-movie-das-spielgeraet-fuer-bewegung-koordination-spass\\\/#primaryimage\"},\"image\":{\"@id\":\"https:\\\/\\\/espenlaub-shop.de\\\/index.php\\\/product\\\/car-movie-das-spielgeraet-fuer-bewegung-koordination-spass\\\/#primaryimage\"},\"thumbnailUrl\":\"https:\\\/\\\/espenlaub-shop.de\\\/wp-content\\\/uploads\\\/2022\\\/01\\\/Car-Movie.jpg\",\"datePublished\":\"2022-01-14T17:48:35+00:00\",\"dateModified\":\"2022-05-07T16:50:06+00:00\",\"breadcrumb\":{\"@id\":\"https:\\\/\\\/espenlaub-shop.de\\\/index.php\\\/product\\\/car-movie-das-spielgeraet-fuer-bewegung-koordination-spass\\\/#breadcrumb\"},\"inLanguage\":\"de\",\"potentialAction\":[{\"@type\":\"ReadAction\",\"target\":[\"https:\\\/\\\/espenlaub-shop.de\\\/index.php\\\/product\\\/car-movie-das-spielgeraet-fuer-bewegung-koordination-spass\\\/\"]}]},{\"@type\":\"ImageObject\",\"inLanguage\":\"de\",\"@id\":\"https:\\\/\\\/espenlaub-shop.de\\\/index.php\\\/product\\\/car-movie-das-spielgeraet-fuer-bewegung-koordination-spass\\\/#primaryimage\",\"url\":\"https:\\\/\\\/espenlaub-shop.de\\\/wp-content\\\/uploads\\\/2022\\\/01\\\/Car-Movie.jpg\",\"contentUrl\":\"https:\\\/\\\/espenlaub-shop.de\\\/wp-content\\\/uploads\\\/2022\\\/01\\\/Car-Movie.jpg\",\"width\":646,\"height\":646},{\"@type\":\"BreadcrumbList\",\"@id\":\"https:\\\/\\\/espenlaub-shop.de\\\/index.php\\\/product\\\/car-movie-das-spielgeraet-fuer-bewegung-koordination-spass\\\/#breadcrumb\",\"itemListElement\":[{\"@type\":\"ListItem\",\"position\":1,\"name\":\"Home\",\"item\":\"https:\\\/\\\/espenlaub-shop.de\\\/\"},{\"@type\":\"ListItem\",\"position\":2,\"name\":\"Shop\",\"item\":\"https:\\\/\\\/espenlaub-shop.de\\\/index.php\\\/shop\\\/\"},{\"@type\":\"ListItem\",\"position\":3,\"name\":\"Car-Movie &#8211; Das Bewegung-Koordination-Spass-Spielger\u00e4t\"}]},{\"@type\":\"WebSite\",\"@id\":\"https:\\\/\\\/espenlaub-shop.de\\\/#website\",\"url\":\"https:\\\/\\\/espenlaub-shop.de\\\/\",\"name\":\"ESPENLAUB Verlag\",\"description\":\"\",\"publisher\":{\"@id\":\"https:\\\/\\\/espenlaub-shop.de\\\/#organization\"},\"potentialAction\":[{\"@type\":\"SearchAction\",\"target\":{\"@type\":\"EntryPoint\",\"urlTemplate\":\"https:\\\/\\\/espenlaub-shop.de\\\/?s={search_term_string}\"},\"query-input\":{\"@type\":\"PropertyValueSpecification\",\"valueRequired\":true,\"valueName\":\"search_term_string\"}}],\"inLanguage\":\"de\"},{\"@type\":\"Organization\",\"@id\":\"https:\\\/\\\/espenlaub-shop.de\\\/#organization\",\"name\":\"ESPENLAUB Verlag\",\"url\":\"https:\\\/\\\/espenlaub-shop.de\\\/\",\"logo\":{\"@type\":\"ImageObject\",\"inLanguage\":\"de\",\"@id\":\"https:\\\/\\\/espenlaub-shop.de\\\/#\\\/schema\\\/logo\\\/image\\\/\",\"url\":\"https:\\\/\\\/espenlaub-shop.de\\\/wp-content\\\/uploads\\\/2020\\\/07\\\/logo.png\",\"contentUrl\":\"https:\\\/\\\/espenlaub-shop.de\\\/wp-content\\\/uploads\\\/2020\\\/07\\\/logo.png\",\"width\":531,\"height\":80,\"caption\":\"ESPENLAUB Verlag\"},\"image\":{\"@id\":\"https:\\\/\\\/espenlaub-shop.de\\\/#\\\/schema\\\/logo\\\/image\\\/\"}}]}<\/script>\n<!-- \/ Yoast SEO plugin. -->","yoast_head_json":{"title":"Car-Movie - Das Bewegung-Koordination-Spass-Spielger\u00e4t - ESPENLAUB Verlag","robots":{"index":"index","follow":"follow","max-snippet":"max-snippet:-1","max-image-preview":"max-image-preview:large","max-video-preview":"max-video-preview:-1"},"canonical":"https:\/\/espenlaub-shop.de\/index.php\/product\/car-movie-das-spielgeraet-fuer-bewegung-koordination-spass\/","og_locale":"de_DE","og_type":"article","og_title":"Car-Movie - Das Bewegung-Koordination-Spass-Spielger\u00e4t - ESPENLAUB Verlag","og_description":"Car-Movie - Das Spielger\u00e4t f\u00fcr Bewegung, Koordination und spassiger Unterhaltung.  Mechanische Ausf\u00fchrung:  Hineinsitzen und lostreten, dann bewegt sich die Fahrspur. Jetzt mit dem Lenkrad das kleine Gef\u00e4hrt steuern und dabei versuchen auf der Spur zu bleiben. Dabei die Sehensw\u00fcrdigkeiten, die Witze oder Fragen entdecken\/beantworten.  Der gro\u00dfe Spa\u00df und die gleichzeitige Herausforderung ist - das Treten und parallel das Lenken.  Wer das nicht m\u00f6chte - kein Problem: Alternativ gibt es den Fahrspur-Antrieb auch elektronisch, d.h. per Knopfdruck und man genie\u00dft g\u00e4nzlich das Lenken und den Fahrspa\u00df.  Spielger\u00e4t-Au\u00dfenformat: ca. 121 cm L x 85 cm B x 167 cm H  Das Spielger\u00e4t, d.h. die Fahrfl\u00e4che\/Fahrbahn, sowie die Seitenteile, k\u00f6nnen jederzeit individuell gestaltet werden. Preis auf Anfrage.  Lieferzeit ca. 6 Wochen.","og_url":"https:\/\/espenlaub-shop.de\/index.php\/product\/car-movie-das-spielgeraet-fuer-bewegung-koordination-spass\/","og_site_name":"ESPENLAUB Verlag","article_modified_time":"2022-05-07T16:50:06+00:00","og_image":[{"width":646,"height":646,"url":"https:\/\/espenlaub-shop.de\/wp-content\/uploads\/2022\/01\/Car-Movie.jpg","type":"image\/jpeg"}],"twitter_card":"summary_large_image","twitter_misc":{"Gesch\u00e4tzte Lesezeit":"1\u00a0Minute"},"schema":{"@context":"https:\/\/schema.org","@graph":[{"@type":"WebPage","@id":"https:\/\/espenlaub-shop.de\/index.php\/product\/car-movie-das-spielgeraet-fuer-bewegung-koordination-spass\/","url":"https:\/\/espenlaub-shop.de\/index.php\/product\/car-movie-das-spielgeraet-fuer-bewegung-koordination-spass\/","name":"Car-Movie - Das Bewegung-Koordination-Spass-Spielger\u00e4t - ESPENLAUB Verlag","isPartOf":{"@id":"https:\/\/espenlaub-shop.de\/#website"},"primaryImageOfPage":{"@id":"https:\/\/espenlaub-shop.de\/index.php\/product\/car-movie-das-spielgeraet-fuer-bewegung-koordination-spass\/#primaryimage"},"image":{"@id":"https:\/\/espenlaub-shop.de\/index.php\/product\/car-movie-das-spielgeraet-fuer-bewegung-koordination-spass\/#primaryimage"},"thumbnailUrl":"https:\/\/espenlaub-shop.de\/wp-content\/uploads\/2022\/01\/Car-Movie.jpg","datePublished":"2022-01-14T17:48:35+00:00","dateModified":"2022-05-07T16:50:06+00:00","breadcrumb":{"@id":"https:\/\/espenlaub-shop.de\/index.php\/product\/car-movie-das-spielgeraet-fuer-bewegung-koordination-spass\/#breadcrumb"},"inLanguage":"de","potentialAction":[{"@type":"ReadAction","target":["https:\/\/espenlaub-shop.de\/index.php\/product\/car-movie-das-spielgeraet-fuer-bewegung-koordination-spass\/"]}]},{"@type":"ImageObject","inLanguage":"de","@id":"https:\/\/espenlaub-shop.de\/index.php\/product\/car-movie-das-spielgeraet-fuer-bewegung-koordination-spass\/#primaryimage","url":"https:\/\/espenlaub-shop.de\/wp-content\/uploads\/2022\/01\/Car-Movie.jpg","contentUrl":"https:\/\/espenlaub-shop.de\/wp-content\/uploads\/2022\/01\/Car-Movie.jpg","width":646,"height":646},{"@type":"BreadcrumbList","@id":"https:\/\/espenlaub-shop.de\/index.php\/product\/car-movie-das-spielgeraet-fuer-bewegung-koordination-spass\/#breadcrumb","itemListElement":[{"@type":"ListItem","position":1,"name":"Home","item":"https:\/\/espenlaub-shop.de\/"},{"@type":"ListItem","position":2,"name":"Shop","item":"https:\/\/espenlaub-shop.de\/index.php\/shop\/"},{"@type":"ListItem","position":3,"name":"Car-Movie &#8211; Das Bewegung-Koordination-Spass-Spielger\u00e4t"}]},{"@type":"WebSite","@id":"https:\/\/espenlaub-shop.de\/#website","url":"https:\/\/espenlaub-shop.de\/","name":"ESPENLAUB Verlag","description":"","publisher":{"@id":"https:\/\/espenlaub-shop.de\/#organization"},"potentialAction":[{"@type":"SearchAction","target":{"@type":"EntryPoint","urlTemplate":"https:\/\/espenlaub-shop.de\/?s={search_term_string}"},"query-input":{"@type":"PropertyValueSpecification","valueRequired":true,"valueName":"search_term_string"}}],"inLanguage":"de"},{"@type":"Organization","@id":"https:\/\/espenlaub-shop.de\/#organization","name":"ESPENLAUB Verlag","url":"https:\/\/espenlaub-shop.de\/","logo":{"@type":"ImageObject","inLanguage":"de","@id":"https:\/\/espenlaub-shop.de\/#\/schema\/logo\/image\/","url":"https:\/\/espenlaub-shop.de\/wp-content\/uploads\/2020\/07\/logo.png","contentUrl":"https:\/\/espenlaub-shop.de\/wp-content\/uploads\/2020\/07\/logo.png","width":531,"height":80,"caption":"ESPENLAUB Verlag"},"image":{"@id":"https:\/\/espenlaub-shop.de\/#\/schema\/logo\/image\/"}}]}},"_links":{"self":[{"href":"https:\/\/espenlaub-shop.de\/index.php\/wp-json\/wp\/v2\/product\/430","targetHints":{"allow":["GET"]}}],"collection":[{"href":"https:\/\/espenlaub-shop.de\/index.php\/wp-json\/wp\/v2\/product"}],"about":[{"href":"https:\/\/espenlaub-shop.de\/index.php\/wp-json\/wp\/v2\/types\/product"}],"wp:featuredmedia":[{"embeddable":true,"href":"https:\/\/espenlaub-shop.de\/index.php\/wp-json\/wp\/v2\/media\/431"}],"wp:attachment":[{"href":"https:\/\/espenlaub-shop.de\/index.php\/wp-json\/wp\/v2\/media?parent=430"}],"wp:term":[{"taxonomy":"product_brand","embeddable":true,"href":"https:\/\/espenlaub-shop.de\/index.php\/wp-json\/wp\/v2\/product_brand?post=430"},{"taxonomy":"product_cat","embeddable":true,"href":"https:\/\/espenlaub-shop.de\/index.php\/wp-json\/wp\/v2\/product_cat?post=430"},{"taxonomy":"product_tag","embeddable":true,"href":"https:\/\/espenlaub-shop.de\/index.php\/wp-json\/wp\/v2\/product_tag?post=430"}],"curies":[{"name":"wp","href":"https:\/\/api.w.org\/{rel}","templated":true}]}}