{"id":537,"date":"2023-03-06T18:57:08","date_gmt":"2023-03-06T18:57:08","guid":{"rendered":"https:\/\/espenlaub-shop.de\/?post_type=product&#038;p=537"},"modified":"2023-08-31T10:11:56","modified_gmt":"2023-08-31T10:11:56","slug":"vesperdose-jo-broesele-jumping-jo","status":"publish","type":"product","link":"https:\/\/espenlaub-shop.de\/index.php\/product\/vesperdose-jo-broesele-jumping-jo\/","title":{"rendered":"Vesperdose &#8211; Jo Br\u00f6sele\/Jumping Jo"},"content":{"rendered":"<p>Eine tolle Vesperdose, gestaltet f\u00fcr das www.umwelt-projekt.de<\/p>\n<p>Aber nat\u00fcrlich auch f\u00fcr alle anderen Interessierten.<\/p>\n<p>Farbe gr\u00fcn, ca. 16 cm L\u00e4nge &#8211; 11,5 cm Breite &#8211; 5,5 cm H\u00f6he<\/p>\n","protected":false},"excerpt":{"rendered":"<p>Eine tolle Vesperdose, gestaltet f\u00fcr das www.umwelt-projekt.de<\/p>\n<p>Aber nat\u00fcrlich auch f\u00fcr alle anderen Interessierten.<\/p>\n<p>Farbe gr\u00fcn, ca. 16 cm L\u00e4nge &#8211; 11,5 cm Breite &#8211; 5,5 cm H\u00f6he<\/p>\n","protected":false},"featured_media":538,"template":"","meta":[],"product_brand":[],"product_cat":[22,435],"product_tag":[106,443,444,77,45,61,445,442,441],"class_list":{"0":"post-537","1":"product","2":"type-product","3":"status-publish","4":"has-post-thumbnail","6":"product_cat-fun-artikel","7":"product_cat-jumping-jo","8":"product_tag-affe","9":"product_tag-dose","10":"product_tag-essen","11":"product_tag-gruen","12":"product_tag-jo-broesele","13":"product_tag-jumping-jo","14":"product_tag-umwelt","15":"product_tag-vesper","16":"product_tag-vesperdose","18":"first","19":"instock","20":"purchasable","21":"product-type-simple"},"yoast_head":"<!-- This site is optimized with the Yoast SEO plugin v27.4 - https:\/\/yoast.com\/product\/yoast-seo-wordpress\/ -->\n<title>Vesperdose - Jo Br\u00f6sele\/Jumping Jo - ESPENLAUB Verlag<\/title>\n<meta name=\"robots\" content=\"index, follow, max-snippet:-1, max-image-preview:large, max-video-preview:-1\" \/>\n<link rel=\"canonical\" href=\"https:\/\/espenlaub-shop.de\/index.php\/product\/vesperdose-jo-broesele-jumping-jo\/\" \/>\n<meta property=\"og:locale\" content=\"de_DE\" \/>\n<meta property=\"og:type\" content=\"article\" \/>\n<meta property=\"og:title\" content=\"Vesperdose - Jo Br\u00f6sele\/Jumping Jo - ESPENLAUB Verlag\" \/>\n<meta property=\"og:description\" content=\"Eine tolle Vesperdose, gestaltet f\u00fcr das www.umwelt-projekt.de  Aber nat\u00fcrlich auch f\u00fcr alle anderen Interessierten.  Farbe gr\u00fcn, ca. 16 cm L\u00e4nge - 11,5 cm Breite - 5,5 cm H\u00f6he\" \/>\n<meta property=\"og:url\" content=\"https:\/\/espenlaub-shop.de\/index.php\/product\/vesperdose-jo-broesele-jumping-jo\/\" \/>\n<meta property=\"og:site_name\" content=\"ESPENLAUB Verlag\" \/>\n<meta property=\"article:modified_time\" content=\"2023-08-31T10:11:56+00:00\" \/>\n<meta property=\"og:image\" content=\"https:\/\/espenlaub-shop.de\/wp-content\/uploads\/2023\/03\/JJ-Versperdose.jpg\" \/>\n\t<meta property=\"og:image:width\" content=\"646\" \/>\n\t<meta property=\"og:image:height\" content=\"646\" \/>\n\t<meta property=\"og:image:type\" content=\"image\/jpeg\" \/>\n<meta name=\"twitter:card\" content=\"summary_large_image\" \/>\n<meta name=\"twitter:label1\" content=\"Gesch\u00e4tzte Lesezeit\" \/>\n\t<meta name=\"twitter:data1\" content=\"1\u00a0Minute\" \/>\n<script type=\"application\/ld+json\" class=\"yoast-schema-graph\">{\"@context\":\"https:\\\/\\\/schema.org\",\"@graph\":[{\"@type\":\"WebPage\",\"@id\":\"https:\\\/\\\/espenlaub-shop.de\\\/index.php\\\/product\\\/vesperdose-jo-broesele-jumping-jo\\\/\",\"url\":\"https:\\\/\\\/espenlaub-shop.de\\\/index.php\\\/product\\\/vesperdose-jo-broesele-jumping-jo\\\/\",\"name\":\"Vesperdose - Jo Br\u00f6sele\\\/Jumping Jo - ESPENLAUB Verlag\",\"isPartOf\":{\"@id\":\"https:\\\/\\\/espenlaub-shop.de\\\/#website\"},\"primaryImageOfPage\":{\"@id\":\"https:\\\/\\\/espenlaub-shop.de\\\/index.php\\\/product\\\/vesperdose-jo-broesele-jumping-jo\\\/#primaryimage\"},\"image\":{\"@id\":\"https:\\\/\\\/espenlaub-shop.de\\\/index.php\\\/product\\\/vesperdose-jo-broesele-jumping-jo\\\/#primaryimage\"},\"thumbnailUrl\":\"https:\\\/\\\/espenlaub-shop.de\\\/wp-content\\\/uploads\\\/2023\\\/03\\\/JJ-Versperdose.jpg\",\"datePublished\":\"2023-03-06T18:57:08+00:00\",\"dateModified\":\"2023-08-31T10:11:56+00:00\",\"breadcrumb\":{\"@id\":\"https:\\\/\\\/espenlaub-shop.de\\\/index.php\\\/product\\\/vesperdose-jo-broesele-jumping-jo\\\/#breadcrumb\"},\"inLanguage\":\"de\",\"potentialAction\":[{\"@type\":\"ReadAction\",\"target\":[\"https:\\\/\\\/espenlaub-shop.de\\\/index.php\\\/product\\\/vesperdose-jo-broesele-jumping-jo\\\/\"]}]},{\"@type\":\"ImageObject\",\"inLanguage\":\"de\",\"@id\":\"https:\\\/\\\/espenlaub-shop.de\\\/index.php\\\/product\\\/vesperdose-jo-broesele-jumping-jo\\\/#primaryimage\",\"url\":\"https:\\\/\\\/espenlaub-shop.de\\\/wp-content\\\/uploads\\\/2023\\\/03\\\/JJ-Versperdose.jpg\",\"contentUrl\":\"https:\\\/\\\/espenlaub-shop.de\\\/wp-content\\\/uploads\\\/2023\\\/03\\\/JJ-Versperdose.jpg\",\"width\":646,\"height\":646},{\"@type\":\"BreadcrumbList\",\"@id\":\"https:\\\/\\\/espenlaub-shop.de\\\/index.php\\\/product\\\/vesperdose-jo-broesele-jumping-jo\\\/#breadcrumb\",\"itemListElement\":[{\"@type\":\"ListItem\",\"position\":1,\"name\":\"Home\",\"item\":\"https:\\\/\\\/espenlaub-shop.de\\\/\"},{\"@type\":\"ListItem\",\"position\":2,\"name\":\"Shop\",\"item\":\"https:\\\/\\\/espenlaub-shop.de\\\/index.php\\\/shop\\\/\"},{\"@type\":\"ListItem\",\"position\":3,\"name\":\"Vesperdose &#8211; Jo Br\u00f6sele\\\/Jumping Jo\"}]},{\"@type\":\"WebSite\",\"@id\":\"https:\\\/\\\/espenlaub-shop.de\\\/#website\",\"url\":\"https:\\\/\\\/espenlaub-shop.de\\\/\",\"name\":\"ESPENLAUB Verlag\",\"description\":\"\",\"publisher\":{\"@id\":\"https:\\\/\\\/espenlaub-shop.de\\\/#organization\"},\"potentialAction\":[{\"@type\":\"SearchAction\",\"target\":{\"@type\":\"EntryPoint\",\"urlTemplate\":\"https:\\\/\\\/espenlaub-shop.de\\\/?s={search_term_string}\"},\"query-input\":{\"@type\":\"PropertyValueSpecification\",\"valueRequired\":true,\"valueName\":\"search_term_string\"}}],\"inLanguage\":\"de\"},{\"@type\":\"Organization\",\"@id\":\"https:\\\/\\\/espenlaub-shop.de\\\/#organization\",\"name\":\"ESPENLAUB Verlag\",\"url\":\"https:\\\/\\\/espenlaub-shop.de\\\/\",\"logo\":{\"@type\":\"ImageObject\",\"inLanguage\":\"de\",\"@id\":\"https:\\\/\\\/espenlaub-shop.de\\\/#\\\/schema\\\/logo\\\/image\\\/\",\"url\":\"https:\\\/\\\/espenlaub-shop.de\\\/wp-content\\\/uploads\\\/2020\\\/07\\\/logo.png\",\"contentUrl\":\"https:\\\/\\\/espenlaub-shop.de\\\/wp-content\\\/uploads\\\/2020\\\/07\\\/logo.png\",\"width\":531,\"height\":80,\"caption\":\"ESPENLAUB Verlag\"},\"image\":{\"@id\":\"https:\\\/\\\/espenlaub-shop.de\\\/#\\\/schema\\\/logo\\\/image\\\/\"}}]}<\/script>\n<!-- \/ Yoast SEO plugin. -->","yoast_head_json":{"title":"Vesperdose - Jo Br\u00f6sele\/Jumping Jo - ESPENLAUB Verlag","robots":{"index":"index","follow":"follow","max-snippet":"max-snippet:-1","max-image-preview":"max-image-preview:large","max-video-preview":"max-video-preview:-1"},"canonical":"https:\/\/espenlaub-shop.de\/index.php\/product\/vesperdose-jo-broesele-jumping-jo\/","og_locale":"de_DE","og_type":"article","og_title":"Vesperdose - Jo Br\u00f6sele\/Jumping Jo - ESPENLAUB Verlag","og_description":"Eine tolle Vesperdose, gestaltet f\u00fcr das www.umwelt-projekt.de  Aber nat\u00fcrlich auch f\u00fcr alle anderen Interessierten.  Farbe gr\u00fcn, ca. 16 cm L\u00e4nge - 11,5 cm Breite - 5,5 cm H\u00f6he","og_url":"https:\/\/espenlaub-shop.de\/index.php\/product\/vesperdose-jo-broesele-jumping-jo\/","og_site_name":"ESPENLAUB Verlag","article_modified_time":"2023-08-31T10:11:56+00:00","og_image":[{"width":646,"height":646,"url":"https:\/\/espenlaub-shop.de\/wp-content\/uploads\/2023\/03\/JJ-Versperdose.jpg","type":"image\/jpeg"}],"twitter_card":"summary_large_image","twitter_misc":{"Gesch\u00e4tzte Lesezeit":"1\u00a0Minute"},"schema":{"@context":"https:\/\/schema.org","@graph":[{"@type":"WebPage","@id":"https:\/\/espenlaub-shop.de\/index.php\/product\/vesperdose-jo-broesele-jumping-jo\/","url":"https:\/\/espenlaub-shop.de\/index.php\/product\/vesperdose-jo-broesele-jumping-jo\/","name":"Vesperdose - Jo Br\u00f6sele\/Jumping Jo - ESPENLAUB Verlag","isPartOf":{"@id":"https:\/\/espenlaub-shop.de\/#website"},"primaryImageOfPage":{"@id":"https:\/\/espenlaub-shop.de\/index.php\/product\/vesperdose-jo-broesele-jumping-jo\/#primaryimage"},"image":{"@id":"https:\/\/espenlaub-shop.de\/index.php\/product\/vesperdose-jo-broesele-jumping-jo\/#primaryimage"},"thumbnailUrl":"https:\/\/espenlaub-shop.de\/wp-content\/uploads\/2023\/03\/JJ-Versperdose.jpg","datePublished":"2023-03-06T18:57:08+00:00","dateModified":"2023-08-31T10:11:56+00:00","breadcrumb":{"@id":"https:\/\/espenlaub-shop.de\/index.php\/product\/vesperdose-jo-broesele-jumping-jo\/#breadcrumb"},"inLanguage":"de","potentialAction":[{"@type":"ReadAction","target":["https:\/\/espenlaub-shop.de\/index.php\/product\/vesperdose-jo-broesele-jumping-jo\/"]}]},{"@type":"ImageObject","inLanguage":"de","@id":"https:\/\/espenlaub-shop.de\/index.php\/product\/vesperdose-jo-broesele-jumping-jo\/#primaryimage","url":"https:\/\/espenlaub-shop.de\/wp-content\/uploads\/2023\/03\/JJ-Versperdose.jpg","contentUrl":"https:\/\/espenlaub-shop.de\/wp-content\/uploads\/2023\/03\/JJ-Versperdose.jpg","width":646,"height":646},{"@type":"BreadcrumbList","@id":"https:\/\/espenlaub-shop.de\/index.php\/product\/vesperdose-jo-broesele-jumping-jo\/#breadcrumb","itemListElement":[{"@type":"ListItem","position":1,"name":"Home","item":"https:\/\/espenlaub-shop.de\/"},{"@type":"ListItem","position":2,"name":"Shop","item":"https:\/\/espenlaub-shop.de\/index.php\/shop\/"},{"@type":"ListItem","position":3,"name":"Vesperdose &#8211; Jo Br\u00f6sele\/Jumping Jo"}]},{"@type":"WebSite","@id":"https:\/\/espenlaub-shop.de\/#website","url":"https:\/\/espenlaub-shop.de\/","name":"ESPENLAUB Verlag","description":"","publisher":{"@id":"https:\/\/espenlaub-shop.de\/#organization"},"potentialAction":[{"@type":"SearchAction","target":{"@type":"EntryPoint","urlTemplate":"https:\/\/espenlaub-shop.de\/?s={search_term_string}"},"query-input":{"@type":"PropertyValueSpecification","valueRequired":true,"valueName":"search_term_string"}}],"inLanguage":"de"},{"@type":"Organization","@id":"https:\/\/espenlaub-shop.de\/#organization","name":"ESPENLAUB Verlag","url":"https:\/\/espenlaub-shop.de\/","logo":{"@type":"ImageObject","inLanguage":"de","@id":"https:\/\/espenlaub-shop.de\/#\/schema\/logo\/image\/","url":"https:\/\/espenlaub-shop.de\/wp-content\/uploads\/2020\/07\/logo.png","contentUrl":"https:\/\/espenlaub-shop.de\/wp-content\/uploads\/2020\/07\/logo.png","width":531,"height":80,"caption":"ESPENLAUB Verlag"},"image":{"@id":"https:\/\/espenlaub-shop.de\/#\/schema\/logo\/image\/"}}]}},"_links":{"self":[{"href":"https:\/\/espenlaub-shop.de\/index.php\/wp-json\/wp\/v2\/product\/537","targetHints":{"allow":["GET"]}}],"collection":[{"href":"https:\/\/espenlaub-shop.de\/index.php\/wp-json\/wp\/v2\/product"}],"about":[{"href":"https:\/\/espenlaub-shop.de\/index.php\/wp-json\/wp\/v2\/types\/product"}],"wp:featuredmedia":[{"embeddable":true,"href":"https:\/\/espenlaub-shop.de\/index.php\/wp-json\/wp\/v2\/media\/538"}],"wp:attachment":[{"href":"https:\/\/espenlaub-shop.de\/index.php\/wp-json\/wp\/v2\/media?parent=537"}],"wp:term":[{"taxonomy":"product_brand","embeddable":true,"href":"https:\/\/espenlaub-shop.de\/index.php\/wp-json\/wp\/v2\/product_brand?post=537"},{"taxonomy":"product_cat","embeddable":true,"href":"https:\/\/espenlaub-shop.de\/index.php\/wp-json\/wp\/v2\/product_cat?post=537"},{"taxonomy":"product_tag","embeddable":true,"href":"https:\/\/espenlaub-shop.de\/index.php\/wp-json\/wp\/v2\/product_tag?post=537"}],"curies":[{"name":"wp","href":"https:\/\/api.w.org\/{rel}","templated":true}]}}