{"id":835,"date":"2025-10-10T12:26:00","date_gmt":"2025-10-10T12:26:00","guid":{"rendered":"https:\/\/espenlaub-shop.de\/?post_type=product&#038;p=835"},"modified":"2025-12-03T13:07:58","modified_gmt":"2025-12-03T13:07:58","slug":"dvd-die-sieben-schwaben-abenteuer-1-monsterjagd-fsk-0","status":"publish","type":"product","link":"https:\/\/espenlaub-shop.de\/index.php\/product\/dvd-die-sieben-schwaben-abenteuer-1-monsterjagd-fsk-0\/","title":{"rendered":"DVD Die Sieben Schwaben &#8211; Abenteuer 1 &#8211; Monsterjagd &#8211; FSK 0"},"content":{"rendered":"<h2>&#8230;lieferbar ab Dez. 2025 &#8211; Vorbestellungen sind jederzeit m\u00f6glich<\/h2>\n<h2><strong>Die Sieben Schwaben<\/strong><\/h2>\n<p><strong>Abenteuer 1 &#8211; Monsterjagd<span style=\"font-size: 10.0pt;font-family: 'Helvetica Neue',serif\">\u00a0<\/span><\/strong><\/p>\n<p>Das erste Abenteuer der sieben Schwaben beginnt, als sie von einer mysteri\u00f6sen Bestie erfahren,<br \/>\ndie in den d\u00fcsteren W\u00e4ldern, nahe dem sagenumwobenen Schw\u00e4bischen Meer ihr Unwesen treibt.<br \/>\nEin Ungeheuer, das nachts das Land in Angst und Schrecken versetzt.<\/p>\n<p>R\u00e4tselhafte Spuren, verschwundene Tiere und unheimliche Ger\u00e4usche k\u00fcndigen das drohende Unheil an.<br \/>\nGut ausger\u00fcstet und mit einer kr\u00e4ftigen Portion schw\u00e4bischem Ehrgeiz machen sich Die Sieben Schwaben mutig auf, das Monster zu erlegen.<br \/>\nIhr abenteuerlicher Weg f\u00fchrt sie durch dichte Nebel, finstere W\u00e4lder\u00a0\u00a0 und unbekannte Gefahren.<\/p>\n<p>Wird es ihnen gelingen, der furchterregenden Bestie das Handwerk zu legen oder werden sie selbst zu den Gejagten?<\/p>\n<p>Macht euch bereit f\u00fcr eine urige, witzige und original schw\u00e4bische Verfilmung, die das Herz dieser einzigartigen Kultur einf\u00e4ngt.<\/p>\n<p>DVD ca. 46 Minuten, FSK 0<\/p>\n<p>Cast: Harald Scheufler, Alfons Guggemoos, Samuel Josephs, Franziskus Paul, Rupert Willburger, Frank Fr\u00f6hlich, Jo Br\u00f6sele &amp; friends<\/p>\n<p>Regisseur: Thomas Schuster<\/p>\n<p>&nbsp;<\/p>\n","protected":false},"excerpt":{"rendered":"<h2>&#8230;lieferbar ab Dez. 2025 &#8211; Vorbestellungen sind jederzeit m\u00f6glich<\/h2>\n<h2><strong>Die Sieben Schwaben<\/strong><\/h2>\n<p><strong>Abenteuer 1 &#8211; Monsterjagd\u00a0<\/strong><\/p>\n<p>Das erste Abenteuer der sieben Schwaben beginnt, als sie von einer mysteri\u00f6sen Bestie erfahren,<br \/>\ndie in den d\u00fcsteren W\u00e4ldern, nahe dem sagenumwobenen Schw\u00e4bischen Meer ihr Unwesen treibt.<br \/>\nEin Ungeheuer, das nachts das Land in Angst und Schrecken versetzt.<\/p>\n<p>R\u00e4tselhafte Spuren, verschwundene Tiere und unheimliche Ger\u00e4usche k\u00fcndigen das drohende Unheil an.<br \/>\nGut ausger\u00fcstet und mit einer kr\u00e4ftigen Portion schw\u00e4bischem Ehrgeiz machen sich Die Sieben Schwaben mutig auf, das Monster zu erlegen.<br \/>\nIhr abenteuerlicher Weg f\u00fchrt sie durch dichte Nebel, finstere W\u00e4lder\u00a0\u00a0 und unbekannte Gefahren.<\/p>\n<p>Wird es ihnen gelingen, der furchterregenden Bestie das Handwerk zu legen oder werden sie selbst zu den Gejagten?<\/p>\n<p>Macht euch bereit f\u00fcr eine urige, witzige und original schw\u00e4bische Verfilmung, die das Herz dieser einzigartigen Kultur einf\u00e4ngt.<\/p>\n<p>DVD ca. 46 Minuten, FSK 0<\/p>\n<p>Cast: Harald Scheufler, Alfons Guggemoos, Samuel Josephs, Franziskus Paul, Rupert Willburger, Frank Fr\u00f6hlich, Jo Br\u00f6sele &amp; friends<\/p>\n<p>Regisseur: Thomas Schuster<\/p>\n<p>&nbsp;<\/p>\n","protected":false},"featured_media":836,"template":"","meta":[],"product_brand":[],"product_cat":[21,246],"product_tag":[563,477,554,86,97,93,558,561,571,557,403,45,560,562,555,556,509,573,44,564,559,572],"class_list":{"0":"post-835","1":"product","2":"type-product","3":"status-publish","4":"has-post-thumbnail","6":"product_cat-musik-filme","7":"product_cat-startseite","8":"product_tag-abenteuer","9":"product_tag-baer","10":"product_tag-die-sieben-schwaben","11":"product_tag-dvd","12":"product_tag-espenlaub","13":"product_tag-film","14":"product_tag-franziskus-paul","15":"product_tag-froehlich","16":"product_tag-gsaelzbaer","17":"product_tag-guggemoos","18":"product_tag-hase","19":"product_tag-jo-broesele","20":"product_tag-josephs","21":"product_tag-lanze","22":"product_tag-monster","23":"product_tag-scheufler","24":"product_tag-schwaben","25":"product_tag-schwabenland","26":"product_tag-schwaebisch","27":"product_tag-sieben","28":"product_tag-willburger","29":"product_tag-wondrfizz","31":"first","32":"instock","33":"purchasable","34":"product-type-simple"},"yoast_head":"<!-- This site is optimized with the Yoast SEO plugin v27.4 - https:\/\/yoast.com\/product\/yoast-seo-wordpress\/ -->\n<title>DVD Die Sieben Schwaben - Abenteuer 1 - Monsterjagd - FSK 0 - ESPENLAUB Verlag<\/title>\n<meta name=\"robots\" content=\"index, follow, max-snippet:-1, max-image-preview:large, max-video-preview:-1\" \/>\n<link rel=\"canonical\" href=\"https:\/\/espenlaub-shop.de\/index.php\/product\/dvd-die-sieben-schwaben-abenteuer-1-monsterjagd-fsk-0\/\" \/>\n<meta property=\"og:locale\" content=\"de_DE\" \/>\n<meta property=\"og:type\" content=\"article\" \/>\n<meta property=\"og:title\" content=\"DVD Die Sieben Schwaben - Abenteuer 1 - Monsterjagd - FSK 0 - ESPENLAUB Verlag\" \/>\n<meta property=\"og:description\" content=\"...lieferbar ab Dez. 2025 - Vorbestellungen sind jederzeit m\u00f6glich Die Sieben Schwaben Abenteuer 1 - Monsterjagd\u00a0  Das erste Abenteuer der sieben Schwaben beginnt, als sie von einer mysteri\u00f6sen Bestie erfahren, die in den d\u00fcsteren W\u00e4ldern, nahe dem sagenumwobenen Schw\u00e4bischen Meer ihr Unwesen treibt. Ein Ungeheuer, das nachts das Land in Angst und Schrecken versetzt.  R\u00e4tselhafte Spuren, verschwundene Tiere und unheimliche Ger\u00e4usche k\u00fcndigen das drohende Unheil an. Gut ausger\u00fcstet und mit einer kr\u00e4ftigen Portion schw\u00e4bischem Ehrgeiz machen sich Die Sieben Schwaben mutig auf, das Monster zu erlegen. Ihr abenteuerlicher Weg f\u00fchrt sie durch dichte Nebel, finstere W\u00e4lder\u00a0\u00a0 und unbekannte Gefahren.  Wird es ihnen gelingen, der furchterregenden Bestie das Handwerk zu legen oder werden sie selbst zu den Gejagten?  Macht euch bereit f\u00fcr eine urige, witzige und original schw\u00e4bische Verfilmung, die das Herz dieser einzigartigen Kultur einf\u00e4ngt.  DVD ca. 46 Minuten, FSK 0  Cast: Harald Scheufler, Alfons Guggemoos, Samuel Josephs, Franziskus Paul, Rupert Willburger, Frank Fr\u00f6hlich, Jo Br\u00f6sele &amp; friends  Regisseur: Thomas Schuster  &nbsp;\" \/>\n<meta property=\"og:url\" content=\"https:\/\/espenlaub-shop.de\/index.php\/product\/dvd-die-sieben-schwaben-abenteuer-1-monsterjagd-fsk-0\/\" \/>\n<meta property=\"og:site_name\" content=\"ESPENLAUB Verlag\" \/>\n<meta property=\"article:modified_time\" content=\"2025-12-03T13:07:58+00:00\" \/>\n<meta property=\"og:image\" content=\"https:\/\/espenlaub-shop.de\/wp-content\/uploads\/2025\/10\/DVD-Die-Sieben-Schwaben.jpg\" \/>\n\t<meta property=\"og:image:width\" content=\"646\" \/>\n\t<meta property=\"og:image:height\" content=\"646\" \/>\n\t<meta property=\"og:image:type\" content=\"image\/jpeg\" \/>\n<meta name=\"twitter:card\" content=\"summary_large_image\" \/>\n<meta name=\"twitter:label1\" content=\"Gesch\u00e4tzte Lesezeit\" \/>\n\t<meta name=\"twitter:data1\" content=\"2\u00a0Minuten\" \/>\n<script type=\"application\/ld+json\" class=\"yoast-schema-graph\">{\"@context\":\"https:\\\/\\\/schema.org\",\"@graph\":[{\"@type\":\"WebPage\",\"@id\":\"https:\\\/\\\/espenlaub-shop.de\\\/index.php\\\/product\\\/dvd-die-sieben-schwaben-abenteuer-1-monsterjagd-fsk-0\\\/\",\"url\":\"https:\\\/\\\/espenlaub-shop.de\\\/index.php\\\/product\\\/dvd-die-sieben-schwaben-abenteuer-1-monsterjagd-fsk-0\\\/\",\"name\":\"DVD Die Sieben Schwaben - Abenteuer 1 - Monsterjagd - FSK 0 - ESPENLAUB Verlag\",\"isPartOf\":{\"@id\":\"https:\\\/\\\/espenlaub-shop.de\\\/#website\"},\"primaryImageOfPage\":{\"@id\":\"https:\\\/\\\/espenlaub-shop.de\\\/index.php\\\/product\\\/dvd-die-sieben-schwaben-abenteuer-1-monsterjagd-fsk-0\\\/#primaryimage\"},\"image\":{\"@id\":\"https:\\\/\\\/espenlaub-shop.de\\\/index.php\\\/product\\\/dvd-die-sieben-schwaben-abenteuer-1-monsterjagd-fsk-0\\\/#primaryimage\"},\"thumbnailUrl\":\"https:\\\/\\\/espenlaub-shop.de\\\/wp-content\\\/uploads\\\/2025\\\/10\\\/DVD-Die-Sieben-Schwaben.jpg\",\"datePublished\":\"2025-10-10T12:26:00+00:00\",\"dateModified\":\"2025-12-03T13:07:58+00:00\",\"breadcrumb\":{\"@id\":\"https:\\\/\\\/espenlaub-shop.de\\\/index.php\\\/product\\\/dvd-die-sieben-schwaben-abenteuer-1-monsterjagd-fsk-0\\\/#breadcrumb\"},\"inLanguage\":\"de\",\"potentialAction\":[{\"@type\":\"ReadAction\",\"target\":[\"https:\\\/\\\/espenlaub-shop.de\\\/index.php\\\/product\\\/dvd-die-sieben-schwaben-abenteuer-1-monsterjagd-fsk-0\\\/\"]}]},{\"@type\":\"ImageObject\",\"inLanguage\":\"de\",\"@id\":\"https:\\\/\\\/espenlaub-shop.de\\\/index.php\\\/product\\\/dvd-die-sieben-schwaben-abenteuer-1-monsterjagd-fsk-0\\\/#primaryimage\",\"url\":\"https:\\\/\\\/espenlaub-shop.de\\\/wp-content\\\/uploads\\\/2025\\\/10\\\/DVD-Die-Sieben-Schwaben.jpg\",\"contentUrl\":\"https:\\\/\\\/espenlaub-shop.de\\\/wp-content\\\/uploads\\\/2025\\\/10\\\/DVD-Die-Sieben-Schwaben.jpg\",\"width\":646,\"height\":646},{\"@type\":\"BreadcrumbList\",\"@id\":\"https:\\\/\\\/espenlaub-shop.de\\\/index.php\\\/product\\\/dvd-die-sieben-schwaben-abenteuer-1-monsterjagd-fsk-0\\\/#breadcrumb\",\"itemListElement\":[{\"@type\":\"ListItem\",\"position\":1,\"name\":\"Home\",\"item\":\"https:\\\/\\\/espenlaub-shop.de\\\/\"},{\"@type\":\"ListItem\",\"position\":2,\"name\":\"Shop\",\"item\":\"https:\\\/\\\/espenlaub-shop.de\\\/index.php\\\/shop\\\/\"},{\"@type\":\"ListItem\",\"position\":3,\"name\":\"DVD Die Sieben Schwaben &#8211; Abenteuer 1 &#8211; Monsterjagd &#8211; FSK 0\"}]},{\"@type\":\"WebSite\",\"@id\":\"https:\\\/\\\/espenlaub-shop.de\\\/#website\",\"url\":\"https:\\\/\\\/espenlaub-shop.de\\\/\",\"name\":\"ESPENLAUB Verlag\",\"description\":\"\",\"publisher\":{\"@id\":\"https:\\\/\\\/espenlaub-shop.de\\\/#organization\"},\"potentialAction\":[{\"@type\":\"SearchAction\",\"target\":{\"@type\":\"EntryPoint\",\"urlTemplate\":\"https:\\\/\\\/espenlaub-shop.de\\\/?s={search_term_string}\"},\"query-input\":{\"@type\":\"PropertyValueSpecification\",\"valueRequired\":true,\"valueName\":\"search_term_string\"}}],\"inLanguage\":\"de\"},{\"@type\":\"Organization\",\"@id\":\"https:\\\/\\\/espenlaub-shop.de\\\/#organization\",\"name\":\"ESPENLAUB Verlag\",\"url\":\"https:\\\/\\\/espenlaub-shop.de\\\/\",\"logo\":{\"@type\":\"ImageObject\",\"inLanguage\":\"de\",\"@id\":\"https:\\\/\\\/espenlaub-shop.de\\\/#\\\/schema\\\/logo\\\/image\\\/\",\"url\":\"https:\\\/\\\/espenlaub-shop.de\\\/wp-content\\\/uploads\\\/2020\\\/07\\\/logo.png\",\"contentUrl\":\"https:\\\/\\\/espenlaub-shop.de\\\/wp-content\\\/uploads\\\/2020\\\/07\\\/logo.png\",\"width\":531,\"height\":80,\"caption\":\"ESPENLAUB Verlag\"},\"image\":{\"@id\":\"https:\\\/\\\/espenlaub-shop.de\\\/#\\\/schema\\\/logo\\\/image\\\/\"}}]}<\/script>\n<!-- \/ Yoast SEO plugin. -->","yoast_head_json":{"title":"DVD Die Sieben Schwaben - Abenteuer 1 - Monsterjagd - FSK 0 - ESPENLAUB Verlag","robots":{"index":"index","follow":"follow","max-snippet":"max-snippet:-1","max-image-preview":"max-image-preview:large","max-video-preview":"max-video-preview:-1"},"canonical":"https:\/\/espenlaub-shop.de\/index.php\/product\/dvd-die-sieben-schwaben-abenteuer-1-monsterjagd-fsk-0\/","og_locale":"de_DE","og_type":"article","og_title":"DVD Die Sieben Schwaben - Abenteuer 1 - Monsterjagd - FSK 0 - ESPENLAUB Verlag","og_description":"...lieferbar ab Dez. 2025 - Vorbestellungen sind jederzeit m\u00f6glich Die Sieben Schwaben Abenteuer 1 - Monsterjagd\u00a0  Das erste Abenteuer der sieben Schwaben beginnt, als sie von einer mysteri\u00f6sen Bestie erfahren, die in den d\u00fcsteren W\u00e4ldern, nahe dem sagenumwobenen Schw\u00e4bischen Meer ihr Unwesen treibt. Ein Ungeheuer, das nachts das Land in Angst und Schrecken versetzt.  R\u00e4tselhafte Spuren, verschwundene Tiere und unheimliche Ger\u00e4usche k\u00fcndigen das drohende Unheil an. Gut ausger\u00fcstet und mit einer kr\u00e4ftigen Portion schw\u00e4bischem Ehrgeiz machen sich Die Sieben Schwaben mutig auf, das Monster zu erlegen. Ihr abenteuerlicher Weg f\u00fchrt sie durch dichte Nebel, finstere W\u00e4lder\u00a0\u00a0 und unbekannte Gefahren.  Wird es ihnen gelingen, der furchterregenden Bestie das Handwerk zu legen oder werden sie selbst zu den Gejagten?  Macht euch bereit f\u00fcr eine urige, witzige und original schw\u00e4bische Verfilmung, die das Herz dieser einzigartigen Kultur einf\u00e4ngt.  DVD ca. 46 Minuten, FSK 0  Cast: Harald Scheufler, Alfons Guggemoos, Samuel Josephs, Franziskus Paul, Rupert Willburger, Frank Fr\u00f6hlich, Jo Br\u00f6sele &amp; friends  Regisseur: Thomas Schuster  &nbsp;","og_url":"https:\/\/espenlaub-shop.de\/index.php\/product\/dvd-die-sieben-schwaben-abenteuer-1-monsterjagd-fsk-0\/","og_site_name":"ESPENLAUB Verlag","article_modified_time":"2025-12-03T13:07:58+00:00","og_image":[{"width":646,"height":646,"url":"https:\/\/espenlaub-shop.de\/wp-content\/uploads\/2025\/10\/DVD-Die-Sieben-Schwaben.jpg","type":"image\/jpeg"}],"twitter_card":"summary_large_image","twitter_misc":{"Gesch\u00e4tzte Lesezeit":"2\u00a0Minuten"},"schema":{"@context":"https:\/\/schema.org","@graph":[{"@type":"WebPage","@id":"https:\/\/espenlaub-shop.de\/index.php\/product\/dvd-die-sieben-schwaben-abenteuer-1-monsterjagd-fsk-0\/","url":"https:\/\/espenlaub-shop.de\/index.php\/product\/dvd-die-sieben-schwaben-abenteuer-1-monsterjagd-fsk-0\/","name":"DVD Die Sieben Schwaben - Abenteuer 1 - Monsterjagd - FSK 0 - ESPENLAUB Verlag","isPartOf":{"@id":"https:\/\/espenlaub-shop.de\/#website"},"primaryImageOfPage":{"@id":"https:\/\/espenlaub-shop.de\/index.php\/product\/dvd-die-sieben-schwaben-abenteuer-1-monsterjagd-fsk-0\/#primaryimage"},"image":{"@id":"https:\/\/espenlaub-shop.de\/index.php\/product\/dvd-die-sieben-schwaben-abenteuer-1-monsterjagd-fsk-0\/#primaryimage"},"thumbnailUrl":"https:\/\/espenlaub-shop.de\/wp-content\/uploads\/2025\/10\/DVD-Die-Sieben-Schwaben.jpg","datePublished":"2025-10-10T12:26:00+00:00","dateModified":"2025-12-03T13:07:58+00:00","breadcrumb":{"@id":"https:\/\/espenlaub-shop.de\/index.php\/product\/dvd-die-sieben-schwaben-abenteuer-1-monsterjagd-fsk-0\/#breadcrumb"},"inLanguage":"de","potentialAction":[{"@type":"ReadAction","target":["https:\/\/espenlaub-shop.de\/index.php\/product\/dvd-die-sieben-schwaben-abenteuer-1-monsterjagd-fsk-0\/"]}]},{"@type":"ImageObject","inLanguage":"de","@id":"https:\/\/espenlaub-shop.de\/index.php\/product\/dvd-die-sieben-schwaben-abenteuer-1-monsterjagd-fsk-0\/#primaryimage","url":"https:\/\/espenlaub-shop.de\/wp-content\/uploads\/2025\/10\/DVD-Die-Sieben-Schwaben.jpg","contentUrl":"https:\/\/espenlaub-shop.de\/wp-content\/uploads\/2025\/10\/DVD-Die-Sieben-Schwaben.jpg","width":646,"height":646},{"@type":"BreadcrumbList","@id":"https:\/\/espenlaub-shop.de\/index.php\/product\/dvd-die-sieben-schwaben-abenteuer-1-monsterjagd-fsk-0\/#breadcrumb","itemListElement":[{"@type":"ListItem","position":1,"name":"Home","item":"https:\/\/espenlaub-shop.de\/"},{"@type":"ListItem","position":2,"name":"Shop","item":"https:\/\/espenlaub-shop.de\/index.php\/shop\/"},{"@type":"ListItem","position":3,"name":"DVD Die Sieben Schwaben &#8211; Abenteuer 1 &#8211; Monsterjagd &#8211; FSK 0"}]},{"@type":"WebSite","@id":"https:\/\/espenlaub-shop.de\/#website","url":"https:\/\/espenlaub-shop.de\/","name":"ESPENLAUB Verlag","description":"","publisher":{"@id":"https:\/\/espenlaub-shop.de\/#organization"},"potentialAction":[{"@type":"SearchAction","target":{"@type":"EntryPoint","urlTemplate":"https:\/\/espenlaub-shop.de\/?s={search_term_string}"},"query-input":{"@type":"PropertyValueSpecification","valueRequired":true,"valueName":"search_term_string"}}],"inLanguage":"de"},{"@type":"Organization","@id":"https:\/\/espenlaub-shop.de\/#organization","name":"ESPENLAUB Verlag","url":"https:\/\/espenlaub-shop.de\/","logo":{"@type":"ImageObject","inLanguage":"de","@id":"https:\/\/espenlaub-shop.de\/#\/schema\/logo\/image\/","url":"https:\/\/espenlaub-shop.de\/wp-content\/uploads\/2020\/07\/logo.png","contentUrl":"https:\/\/espenlaub-shop.de\/wp-content\/uploads\/2020\/07\/logo.png","width":531,"height":80,"caption":"ESPENLAUB Verlag"},"image":{"@id":"https:\/\/espenlaub-shop.de\/#\/schema\/logo\/image\/"}}]}},"_links":{"self":[{"href":"https:\/\/espenlaub-shop.de\/index.php\/wp-json\/wp\/v2\/product\/835","targetHints":{"allow":["GET"]}}],"collection":[{"href":"https:\/\/espenlaub-shop.de\/index.php\/wp-json\/wp\/v2\/product"}],"about":[{"href":"https:\/\/espenlaub-shop.de\/index.php\/wp-json\/wp\/v2\/types\/product"}],"wp:featuredmedia":[{"embeddable":true,"href":"https:\/\/espenlaub-shop.de\/index.php\/wp-json\/wp\/v2\/media\/836"}],"wp:attachment":[{"href":"https:\/\/espenlaub-shop.de\/index.php\/wp-json\/wp\/v2\/media?parent=835"}],"wp:term":[{"taxonomy":"product_brand","embeddable":true,"href":"https:\/\/espenlaub-shop.de\/index.php\/wp-json\/wp\/v2\/product_brand?post=835"},{"taxonomy":"product_cat","embeddable":true,"href":"https:\/\/espenlaub-shop.de\/index.php\/wp-json\/wp\/v2\/product_cat?post=835"},{"taxonomy":"product_tag","embeddable":true,"href":"https:\/\/espenlaub-shop.de\/index.php\/wp-json\/wp\/v2\/product_tag?post=835"}],"curies":[{"name":"wp","href":"https:\/\/api.w.org\/{rel}","templated":true}]}}