{"id":839,"date":"2025-10-10T13:05:35","date_gmt":"2025-10-10T13:05:35","guid":{"rendered":"https:\/\/espenlaub-shop.de\/?post_type=product&#038;p=839"},"modified":"2025-12-03T13:05:38","modified_gmt":"2025-12-03T13:05:38","slug":"hopfelmus-apfelmus-mit-honig-das-leckere-aus-dem-film-die-sieben-schwaben-380g","status":"publish","type":"product","link":"https:\/\/espenlaub-shop.de\/index.php\/product\/hopfelmus-apfelmus-mit-honig-das-leckere-aus-dem-film-die-sieben-schwaben-380g\/","title":{"rendered":"Hopfelmus &#8211; Apfelmus mit Honig &#8211; Das leckere aus dem Film: Die Sieben Schwaben 380g"},"content":{"rendered":"<h2>Im Moment leider ausverkauft.<\/h2>\n<p>Bitte schicken Sie uns eine mail, wir informieren Sie gerne \u00fcber die Verf\u00fcgbarkeit. Danke.<\/p>\n<h2><\/h2>\n<h2>Das ist das leckere &#8222;Hopfelmus&#8220;<\/h2>\n<p>bekannt aus dem Film<strong> &#8222;Die Sieben Schwaben&#8220;<\/strong><\/p>\n<p>380g<\/p>\n<p>mit eigenen \u00c4pfeln<\/p>\n<p>ohne Zus\u00e4tze<\/p>\n<p>mit Honig ges\u00fc\u00dft<\/p>\n<p><strong>Mit Epfl ond Honig, gots dr guat wia ma K\u00f6nig!<\/strong><\/p>\n<p>&nbsp;<\/p>\n<p>&nbsp;<\/p>\n<p>&nbsp;<\/p>\n","protected":false},"excerpt":{"rendered":"<h2>Das ist das leckere &#8222;Hopfelmus&#8220;<\/h2>\n<p>bekannt aus dem Film<strong> &#8222;Die Sieben Schwaben&#8220;<\/strong><\/p>\n<p>380g<\/p>\n<p>mit eigenen \u00c4pfeln<\/p>\n<p>ohne Zus\u00e4tze<\/p>\n<p>mit Honig ges\u00fc\u00dft<\/p>\n<p><strong>Mit Epfl ond Honig, gots dr guat wia ma K\u00f6nig!<\/strong><\/p>\n<p>&nbsp;<\/p>\n","protected":false},"featured_media":848,"template":"","meta":[],"product_brand":[],"product_cat":[21],"product_tag":[506,554,93,303,570,45,509,44,568],"class_list":{"0":"post-839","1":"product","2":"type-product","3":"status-publish","4":"has-post-thumbnail","6":"product_cat-musik-filme","7":"product_tag-apfel","8":"product_tag-die-sieben-schwaben","9":"product_tag-film","10":"product_tag-honig","11":"product_tag-hopfelmus","12":"product_tag-jo-broesele","13":"product_tag-schwaben","14":"product_tag-schwaebisch","15":"product_tag-zipflhausen","17":"first","18":"instock","19":"purchasable","20":"product-type-simple"},"yoast_head":"<!-- This site is optimized with the Yoast SEO plugin v27.4 - https:\/\/yoast.com\/product\/yoast-seo-wordpress\/ -->\n<title>Hopfelmus - Apfelmus mit Honig - Das leckere aus dem Film: Die Sieben Schwaben 380g - ESPENLAUB Verlag<\/title>\n<meta name=\"robots\" content=\"index, follow, max-snippet:-1, max-image-preview:large, max-video-preview:-1\" \/>\n<link rel=\"canonical\" href=\"https:\/\/espenlaub-shop.de\/index.php\/product\/hopfelmus-apfelmus-mit-honig-das-leckere-aus-dem-film-die-sieben-schwaben-380g\/\" \/>\n<meta property=\"og:locale\" content=\"de_DE\" \/>\n<meta property=\"og:type\" content=\"article\" \/>\n<meta property=\"og:title\" content=\"Hopfelmus - Apfelmus mit Honig - Das leckere aus dem Film: Die Sieben Schwaben 380g - ESPENLAUB Verlag\" \/>\n<meta property=\"og:description\" content=\"Das ist das leckere &quot;Hopfelmus&quot; bekannt aus dem Film &quot;Die Sieben Schwaben&quot;  380g  mit eigenen \u00c4pfeln  ohne Zus\u00e4tze  mit Honig ges\u00fc\u00dft  Mit Epfl ond Honig, gots dr guat wia ma K\u00f6nig!  &nbsp;\" \/>\n<meta property=\"og:url\" content=\"https:\/\/espenlaub-shop.de\/index.php\/product\/hopfelmus-apfelmus-mit-honig-das-leckere-aus-dem-film-die-sieben-schwaben-380g\/\" \/>\n<meta property=\"og:site_name\" content=\"ESPENLAUB Verlag\" \/>\n<meta property=\"article:modified_time\" content=\"2025-12-03T13:05:38+00:00\" \/>\n<meta property=\"og:image\" content=\"https:\/\/espenlaub-shop.de\/wp-content\/uploads\/2025\/10\/Hopfelmus-ausverkauft.jpg\" \/>\n\t<meta property=\"og:image:width\" content=\"646\" \/>\n\t<meta property=\"og:image:height\" content=\"646\" \/>\n\t<meta property=\"og:image:type\" content=\"image\/jpeg\" \/>\n<meta name=\"twitter:card\" content=\"summary_large_image\" \/>\n<meta name=\"twitter:label1\" content=\"Gesch\u00e4tzte Lesezeit\" \/>\n\t<meta name=\"twitter:data1\" content=\"1\u00a0Minute\" \/>\n<script type=\"application\/ld+json\" class=\"yoast-schema-graph\">{\"@context\":\"https:\\\/\\\/schema.org\",\"@graph\":[{\"@type\":\"WebPage\",\"@id\":\"https:\\\/\\\/espenlaub-shop.de\\\/index.php\\\/product\\\/hopfelmus-apfelmus-mit-honig-das-leckere-aus-dem-film-die-sieben-schwaben-380g\\\/\",\"url\":\"https:\\\/\\\/espenlaub-shop.de\\\/index.php\\\/product\\\/hopfelmus-apfelmus-mit-honig-das-leckere-aus-dem-film-die-sieben-schwaben-380g\\\/\",\"name\":\"Hopfelmus - Apfelmus mit Honig - Das leckere aus dem Film: Die Sieben Schwaben 380g - ESPENLAUB Verlag\",\"isPartOf\":{\"@id\":\"https:\\\/\\\/espenlaub-shop.de\\\/#website\"},\"primaryImageOfPage\":{\"@id\":\"https:\\\/\\\/espenlaub-shop.de\\\/index.php\\\/product\\\/hopfelmus-apfelmus-mit-honig-das-leckere-aus-dem-film-die-sieben-schwaben-380g\\\/#primaryimage\"},\"image\":{\"@id\":\"https:\\\/\\\/espenlaub-shop.de\\\/index.php\\\/product\\\/hopfelmus-apfelmus-mit-honig-das-leckere-aus-dem-film-die-sieben-schwaben-380g\\\/#primaryimage\"},\"thumbnailUrl\":\"https:\\\/\\\/espenlaub-shop.de\\\/wp-content\\\/uploads\\\/2025\\\/10\\\/Hopfelmus-ausverkauft.jpg\",\"datePublished\":\"2025-10-10T13:05:35+00:00\",\"dateModified\":\"2025-12-03T13:05:38+00:00\",\"breadcrumb\":{\"@id\":\"https:\\\/\\\/espenlaub-shop.de\\\/index.php\\\/product\\\/hopfelmus-apfelmus-mit-honig-das-leckere-aus-dem-film-die-sieben-schwaben-380g\\\/#breadcrumb\"},\"inLanguage\":\"de\",\"potentialAction\":[{\"@type\":\"ReadAction\",\"target\":[\"https:\\\/\\\/espenlaub-shop.de\\\/index.php\\\/product\\\/hopfelmus-apfelmus-mit-honig-das-leckere-aus-dem-film-die-sieben-schwaben-380g\\\/\"]}]},{\"@type\":\"ImageObject\",\"inLanguage\":\"de\",\"@id\":\"https:\\\/\\\/espenlaub-shop.de\\\/index.php\\\/product\\\/hopfelmus-apfelmus-mit-honig-das-leckere-aus-dem-film-die-sieben-schwaben-380g\\\/#primaryimage\",\"url\":\"https:\\\/\\\/espenlaub-shop.de\\\/wp-content\\\/uploads\\\/2025\\\/10\\\/Hopfelmus-ausverkauft.jpg\",\"contentUrl\":\"https:\\\/\\\/espenlaub-shop.de\\\/wp-content\\\/uploads\\\/2025\\\/10\\\/Hopfelmus-ausverkauft.jpg\",\"width\":646,\"height\":646},{\"@type\":\"BreadcrumbList\",\"@id\":\"https:\\\/\\\/espenlaub-shop.de\\\/index.php\\\/product\\\/hopfelmus-apfelmus-mit-honig-das-leckere-aus-dem-film-die-sieben-schwaben-380g\\\/#breadcrumb\",\"itemListElement\":[{\"@type\":\"ListItem\",\"position\":1,\"name\":\"Home\",\"item\":\"https:\\\/\\\/espenlaub-shop.de\\\/\"},{\"@type\":\"ListItem\",\"position\":2,\"name\":\"Shop\",\"item\":\"https:\\\/\\\/espenlaub-shop.de\\\/index.php\\\/shop\\\/\"},{\"@type\":\"ListItem\",\"position\":3,\"name\":\"Hopfelmus &#8211; Apfelmus mit Honig &#8211; Das leckere aus dem Film: Die Sieben Schwaben 380g\"}]},{\"@type\":\"WebSite\",\"@id\":\"https:\\\/\\\/espenlaub-shop.de\\\/#website\",\"url\":\"https:\\\/\\\/espenlaub-shop.de\\\/\",\"name\":\"ESPENLAUB Verlag\",\"description\":\"\",\"publisher\":{\"@id\":\"https:\\\/\\\/espenlaub-shop.de\\\/#organization\"},\"potentialAction\":[{\"@type\":\"SearchAction\",\"target\":{\"@type\":\"EntryPoint\",\"urlTemplate\":\"https:\\\/\\\/espenlaub-shop.de\\\/?s={search_term_string}\"},\"query-input\":{\"@type\":\"PropertyValueSpecification\",\"valueRequired\":true,\"valueName\":\"search_term_string\"}}],\"inLanguage\":\"de\"},{\"@type\":\"Organization\",\"@id\":\"https:\\\/\\\/espenlaub-shop.de\\\/#organization\",\"name\":\"ESPENLAUB Verlag\",\"url\":\"https:\\\/\\\/espenlaub-shop.de\\\/\",\"logo\":{\"@type\":\"ImageObject\",\"inLanguage\":\"de\",\"@id\":\"https:\\\/\\\/espenlaub-shop.de\\\/#\\\/schema\\\/logo\\\/image\\\/\",\"url\":\"https:\\\/\\\/espenlaub-shop.de\\\/wp-content\\\/uploads\\\/2020\\\/07\\\/logo.png\",\"contentUrl\":\"https:\\\/\\\/espenlaub-shop.de\\\/wp-content\\\/uploads\\\/2020\\\/07\\\/logo.png\",\"width\":531,\"height\":80,\"caption\":\"ESPENLAUB Verlag\"},\"image\":{\"@id\":\"https:\\\/\\\/espenlaub-shop.de\\\/#\\\/schema\\\/logo\\\/image\\\/\"}}]}<\/script>\n<!-- \/ Yoast SEO plugin. -->","yoast_head_json":{"title":"Hopfelmus - Apfelmus mit Honig - Das leckere aus dem Film: Die Sieben Schwaben 380g - ESPENLAUB Verlag","robots":{"index":"index","follow":"follow","max-snippet":"max-snippet:-1","max-image-preview":"max-image-preview:large","max-video-preview":"max-video-preview:-1"},"canonical":"https:\/\/espenlaub-shop.de\/index.php\/product\/hopfelmus-apfelmus-mit-honig-das-leckere-aus-dem-film-die-sieben-schwaben-380g\/","og_locale":"de_DE","og_type":"article","og_title":"Hopfelmus - Apfelmus mit Honig - Das leckere aus dem Film: Die Sieben Schwaben 380g - ESPENLAUB Verlag","og_description":"Das ist das leckere \"Hopfelmus\" bekannt aus dem Film \"Die Sieben Schwaben\"  380g  mit eigenen \u00c4pfeln  ohne Zus\u00e4tze  mit Honig ges\u00fc\u00dft  Mit Epfl ond Honig, gots dr guat wia ma K\u00f6nig!  &nbsp;","og_url":"https:\/\/espenlaub-shop.de\/index.php\/product\/hopfelmus-apfelmus-mit-honig-das-leckere-aus-dem-film-die-sieben-schwaben-380g\/","og_site_name":"ESPENLAUB Verlag","article_modified_time":"2025-12-03T13:05:38+00:00","og_image":[{"width":646,"height":646,"url":"https:\/\/espenlaub-shop.de\/wp-content\/uploads\/2025\/10\/Hopfelmus-ausverkauft.jpg","type":"image\/jpeg"}],"twitter_card":"summary_large_image","twitter_misc":{"Gesch\u00e4tzte Lesezeit":"1\u00a0Minute"},"schema":{"@context":"https:\/\/schema.org","@graph":[{"@type":"WebPage","@id":"https:\/\/espenlaub-shop.de\/index.php\/product\/hopfelmus-apfelmus-mit-honig-das-leckere-aus-dem-film-die-sieben-schwaben-380g\/","url":"https:\/\/espenlaub-shop.de\/index.php\/product\/hopfelmus-apfelmus-mit-honig-das-leckere-aus-dem-film-die-sieben-schwaben-380g\/","name":"Hopfelmus - Apfelmus mit Honig - Das leckere aus dem Film: Die Sieben Schwaben 380g - ESPENLAUB Verlag","isPartOf":{"@id":"https:\/\/espenlaub-shop.de\/#website"},"primaryImageOfPage":{"@id":"https:\/\/espenlaub-shop.de\/index.php\/product\/hopfelmus-apfelmus-mit-honig-das-leckere-aus-dem-film-die-sieben-schwaben-380g\/#primaryimage"},"image":{"@id":"https:\/\/espenlaub-shop.de\/index.php\/product\/hopfelmus-apfelmus-mit-honig-das-leckere-aus-dem-film-die-sieben-schwaben-380g\/#primaryimage"},"thumbnailUrl":"https:\/\/espenlaub-shop.de\/wp-content\/uploads\/2025\/10\/Hopfelmus-ausverkauft.jpg","datePublished":"2025-10-10T13:05:35+00:00","dateModified":"2025-12-03T13:05:38+00:00","breadcrumb":{"@id":"https:\/\/espenlaub-shop.de\/index.php\/product\/hopfelmus-apfelmus-mit-honig-das-leckere-aus-dem-film-die-sieben-schwaben-380g\/#breadcrumb"},"inLanguage":"de","potentialAction":[{"@type":"ReadAction","target":["https:\/\/espenlaub-shop.de\/index.php\/product\/hopfelmus-apfelmus-mit-honig-das-leckere-aus-dem-film-die-sieben-schwaben-380g\/"]}]},{"@type":"ImageObject","inLanguage":"de","@id":"https:\/\/espenlaub-shop.de\/index.php\/product\/hopfelmus-apfelmus-mit-honig-das-leckere-aus-dem-film-die-sieben-schwaben-380g\/#primaryimage","url":"https:\/\/espenlaub-shop.de\/wp-content\/uploads\/2025\/10\/Hopfelmus-ausverkauft.jpg","contentUrl":"https:\/\/espenlaub-shop.de\/wp-content\/uploads\/2025\/10\/Hopfelmus-ausverkauft.jpg","width":646,"height":646},{"@type":"BreadcrumbList","@id":"https:\/\/espenlaub-shop.de\/index.php\/product\/hopfelmus-apfelmus-mit-honig-das-leckere-aus-dem-film-die-sieben-schwaben-380g\/#breadcrumb","itemListElement":[{"@type":"ListItem","position":1,"name":"Home","item":"https:\/\/espenlaub-shop.de\/"},{"@type":"ListItem","position":2,"name":"Shop","item":"https:\/\/espenlaub-shop.de\/index.php\/shop\/"},{"@type":"ListItem","position":3,"name":"Hopfelmus &#8211; Apfelmus mit Honig &#8211; Das leckere aus dem Film: Die Sieben Schwaben 380g"}]},{"@type":"WebSite","@id":"https:\/\/espenlaub-shop.de\/#website","url":"https:\/\/espenlaub-shop.de\/","name":"ESPENLAUB Verlag","description":"","publisher":{"@id":"https:\/\/espenlaub-shop.de\/#organization"},"potentialAction":[{"@type":"SearchAction","target":{"@type":"EntryPoint","urlTemplate":"https:\/\/espenlaub-shop.de\/?s={search_term_string}"},"query-input":{"@type":"PropertyValueSpecification","valueRequired":true,"valueName":"search_term_string"}}],"inLanguage":"de"},{"@type":"Organization","@id":"https:\/\/espenlaub-shop.de\/#organization","name":"ESPENLAUB Verlag","url":"https:\/\/espenlaub-shop.de\/","logo":{"@type":"ImageObject","inLanguage":"de","@id":"https:\/\/espenlaub-shop.de\/#\/schema\/logo\/image\/","url":"https:\/\/espenlaub-shop.de\/wp-content\/uploads\/2020\/07\/logo.png","contentUrl":"https:\/\/espenlaub-shop.de\/wp-content\/uploads\/2020\/07\/logo.png","width":531,"height":80,"caption":"ESPENLAUB Verlag"},"image":{"@id":"https:\/\/espenlaub-shop.de\/#\/schema\/logo\/image\/"}}]}},"_links":{"self":[{"href":"https:\/\/espenlaub-shop.de\/index.php\/wp-json\/wp\/v2\/product\/839","targetHints":{"allow":["GET"]}}],"collection":[{"href":"https:\/\/espenlaub-shop.de\/index.php\/wp-json\/wp\/v2\/product"}],"about":[{"href":"https:\/\/espenlaub-shop.de\/index.php\/wp-json\/wp\/v2\/types\/product"}],"wp:featuredmedia":[{"embeddable":true,"href":"https:\/\/espenlaub-shop.de\/index.php\/wp-json\/wp\/v2\/media\/848"}],"wp:attachment":[{"href":"https:\/\/espenlaub-shop.de\/index.php\/wp-json\/wp\/v2\/media?parent=839"}],"wp:term":[{"taxonomy":"product_brand","embeddable":true,"href":"https:\/\/espenlaub-shop.de\/index.php\/wp-json\/wp\/v2\/product_brand?post=839"},{"taxonomy":"product_cat","embeddable":true,"href":"https:\/\/espenlaub-shop.de\/index.php\/wp-json\/wp\/v2\/product_cat?post=839"},{"taxonomy":"product_tag","embeddable":true,"href":"https:\/\/espenlaub-shop.de\/index.php\/wp-json\/wp\/v2\/product_tag?post=839"}],"curies":[{"name":"wp","href":"https:\/\/api.w.org\/{rel}","templated":true}]}}