{"id":861,"date":"2025-12-26T09:41:29","date_gmt":"2025-12-26T09:41:29","guid":{"rendered":"https:\/\/espenlaub-shop.de\/?post_type=product&#038;p=861"},"modified":"2025-12-28T11:17:07","modified_gmt":"2025-12-28T11:17:07","slug":"schwein-muetze-mit-wackel-ohren","status":"publish","type":"product","link":"https:\/\/espenlaub-shop.de\/index.php\/product\/schwein-muetze-mit-wackel-ohren\/","title":{"rendered":"Schwein-M\u00fctze mit Wackel-Ohren"},"content":{"rendered":"<p><strong>Witzige Schwein-M\u00fctze mit Wackel-Ohren.<\/strong><\/p>\n<p>Dr\u00fcckt man das Fu\u00dfende, dann wackeln die Ohren.<\/p>\n<p>Man kann links und rechts dr\u00fccken. Die Ohren wackeln einzeln.<\/p>\n<p>Uni-Gr\u00f6\u00dfe.<\/p>\n","protected":false},"excerpt":{"rendered":"<p><strong>Witzige K\u00fcken-Huhn-M\u00fctze.<\/strong><\/p>\n<p>Dr\u00fcckt man das Fu\u00dfende, dann wackeln die Ohren.<\/p>\n<p>Man kann links und rechts dr\u00fccken. Die Ohren wackeln einzeln.<\/p>\n<p>Uni-Gr\u00f6\u00dfe.<\/p>\n<p>&nbsp;<\/p>\n","protected":false},"featured_media":860,"template":"","meta":[],"product_brand":[],"product_cat":[22,246],"product_tag":[78,576,575,577,578,459,293,160,181],"class_list":{"0":"post-861","1":"product","2":"type-product","3":"status-publish","4":"has-post-thumbnail","6":"product_cat-fun-artikel","7":"product_cat-startseite","8":"product_tag-bewegung","9":"product_tag-hut","10":"product_tag-muetze","11":"product_tag-pork","12":"product_tag-porky","13":"product_tag-rosa","14":"product_tag-schwein","15":"product_tag-tier","16":"product_tag-witzig","18":"first","19":"instock","20":"purchasable","21":"product-type-simple"},"yoast_head":"<!-- This site is optimized with the Yoast SEO plugin v27.4 - https:\/\/yoast.com\/product\/yoast-seo-wordpress\/ -->\n<title>Schwein-M\u00fctze mit Wackel-Ohren - ESPENLAUB Verlag<\/title>\n<meta name=\"robots\" content=\"index, follow, max-snippet:-1, max-image-preview:large, max-video-preview:-1\" \/>\n<link rel=\"canonical\" href=\"https:\/\/espenlaub-shop.de\/index.php\/product\/schwein-muetze-mit-wackel-ohren\/\" \/>\n<meta property=\"og:locale\" content=\"de_DE\" \/>\n<meta property=\"og:type\" content=\"article\" \/>\n<meta property=\"og:title\" content=\"Schwein-M\u00fctze mit Wackel-Ohren - ESPENLAUB Verlag\" \/>\n<meta property=\"og:description\" content=\"Witzige K\u00fcken-Huhn-M\u00fctze.  Dr\u00fcckt man das Fu\u00dfende, dann wackeln die Ohren.  Man kann links und rechts dr\u00fccken. Die Ohren wackeln einzeln.  Uni-Gr\u00f6\u00dfe.  &nbsp;\" \/>\n<meta property=\"og:url\" content=\"https:\/\/espenlaub-shop.de\/index.php\/product\/schwein-muetze-mit-wackel-ohren\/\" \/>\n<meta property=\"og:site_name\" content=\"ESPENLAUB Verlag\" \/>\n<meta property=\"article:modified_time\" content=\"2025-12-28T11:17:07+00:00\" \/>\n<meta property=\"og:image\" content=\"https:\/\/espenlaub-shop.de\/wp-content\/uploads\/2025\/12\/Schwein-Muetze-scaled.jpg\" \/>\n\t<meta property=\"og:image:width\" content=\"2527\" \/>\n\t<meta property=\"og:image:height\" content=\"2560\" \/>\n\t<meta property=\"og:image:type\" content=\"image\/jpeg\" \/>\n<meta name=\"twitter:card\" content=\"summary_large_image\" \/>\n<meta name=\"twitter:label1\" content=\"Gesch\u00e4tzte Lesezeit\" \/>\n\t<meta name=\"twitter:data1\" content=\"1\u00a0Minute\" \/>\n<script type=\"application\/ld+json\" class=\"yoast-schema-graph\">{\"@context\":\"https:\\\/\\\/schema.org\",\"@graph\":[{\"@type\":\"WebPage\",\"@id\":\"https:\\\/\\\/espenlaub-shop.de\\\/index.php\\\/product\\\/schwein-muetze-mit-wackel-ohren\\\/\",\"url\":\"https:\\\/\\\/espenlaub-shop.de\\\/index.php\\\/product\\\/schwein-muetze-mit-wackel-ohren\\\/\",\"name\":\"Schwein-M\u00fctze mit Wackel-Ohren - ESPENLAUB Verlag\",\"isPartOf\":{\"@id\":\"https:\\\/\\\/espenlaub-shop.de\\\/#website\"},\"primaryImageOfPage\":{\"@id\":\"https:\\\/\\\/espenlaub-shop.de\\\/index.php\\\/product\\\/schwein-muetze-mit-wackel-ohren\\\/#primaryimage\"},\"image\":{\"@id\":\"https:\\\/\\\/espenlaub-shop.de\\\/index.php\\\/product\\\/schwein-muetze-mit-wackel-ohren\\\/#primaryimage\"},\"thumbnailUrl\":\"https:\\\/\\\/espenlaub-shop.de\\\/wp-content\\\/uploads\\\/2025\\\/12\\\/Schwein-Muetze-scaled.jpg\",\"datePublished\":\"2025-12-26T09:41:29+00:00\",\"dateModified\":\"2025-12-28T11:17:07+00:00\",\"breadcrumb\":{\"@id\":\"https:\\\/\\\/espenlaub-shop.de\\\/index.php\\\/product\\\/schwein-muetze-mit-wackel-ohren\\\/#breadcrumb\"},\"inLanguage\":\"de\",\"potentialAction\":[{\"@type\":\"ReadAction\",\"target\":[\"https:\\\/\\\/espenlaub-shop.de\\\/index.php\\\/product\\\/schwein-muetze-mit-wackel-ohren\\\/\"]}]},{\"@type\":\"ImageObject\",\"inLanguage\":\"de\",\"@id\":\"https:\\\/\\\/espenlaub-shop.de\\\/index.php\\\/product\\\/schwein-muetze-mit-wackel-ohren\\\/#primaryimage\",\"url\":\"https:\\\/\\\/espenlaub-shop.de\\\/wp-content\\\/uploads\\\/2025\\\/12\\\/Schwein-Muetze-scaled.jpg\",\"contentUrl\":\"https:\\\/\\\/espenlaub-shop.de\\\/wp-content\\\/uploads\\\/2025\\\/12\\\/Schwein-Muetze-scaled.jpg\",\"width\":2527,\"height\":2560},{\"@type\":\"BreadcrumbList\",\"@id\":\"https:\\\/\\\/espenlaub-shop.de\\\/index.php\\\/product\\\/schwein-muetze-mit-wackel-ohren\\\/#breadcrumb\",\"itemListElement\":[{\"@type\":\"ListItem\",\"position\":1,\"name\":\"Home\",\"item\":\"https:\\\/\\\/espenlaub-shop.de\\\/\"},{\"@type\":\"ListItem\",\"position\":2,\"name\":\"Shop\",\"item\":\"https:\\\/\\\/espenlaub-shop.de\\\/index.php\\\/shop\\\/\"},{\"@type\":\"ListItem\",\"position\":3,\"name\":\"Schwein-M\u00fctze mit Wackel-Ohren\"}]},{\"@type\":\"WebSite\",\"@id\":\"https:\\\/\\\/espenlaub-shop.de\\\/#website\",\"url\":\"https:\\\/\\\/espenlaub-shop.de\\\/\",\"name\":\"ESPENLAUB Verlag\",\"description\":\"\",\"publisher\":{\"@id\":\"https:\\\/\\\/espenlaub-shop.de\\\/#organization\"},\"potentialAction\":[{\"@type\":\"SearchAction\",\"target\":{\"@type\":\"EntryPoint\",\"urlTemplate\":\"https:\\\/\\\/espenlaub-shop.de\\\/?s={search_term_string}\"},\"query-input\":{\"@type\":\"PropertyValueSpecification\",\"valueRequired\":true,\"valueName\":\"search_term_string\"}}],\"inLanguage\":\"de\"},{\"@type\":\"Organization\",\"@id\":\"https:\\\/\\\/espenlaub-shop.de\\\/#organization\",\"name\":\"ESPENLAUB Verlag\",\"url\":\"https:\\\/\\\/espenlaub-shop.de\\\/\",\"logo\":{\"@type\":\"ImageObject\",\"inLanguage\":\"de\",\"@id\":\"https:\\\/\\\/espenlaub-shop.de\\\/#\\\/schema\\\/logo\\\/image\\\/\",\"url\":\"https:\\\/\\\/espenlaub-shop.de\\\/wp-content\\\/uploads\\\/2020\\\/07\\\/logo.png\",\"contentUrl\":\"https:\\\/\\\/espenlaub-shop.de\\\/wp-content\\\/uploads\\\/2020\\\/07\\\/logo.png\",\"width\":531,\"height\":80,\"caption\":\"ESPENLAUB Verlag\"},\"image\":{\"@id\":\"https:\\\/\\\/espenlaub-shop.de\\\/#\\\/schema\\\/logo\\\/image\\\/\"}}]}<\/script>\n<!-- \/ Yoast SEO plugin. -->","yoast_head_json":{"title":"Schwein-M\u00fctze mit Wackel-Ohren - ESPENLAUB Verlag","robots":{"index":"index","follow":"follow","max-snippet":"max-snippet:-1","max-image-preview":"max-image-preview:large","max-video-preview":"max-video-preview:-1"},"canonical":"https:\/\/espenlaub-shop.de\/index.php\/product\/schwein-muetze-mit-wackel-ohren\/","og_locale":"de_DE","og_type":"article","og_title":"Schwein-M\u00fctze mit Wackel-Ohren - ESPENLAUB Verlag","og_description":"Witzige K\u00fcken-Huhn-M\u00fctze.  Dr\u00fcckt man das Fu\u00dfende, dann wackeln die Ohren.  Man kann links und rechts dr\u00fccken. Die Ohren wackeln einzeln.  Uni-Gr\u00f6\u00dfe.  &nbsp;","og_url":"https:\/\/espenlaub-shop.de\/index.php\/product\/schwein-muetze-mit-wackel-ohren\/","og_site_name":"ESPENLAUB Verlag","article_modified_time":"2025-12-28T11:17:07+00:00","og_image":[{"width":2527,"height":2560,"url":"https:\/\/espenlaub-shop.de\/wp-content\/uploads\/2025\/12\/Schwein-Muetze-scaled.jpg","type":"image\/jpeg"}],"twitter_card":"summary_large_image","twitter_misc":{"Gesch\u00e4tzte Lesezeit":"1\u00a0Minute"},"schema":{"@context":"https:\/\/schema.org","@graph":[{"@type":"WebPage","@id":"https:\/\/espenlaub-shop.de\/index.php\/product\/schwein-muetze-mit-wackel-ohren\/","url":"https:\/\/espenlaub-shop.de\/index.php\/product\/schwein-muetze-mit-wackel-ohren\/","name":"Schwein-M\u00fctze mit Wackel-Ohren - ESPENLAUB Verlag","isPartOf":{"@id":"https:\/\/espenlaub-shop.de\/#website"},"primaryImageOfPage":{"@id":"https:\/\/espenlaub-shop.de\/index.php\/product\/schwein-muetze-mit-wackel-ohren\/#primaryimage"},"image":{"@id":"https:\/\/espenlaub-shop.de\/index.php\/product\/schwein-muetze-mit-wackel-ohren\/#primaryimage"},"thumbnailUrl":"https:\/\/espenlaub-shop.de\/wp-content\/uploads\/2025\/12\/Schwein-Muetze-scaled.jpg","datePublished":"2025-12-26T09:41:29+00:00","dateModified":"2025-12-28T11:17:07+00:00","breadcrumb":{"@id":"https:\/\/espenlaub-shop.de\/index.php\/product\/schwein-muetze-mit-wackel-ohren\/#breadcrumb"},"inLanguage":"de","potentialAction":[{"@type":"ReadAction","target":["https:\/\/espenlaub-shop.de\/index.php\/product\/schwein-muetze-mit-wackel-ohren\/"]}]},{"@type":"ImageObject","inLanguage":"de","@id":"https:\/\/espenlaub-shop.de\/index.php\/product\/schwein-muetze-mit-wackel-ohren\/#primaryimage","url":"https:\/\/espenlaub-shop.de\/wp-content\/uploads\/2025\/12\/Schwein-Muetze-scaled.jpg","contentUrl":"https:\/\/espenlaub-shop.de\/wp-content\/uploads\/2025\/12\/Schwein-Muetze-scaled.jpg","width":2527,"height":2560},{"@type":"BreadcrumbList","@id":"https:\/\/espenlaub-shop.de\/index.php\/product\/schwein-muetze-mit-wackel-ohren\/#breadcrumb","itemListElement":[{"@type":"ListItem","position":1,"name":"Home","item":"https:\/\/espenlaub-shop.de\/"},{"@type":"ListItem","position":2,"name":"Shop","item":"https:\/\/espenlaub-shop.de\/index.php\/shop\/"},{"@type":"ListItem","position":3,"name":"Schwein-M\u00fctze mit Wackel-Ohren"}]},{"@type":"WebSite","@id":"https:\/\/espenlaub-shop.de\/#website","url":"https:\/\/espenlaub-shop.de\/","name":"ESPENLAUB Verlag","description":"","publisher":{"@id":"https:\/\/espenlaub-shop.de\/#organization"},"potentialAction":[{"@type":"SearchAction","target":{"@type":"EntryPoint","urlTemplate":"https:\/\/espenlaub-shop.de\/?s={search_term_string}"},"query-input":{"@type":"PropertyValueSpecification","valueRequired":true,"valueName":"search_term_string"}}],"inLanguage":"de"},{"@type":"Organization","@id":"https:\/\/espenlaub-shop.de\/#organization","name":"ESPENLAUB Verlag","url":"https:\/\/espenlaub-shop.de\/","logo":{"@type":"ImageObject","inLanguage":"de","@id":"https:\/\/espenlaub-shop.de\/#\/schema\/logo\/image\/","url":"https:\/\/espenlaub-shop.de\/wp-content\/uploads\/2020\/07\/logo.png","contentUrl":"https:\/\/espenlaub-shop.de\/wp-content\/uploads\/2020\/07\/logo.png","width":531,"height":80,"caption":"ESPENLAUB Verlag"},"image":{"@id":"https:\/\/espenlaub-shop.de\/#\/schema\/logo\/image\/"}}]}},"_links":{"self":[{"href":"https:\/\/espenlaub-shop.de\/index.php\/wp-json\/wp\/v2\/product\/861","targetHints":{"allow":["GET"]}}],"collection":[{"href":"https:\/\/espenlaub-shop.de\/index.php\/wp-json\/wp\/v2\/product"}],"about":[{"href":"https:\/\/espenlaub-shop.de\/index.php\/wp-json\/wp\/v2\/types\/product"}],"wp:featuredmedia":[{"embeddable":true,"href":"https:\/\/espenlaub-shop.de\/index.php\/wp-json\/wp\/v2\/media\/860"}],"wp:attachment":[{"href":"https:\/\/espenlaub-shop.de\/index.php\/wp-json\/wp\/v2\/media?parent=861"}],"wp:term":[{"taxonomy":"product_brand","embeddable":true,"href":"https:\/\/espenlaub-shop.de\/index.php\/wp-json\/wp\/v2\/product_brand?post=861"},{"taxonomy":"product_cat","embeddable":true,"href":"https:\/\/espenlaub-shop.de\/index.php\/wp-json\/wp\/v2\/product_cat?post=861"},{"taxonomy":"product_tag","embeddable":true,"href":"https:\/\/espenlaub-shop.de\/index.php\/wp-json\/wp\/v2\/product_tag?post=861"}],"curies":[{"name":"wp","href":"https:\/\/api.w.org\/{rel}","templated":true}]}}